{"id":1365,"date":"2010-12-22T02:56:25","date_gmt":"2010-12-22T01:56:25","guid":{"rendered":"http:\/\/www.sf-bir.de\/?page_id=1365"},"modified":"2010-12-22T02:56:45","modified_gmt":"2010-12-22T01:56:45","slug":"geschichte","status":"publish","type":"page","link":"https:\/\/www.sf-bir.de\/?page_id=1365","title":{"rendered":"Geschichte"},"content":{"rendered":"<p style=\"text-align: justify;\"><img loading=\"lazy\" decoding=\"async\" class=\"alignleft size-full wp-image-214\" style=\"border: none;\" title=\"Geschichte\" src=\"http:\/\/www.sf-bir.de\/wp-content\/uploads\/geschichte.png\" alt=\"Geschichte\" width=\"100\" height=\"100\" \/>Der Verein wurde 1987 gegr\u00fcndet. Nach anf\u00e4nglichen Schwierigkeiten wurde der Verein im Birkenfelder Land durch vielf\u00e4ltige Aktivit\u00e4ten und \u00d6ffentlichkeitsarbeit immer bekannter und ist eine feste Gr\u00f6\u00dfe in der Birkenfelder Vereinslandschaft geworden.<\/p>\n<p style=\"text-align: justify;\">Anfangs nahmen die Schachfreunde Birkenfeld unter dem Pseudonym &#8222;<strong>Weisse Dame Bedesbach<\/strong>&#8220; am Spielbetrieb des Pf\u00e4lzischen Schachbundes teil. Das lag daran, dass Birkenfeld geografisch zum Sportbund Rheinland geh\u00f6rt.<br \/>\nAuf Antrag der Schachfreunde Birkenfeld einigten sich die Sportb\u00fcnde sowie die Schachverb\u00e4nde auf einen grenz\u00fcberschreitenden Spielbetrieb. Dadurch wurde es m\u00f6glich, dass die Schachfreunde Birkenfeld, obwohl Mitglied im Schachbezirk Rhein-Nahe des Schachbundes Rheinland, unter eigenem Namen am Spielbetrieb des Pf\u00e4lzischen Schachbundes im Bezirk VI teilnehmen konnte. Das Kapitel &#8222;Weisse Dame Bedesbach&#8220; war damit abgeschlossen.<\/p>\n","protected":false},"excerpt":{"rendered":"<p>Der Verein wurde 1987 gegr\u00fcndet. Nach anf\u00e4nglichen Schwierigkeiten wurde der Verein im Birkenfelder Land durch vielf\u00e4ltige Aktivit\u00e4ten und \u00d6ffentlichkeitsarbeit immer<\/p>\n","protected":false},"author":1,"featured_media":0,"parent":152,"menu_order":320,"comment_status":"open","ping_status":"open","template":"","meta":{"colormag_page_container_layout":"default_layout","colormag_page_sidebar_layout":"default_layout","ngg_post_thumbnail":0,"footnotes":""},"class_list":["post-1365","page","type-page","status-publish","hentry"],"_links":{"self":[{"href":"https:\/\/www.sf-bir.de\/index.php?rest_route=\/wp\/v2\/pages\/1365","targetHints":{"allow":["GET"]}}],"collection":[{"href":"https:\/\/www.sf-bir.de\/index.php?rest_route=\/wp\/v2\/pages"}],"about":[{"href":"https:\/\/www.sf-bir.de\/index.php?rest_route=\/wp\/v2\/types\/page"}],"author":[{"embeddable":true,"href":"https:\/\/www.sf-bir.de\/index.php?rest_route=\/wp\/v2\/users\/1"}],"replies":[{"embeddable":true,"href":"https:\/\/www.sf-bir.de\/index.php?rest_route=%2Fwp%2Fv2%2Fcomments&post=1365"}],"version-history":[{"count":2,"href":"https:\/\/www.sf-bir.de\/index.php?rest_route=\/wp\/v2\/pages\/1365\/revisions"}],"predecessor-version":[{"id":1367,"href":"https:\/\/www.sf-bir.de\/index.php?rest_route=\/wp\/v2\/pages\/1365\/revisions\/1367"}],"up":[{"embeddable":true,"href":"https:\/\/www.sf-bir.de\/index.php?rest_route=\/wp\/v2\/pages\/152"}],"wp:attachment":[{"href":"https:\/\/www.sf-bir.de\/index.php?rest_route=%2Fwp%2Fv2%2Fmedia&parent=1365"}],"curies":[{"name":"wp","href":"https:\/\/api.w.org\/{rel}","templated":true}]}}