{"id":10209,"date":"2025-09-03T21:00:54","date_gmt":"2025-09-03T20:00:54","guid":{"rendered":"https:\/\/www.sf-bir.de\/?page_id=10209"},"modified":"2025-09-03T21:06:57","modified_gmt":"2025-09-03T20:06:57","slug":"saison-2025-2026","status":"publish","type":"page","link":"https:\/\/www.sf-bir.de\/?page_id=10209","title":{"rendered":"Saison 2025-2026"},"content":{"rendered":"<h2>Spielplan<\/h2>\n<p><a href=\"http:\/\/www.sf-bir.de\/wp-content\/uploads\/Spielplan-2025-2026.png\"><img loading=\"lazy\" decoding=\"async\" class=\"aligncenter size-large wp-image-10207\" src=\"http:\/\/www.sf-bir.de\/wp-content\/uploads\/Spielplan-2025-2026-1024x614.png\" alt=\"\" width=\"800\" height=\"480\" srcset=\"https:\/\/www.sf-bir.de\/wp-content\/uploads\/Spielplan-2025-2026-1024x614.png 1024w, https:\/\/www.sf-bir.de\/wp-content\/uploads\/Spielplan-2025-2026-300x180.png 300w, https:\/\/www.sf-bir.de\/wp-content\/uploads\/Spielplan-2025-2026-768x461.png 768w, https:\/\/www.sf-bir.de\/wp-content\/uploads\/Spielplan-2025-2026.png 1494w\" sizes=\"auto, (max-width: 800px) 100vw, 800px\" \/><\/a><\/p>\n<p>Der Spielplan als <a href=\"http:\/\/www.sf-bir.de\/wp-content\/uploads\/Spielplan-2025-2026.pdf\">pdf-Datei<\/a> (mit kleinen kompakten Spielpl\u00e4nen der einzelnen Mannschaften zum ausdrucken f\u00fcr den Geldbeutel o. \u00e4.).<\/p>\n<h2>Ergebnisdienste<\/h2>\n<p>&nbsp;<\/p>\n<ol>\n<li style=\"list-style-type: none;\">\n<ol>\n<li><u>Ligabetrieb<\/u>\n<ul style=\"list-style-type: square;\">\n<li><a title=\"Ergebnisdienst des Schachbundes Rheinland-Pfalz\" href=\"http:\/\/sbrp-ergebnisdienst.de\/\" target=\"_blank\" rel=\"noopener\">1. bis 10. Mannschaft (PSB &#8211; Bezirk VI)<\/a><\/li>\n<li><a title=\"Frauen Regionalliga S\u00fcd West\" href=\"https:\/\/ergebnisdienst.schachbund.de\/bedh.php?liga=frsw\" target=\"_blank&quot;\" rel=\"noopener\">Frauen Regionalliga S\u00fcd West<\/a><\/li>\n<\/ul>\n<\/li>\n<li><u>Meisterschaften<\/u>\n<ul>\n<li><a href=\"https:\/\/schachkongress2025.de\/\" target=\"_blank\" rel=\"noopener\">92. Pf\u00e4lzischer Schachkongress<\/a> (Vor-) Ostern 2025 in Ramstein-Miesenbach<\/li>\n<li><a href=\"https:\/\/chess-results.com\/tnr1138330.aspx?lan=0&amp;art=1&amp;fed=GER&amp;turdet=YES\" target=\"_blank\" rel=\"noopener\">Ergebnisse des Schachkongresses<\/a> bei chess-results.com<\/li>\n<\/ul>\n<\/li>\n<\/ol>\n<\/li>\n<\/ol>\n","protected":false},"excerpt":{"rendered":"<p>Spielplan Der Spielplan als pdf-Datei (mit kleinen kompakten Spielpl\u00e4nen der einzelnen Mannschaften zum ausdrucken f\u00fcr den Geldbeutel o. \u00e4.). Ergebnisdienste<\/p>\n","protected":false},"author":1,"featured_media":0,"parent":126,"menu_order":136,"comment_status":"closed","ping_status":"closed","template":"","meta":{"colormag_page_container_layout":"default_layout","colormag_page_sidebar_layout":"default_layout","ngg_post_thumbnail":0,"footnotes":""},"class_list":["post-10209","page","type-page","status-publish","hentry"],"_links":{"self":[{"href":"https:\/\/www.sf-bir.de\/index.php?rest_route=\/wp\/v2\/pages\/10209","targetHints":{"allow":["GET"]}}],"collection":[{"href":"https:\/\/www.sf-bir.de\/index.php?rest_route=\/wp\/v2\/pages"}],"about":[{"href":"https:\/\/www.sf-bir.de\/index.php?rest_route=\/wp\/v2\/types\/page"}],"author":[{"embeddable":true,"href":"https:\/\/www.sf-bir.de\/index.php?rest_route=\/wp\/v2\/users\/1"}],"replies":[{"embeddable":true,"href":"https:\/\/www.sf-bir.de\/index.php?rest_route=%2Fwp%2Fv2%2Fcomments&post=10209"}],"version-history":[{"count":2,"href":"https:\/\/www.sf-bir.de\/index.php?rest_route=\/wp\/v2\/pages\/10209\/revisions"}],"predecessor-version":[{"id":10212,"href":"https:\/\/www.sf-bir.de\/index.php?rest_route=\/wp\/v2\/pages\/10209\/revisions\/10212"}],"up":[{"embeddable":true,"href":"https:\/\/www.sf-bir.de\/index.php?rest_route=\/wp\/v2\/pages\/126"}],"wp:attachment":[{"href":"https:\/\/www.sf-bir.de\/index.php?rest_route=%2Fwp%2Fv2%2Fmedia&parent=10209"}],"curies":[{"name":"wp","href":"https:\/\/api.w.org\/{rel}","templated":true}]}}