{"id":5877,"date":"2016-11-26T09:53:06","date_gmt":"2016-11-26T08:53:06","guid":{"rendered":"http:\/\/www.sf-bir.de\/?page_id=5877"},"modified":"2017-01-02T22:38:10","modified_gmt":"2017-01-02T21:38:10","slug":"vm-2017","status":"publish","type":"page","link":"http:\/\/www.sf-bir.de\/?page_id=5877","title":{"rendered":"VM 2017"},"content":{"rendered":"<h2 style=\"text-align: justify;\">Ausschreibung<\/h2>\n<h3>Auslosungen:<\/h3>\n<p>Aktuelle Auslosungen und Ergebnisse finden sich hier:<\/p>\n<p style=\"text-align: center; font-size: 2em;\"><a href=\"http:\/\/www.sf-bir.de\/_joomla\/index.php\/component\/clm\/?view=turnier_tabelle&amp;turnier=28&amp;Itemid=101\" target=\"_blank\">Vereinsmeisterschaft 2017<\/a><\/p>\n<h3 style=\"text-align: justify;\">Modus:<\/h3>\n<p style=\"text-align: justify;\">Schweizer System, zwei Stunden f\u00fcr 40 Z\u00fcge, 30 Minuten f\u00fcr den Rest der Partie, DWZ-Auswertung, bei Punktgleichheit erst Buchholz und dann Buchholzsummen-Wertung als Feinwertungen.<\/p>\n<p style=\"text-align: justify;\">Die 1. Runde beginnt am 1. Januar 2017 &#8211; Startgeld: 5,- \u20ac (100 % Aussch\u00fcttung)<\/p>\n<p style=\"text-align: center;\"><strong>\u2014 Wichtig \u2014<\/strong> Am letzten Spieltag beginnt die Partie sp\u00e4testens um 19:00 Uhr. Spielverlust nach Ablauf von 30 Minuten Karenzzeit bei Nichtantreten! <strong>\u2014 Wichtig \u2014<\/strong><\/p>\n<p style=\"text-align: justify;\">Die Ergebnisse bitte selbst in die Liste im Schachzimmer eintragen oder Bescheid geben (eMail, Telefon, SMS oder pers\u00f6nlich) bei Peter oder Ernst Michael. Es wird nicht nachgespielt, die Auslosung der neuen Runde findet immer direkt nach der letzten laufenden Partie statt!<br \/>\nDieses Jahr werden zus\u00e4tzlich zum Vereinsmeister auch die Frauenmeisterin, der Seniorenmeister und der Jugendmeister mit einer Urkunde ausgezeichnet.<\/p>\n<h3 style=\"text-align: justify;\">Ausnahme:<\/h3>\n<p style=\"text-align: justify;\">Der 1. Platz wird bei Punktgleichheit durch einen Stichkampf \u2013 Schnellschach mit 20 Minuten Bedenkzeit \u2013 entschieden, wobei der buchholzbessere Spieler die Farbwahl hat. Der Stichkampf beginnt um 17 Uhr am letzten Spieltag! Endet die Partie ohne Sieger, gibt es eine zweite Partie mit vertauschten Farben. Bringt auch diese keinen Sieger, werden Blitzpartien (mit je f\u00fcnf Minuten Bedenkzeit) mit wechselnden Farben bis zur Entscheidung gespielt. Der Vereinsmeister wird auf jeden Fall am 31. Oktober 2017 ermittelt. Bei Nichtantritt wird der N\u00e4chstplatzierte zum Vereinsmeister ernannt.<br \/>\nSind nach der letzten Runde mehr als zwei Spieler punktgleich entscheidet die Turnierleitung \u00fcber den Modus des Stichkampfes.<\/p>\n<h3 style=\"text-align: justify;\">Termine:<\/h3>\n<p style=\"text-align: justify;\">Der Terminplan sieht bisher folgenderma\u00dfen aus:<br \/>\n1. Runde: <strong>27. Januar 2017<\/strong><br \/>\n2. Runde: 24. Februar 2017<br \/>\n3. Runde: 31. M\u00e4rz 2017<br \/>\n4. Runde: 26. Mai 2017<br \/>\n5. Runde: 30. Juni 2017<br \/>\n6. Runde: 28. Juli 2017<br \/>\n7. Runde: 25. August 2017<br \/>\n8. Runde: 29. September 2017<br \/>\n9. Runde: 31. Oktober 2017 im Gemeinschaftshaus \u201cAlte Schule\u201d<\/p>\n<p style=\"text-align: justify;\">Die letzte Runde findet traditionell als gemeinsame Abschlussrunde (soweit es den Spielern m\u00f6glich ist) in der Alten Schule in Birkenfeld statt. Die aktuellen Auslosungen &amp; Ergebnisse finden sich auch auf unserer neueren Seite\/Darstellung:<\/p>\n<p style=\"text-align: center; font-size: 2em;\"><a href=\"http:\/\/www.sf-bir.de\/_joomla\/index.php\/component\/clm\/?view=turnier_tabelle&amp;turnier=28&amp;Itemid=101\" target=\"_blank\">Vereinsmeisterschaft 2017<\/a><\/p>\n","protected":false},"excerpt":{"rendered":"<p>Ausschreibung Auslosungen: Aktuelle Auslosungen und Ergebnisse finden sich hier: Vereinsmeisterschaft 2017 Modus: Schweizer System, zwei Stunden f\u00fcr 40 Z\u00fcge, 30<\/p>\n","protected":false},"author":1,"featured_media":0,"parent":150,"menu_order":221,"comment_status":"closed","ping_status":"closed","template":"","meta":{"colormag_page_container_layout":"default_layout","colormag_page_sidebar_layout":"default_layout","ngg_post_thumbnail":0,"footnotes":""},"class_list":["post-5877","page","type-page","status-publish","hentry"],"_links":{"self":[{"href":"http:\/\/www.sf-bir.de\/index.php?rest_route=\/wp\/v2\/pages\/5877","targetHints":{"allow":["GET"]}}],"collection":[{"href":"http:\/\/www.sf-bir.de\/index.php?rest_route=\/wp\/v2\/pages"}],"about":[{"href":"http:\/\/www.sf-bir.de\/index.php?rest_route=\/wp\/v2\/types\/page"}],"author":[{"embeddable":true,"href":"http:\/\/www.sf-bir.de\/index.php?rest_route=\/wp\/v2\/users\/1"}],"replies":[{"embeddable":true,"href":"http:\/\/www.sf-bir.de\/index.php?rest_route=%2Fwp%2Fv2%2Fcomments&post=5877"}],"version-history":[{"count":3,"href":"http:\/\/www.sf-bir.de\/index.php?rest_route=\/wp\/v2\/pages\/5877\/revisions"}],"predecessor-version":[{"id":5997,"href":"http:\/\/www.sf-bir.de\/index.php?rest_route=\/wp\/v2\/pages\/5877\/revisions\/5997"}],"up":[{"embeddable":true,"href":"http:\/\/www.sf-bir.de\/index.php?rest_route=\/wp\/v2\/pages\/150"}],"wp:attachment":[{"href":"http:\/\/www.sf-bir.de\/index.php?rest_route=%2Fwp%2Fv2%2Fmedia&parent=5877"}],"curies":[{"name":"wp","href":"https:\/\/api.w.org\/{rel}","templated":true}]}}