{"id":5467,"date":"2016-05-28T00:51:26","date_gmt":"2016-05-27T23:51:26","guid":{"rendered":"http:\/\/www.sf-bir.de\/?page_id=5467"},"modified":"2016-07-15T20:21:08","modified_gmt":"2016-07-15T19:21:08","slug":"saison-20152016","status":"publish","type":"page","link":"http:\/\/www.sf-bir.de\/?page_id=5467","title":{"rendered":"Saison 2015\/2016"},"content":{"rendered":"<table style=\"height: 185px;\" width=\"516\">\n<tbody>\n<tr>\n<td><span style=\"text-decoration: underline;\"><a title=\"Gehe zu: Ergebnisse 2015\/2016\" href=\"#ergebnisse\"><span style=\"font-size: 12pt;\">Ergebnisse 2015\/2016<\/span><\/a><\/span><\/td>\n<td><span style=\"text-decoration: underline;\"><a title=\"Gehe zu: 1. Mannschaft\" href=\"#erste\"><span style=\"font-size: 12pt;\">1. Mannschaft<\/span><\/a><\/span><\/td>\n<\/tr>\n<tr>\n<td><span style=\"text-decoration: underline;\"><a title=\"Gehe zu: Regeln und Ordnungen\" href=\"#regeln\"><span style=\"font-size: 12pt;\">Regeln und Ordnungen<\/span><\/a><\/span><\/td>\n<td><span style=\"text-decoration: underline;\"><a title=\"Gehe zu: 2. Mannschaft\" href=\"#zweite\"><span style=\"font-size: 12pt;\">2. Mannschaft<\/span><\/a><\/span><\/td>\n<\/tr>\n<tr>\n<td><span style=\"text-decoration: underline;\"><a title=\"Gehe zu: Fazit 2014\/2015\" href=\"#fazit\"><span style=\"font-size: 12pt;\">Fazit 2014\/2015<\/span><\/a><\/span><\/td>\n<td><span style=\"text-decoration: underline;\"><a title=\"Gehe zu: 3. Mannschaft\" href=\"#dritte\"><span style=\"font-size: 12pt;\">3. Mannschaft<\/span><\/a><\/span><\/td>\n<\/tr>\n<tr>\n<td><span style=\"text-decoration: underline;\"><a title=\"Gehe zu: Ausblick 2015\/2016\" href=\"#ausblick\"><span style=\"font-size: 12pt;\">Ausblick 2015\/2016<\/span><\/a><\/span><\/td>\n<td><span style=\"text-decoration: underline;\"><a title=\"Gehe zu: 4. Mannschaft\" href=\"#vierte\"><span style=\"font-size: 12pt;\">4. Mannschaft<\/span><\/a><\/span><\/td>\n<\/tr>\n<tr>\n<td><span style=\"text-decoration: underline;\"><a title=\"Gehe zu: Spielpl\u00e4ne\" href=\"#spielplaene\"><span style=\"font-size: 12pt;\">Spielpl\u00e4ne (alle Mannschaften)<\/span><\/a><\/span><\/td>\n<td><span style=\"text-decoration: underline;\"><a title=\"Gehe zu: 5. Mannschaft\" href=\"#fuenfte\"><span style=\"font-size: 12pt;\">5. Mannschaft<\/span><\/a><\/span><\/td>\n<\/tr>\n<tr>\n<td><span style=\"text-decoration: underline;\"><a title=\"Gehe zu: Links f\u00fcr alle Mannschaften\" href=\"#links\"><span style=\"font-size: 12pt;\">Mannschafts\u00fcbergreifende Links<\/span><\/a><\/span><\/td>\n<td><span style=\"text-decoration: underline;\"><a title=\"Gehe zu: Frauen-Mannschaft\" href=\"#frauen\"><span style=\"font-size: 12pt;\">Frauen-Mannschaft<\/span><\/a><\/span><\/td>\n<\/tr>\n<\/tbody>\n<\/table>\n<p>&nbsp;<\/p>\n<h1><a id=\"ergebnisse\"><\/a>Ergebnisse 2015\/2016<\/h1>\n<ul>\n<li><a title=\"Ergebnisdienst des Schachbundes Rheinland-Pfalz\" href=\"https:\/\/ssl-account.com\/sbrp-ergebnisdienst.de\/index.php?saison=15&amp;totyp=0\" target=\"_blank\">1.-5. Mannschaft (PSB)<\/a><\/li>\n<li><a title=\"Frauen-Regionalliga 2015\/2016\" href=\"http:\/\/www.nsv-online.de\/ligen\/frl-1516\/?staffel=930&amp;r=\" target=\"_blank\">Frauen-Regionalliga West<\/a><\/li>\n<li><a title=\"Ergebnisse der Vereinsmeisterschaft 2015\" href=\"http:\/\/www.sf-bir.de\/_joomla\/index.php\/component\/clm\/?view=turnier_tabelle&amp;turnier=1&amp;Itemid=101\" target=\"_blank\">Vereinsmeisterschaft 2015<\/a><\/li>\n<li><a title=\"Ergebnisse der Vereinsmeisterschaft 2016\" href=\"http:\/\/www.sf-bir.de\/_joomla\/index.php\/component\/clm\/?view=turnier_tabelle&amp;turnier=22&amp;Itemid=101\" target=\"_blank\">Vereinsmeisterschaft 2016<\/a><\/li>\n<li><a title=\"85. Pf\u00e4lzischer Schachkongress 2016 in Ramstein-Miesenbach\" href=\"http:\/\/schachkongress2016.de\/\" target=\"_blank\">Schachkongress 2016<\/a><\/li>\n<li><a title=\"U12 Meisterschaft Rheinland-Pfalz - 4. bis 6. M\u00e4rz 2016\" href=\"http:\/\/www.schachjugend-rheinland-pfalz.de\/index.php\/component\/clm\/?view=turnier_tabelle&amp;turnier=10&amp;Itemid=160\" target=\"_blank\">U12 RLP-Meisterschaft<\/a><\/li>\n<li><a title=\"Schulschach Landesentscheid U13 - HWG mit Birkenfelder Spielern\" href=\"http:\/\/lw-schulschach.bildung-rp.de\/ergebnisse\/wettkampfgruppe-4.html\" target=\"_blank\">Landesentscheid Schulschach<\/a><\/li>\n<li><a title=\"Schulschach Landesentscheid - Grundschule Idarbachtal mit Birkenfelder Spielern\" href=\"http:\/\/lw-schulschach.bildung-rp.de\/ergebnisse\/wettkampfgruppe-grundschulen.html\" target=\"_blank\">&#8212; Grundschulen<\/a><\/li>\n<li><a title=\"Frauen-Einzelmeisterschaften Rheinland-Pfalz und Saarland\" href=\"http:\/\/www.sf-bir.de\/_joomla\/index.php\/component\/clm\/?view=turnier_tabelle&amp;turnier=23&amp;Itemid=101\" target=\"_blank\">Frauen EM RP\/Saar<\/a><\/li>\n<li><a title=\"Deutsche Jugendeinzelmeisterschaften in Willingen\" href=\"http:\/\/www.deutsche-schachjugend.de\/2016\/dem\/\" target=\"_blank\">Deutsche JEM<\/a><\/li>\n<li><a title=\"U12 weiblich (mit Katharina Bohrer als Rheinland-Pfalz-Meisterin)\" href=\"http:\/\/www.deutsche-schachjugend.de\/2016\/dem-u12w\/\" target=\"_blank\">&#8212; U12w (Katharina)<\/a><\/li>\n<li><a title=\"Katharinas Partien und Profilseite\" href=\"http:\/\/www.deutsche-schachjugend.de\/2016\/dem-u12w\/spieler\/14\/\" target=\"_blank\">&#8212;- Katharina Bohrer<\/a><\/li>\n<li><a title=\"Deutsche Frauen Mannschaftsmeisterschaft der LV 2016\" href=\"http:\/\/www.schachbund.de\/dfmmlv2016.html\" target=\"_blank\">Deutsche Frauen-Mann\u00adschafts\u00admeister\u00adschaft der LV (Sabine)<\/a><\/li>\n<\/ul>\n<p>&nbsp;<\/p>\n<h1><a id=\"regeln\"><\/a>Regeln &amp; Ordnungen<\/h1>\n<p style=\"text-align: justify;\">Anbei Links zu den aktuellen Regelungen (Verweise auf \u00dcbersichtsseiten des PSB und des DSB):<\/p>\n<ul style=\"list-style-type: square;\">\n<li><a title=\"\u00dcbersichtseite zur Turnierordnung des PSB\" href=\"http:\/\/www.pfaelzischer-schachbund.de\/psb\/psb-service\/ordnungen-protokolle-formulare.html\" target=\"_blank\">Turnierordnung des Pf\u00e4lzischen Schachbunds<\/a> (und weitere Regelungen, Satzungen, Protokolle und Ordnungen)<\/li>\n<li><a title=\"DSB Seite mit Ordungen und FIDE-Regeln (deutsch und englisch)\" href=\"http:\/\/www.schachbund.de\/satzung-ordnungen.html\" target=\"_blank\">FIDE-Regeln<\/a> (Satzungen und Ordnungen des Deutschen Schachbunds)<\/li>\n<li><a title=\"\u00dcbersichtsseite des PSB mit den Saisonheften\" href=\"http:\/\/www.pfaelzischer-schachbund.de\/psb\/spielbetrieb\/fide-regeln-saisonhefte-teamanmeldung.html\" target=\"_blank\">Saisonheft f\u00fcr die Bezirksliga West<\/a> im PSB (1. Mannschaft)<\/li>\n<\/ul>\n<p>&nbsp;<\/p>\n<h1><a id=\"fazit\"><\/a>Fazit 2014 \/ 2015<\/h1>\n<p style=\"text-align: justify;\">Die 1. Mannschaft schloss zum zweiten Mal in Folge die Bezirksliga West auf dem 3. Platz ab! Nach dem zweiten Platz im Vorjahr zeigte die zweite Mannschaft eine durchwachsene Saison und beendete die Spielzeit auf dem 7. Platz in der Bezirksklasse. \u00c4hnlich erging es der dritten Mannschaft, die die Saison gefahrlos im Mittelfeld der Kreisliga auf Platz 6 abschlie\u00dfen konnte.<\/p>\n<p style=\"text-align: justify;\">Eine gute Saison gelang der vierten Mannschaft mit einem Teil unseres Schachnachwuchses. Die Mischung aus erfahrenen Spielern und Jugendlichen belegten in der Kreisklasse A den dritten Platz. Schwierig gestaltete sich die Saison f\u00fcr die Nachwuchsmannschaft. In der Kreisklasse B beendeten sie die Saison auf dem vorletzten Platz.<\/p>\n<p style=\"text-align: justify;\">Weitere Infos zur abgelaufenen Saison finden sich unterm Men\u00fcpunkt &#8222;Liga&#8220; &#8211; &#8222;Saison 2014\/2015&#8220;.<\/p>\n<p>&nbsp;<\/p>\n<h1><a id=\"ausblick\"><\/a>Ausblick 2015 \/ 2016<\/h1>\n<p style=\"text-align: justify;\">Die Aufstellungen und Ligeneinteilung f\u00fcr die neue Saison werden wie immer im Sommer hier ver\u00f6ffentlicht. Die Mannschaftsaufstellungen wohl nach der letzten Besprechung auf dem Schachpicknick Ende Juni in Birkenfeld. Sind jetzt also aktuell.<\/p>\n<p style=\"text-align: justify;\">Die 1. Mannschaft wird in der Bezirksliga West des pf\u00e4lzischen Schachbundes auf Punktejagd gehen. Die 2. Mannschaft in der Bezirksklasse, die 3. Mannschaft in der Kreisliga, die 4. Mannschaft in der Kreisklasse A und die 5. Mannschaft ebenfalls in der Kreisklasse A!<\/p>\n<p>&nbsp;<\/p>\n<h2><a id=\"spielplaene\"><\/a>Spielpl\u00e4ne f\u00fcr alle Mannschaften<\/h2>\n<p><strong>Spielpl\u00e4ne f\u00fcr alle Mannschaften zum Runterladen &amp; Ausdrucken: <big><a title=\"Spielpl\u00e4ne zum Ausdrucken (pdf-Datei).\" href=\"http:\/\/www.sf-bir.de\/wp-content\/uploads\/Spielplan-2015-2016-inkl-Frauen.pdf\" target=\"_blank\">Spielpl\u00e4ne 2015 \/ 2016 (pdf)<\/a><\/big><\/strong>.<\/p>\n<p>Zur schnellen Orientierung hier auch noch als Bild &#8211; zum Ausdrucken eignet sich die erste Seite der verlinkten PDF-Datei allerdings besser!<\/p>\n<p><a href=\"http:\/\/www.sf-bir.de\/wp-content\/uploads\/Spielplan-2015-2016-inkl-Frauen.png\"><img loading=\"lazy\" decoding=\"async\" class=\"aligncenter wp-image-4932\" src=\"http:\/\/www.sf-bir.de\/wp-content\/uploads\/Spielplan-2015-2016-inkl-Frauen.png\" alt=\"Spielplan 2015-2016\" width=\"480\" height=\"406\" srcset=\"http:\/\/www.sf-bir.de\/wp-content\/uploads\/Spielplan-2015-2016-inkl-Frauen.png 848w, http:\/\/www.sf-bir.de\/wp-content\/uploads\/Spielplan-2015-2016-inkl-Frauen-300x254.png 300w\" sizes=\"auto, (max-width: 480px) 100vw, 480px\" \/><\/a><\/p>\n<p style=\"text-align: justify;\">Die oben verlinkte PDF-Datei enth\u00e4lt einen gro\u00dfen Plan (siehe Bild) mit der \u00dcbersicht f\u00fcr die Birkenfelder Mannschaften aller Wochenenden vom (spielfreien) Saisonbeginn der dritten Mannschaft in der Kreisliga, bis zum Saisonende der vierten und f\u00fcnften Mannschaft in der Kreisklasse A. Ebenso einen kompakten Plan aller Mannschaften, nur mit den Spieldaten, sowie jeweils einen einzelnen kompakten Plan pro Mannschaft. Insgesamt also sieben Seiten.<\/p>\n<p>&nbsp;<\/p>\n<h2><a id=\"erste\"><\/a>Erste Mannschaft &#8211; Bezirksliga West<\/h2>\n<h3>Ergebnisse &amp; Tabelle<\/h3>\n<ul>\n<li><a title=\"Tabelle Bezirksliga West\" href=\"https:\/\/ssl-account.com\/sbrp-ergebnisdienst.de\/?p1=0:pa:KK8B1-15-1\" target=\"_blank\">Tabelle Bezirksliga West 2015 \/ 2016<\/a><\/li>\n<\/ul>\n<h3>Aufstellung \/ Brettreihenfolge<\/h3>\n<ol>\n<li>Aleksej Gubin<\/li>\n<li>Mario Ziegler<\/li>\n<li>Uwe Kendzior<\/li>\n<li>Dominik Freimuth<\/li>\n<li>Ernst-Michael Porcher (MF)<\/li>\n<li>Peter Lozar<\/li>\n<li>Olaf Renneberg<\/li>\n<li>Dirk M\u00fcller<\/li>\n<li>Daniel Kovacs<\/li>\n<li>Boris Gubin<\/li>\n<\/ol>\n<p>&nbsp;<\/p>\n<h2><a id=\"zweite\"><\/a>Zweite Mannschaft &#8211; Bezirksklasse<\/h2>\n<h3>Ergebnisse &amp; Tabelle<\/h3>\n<ul>\n<li><a title=\"Tabelle Bezirksklasse - Bezirk VI des PSB\" href=\"https:\/\/ssl-account.com\/sbrp-ergebnisdienst.de\/index.php?p1=0:pa:KK8C6-15-1\" target=\"_blank\">Tabelle Bezirksklasse 2015 \/ 2016<\/a> &#8211; Bezirk VI<\/li>\n<\/ul>\n<h3>Aufstellung \/ Brettreihenfolge<\/h3>\n<ol>\n<li>Marcus Wiesen<\/li>\n<li>Christian Sch\u00e4fer<\/li>\n<li>Michael Hippenstiel<\/li>\n<li>Berthold Bohn<\/li>\n<li>Walter Schulthei\u00df<\/li>\n<li>Sabine Ziegler<\/li>\n<li>Verena Jacobs (MF)<\/li>\n<li>Albert Budewitz<\/li>\n<li>Gerhard H\u00e4nsel<\/li>\n<li>Aidan Philippi (nachgemeldet)<\/li>\n<\/ol>\n<p>&nbsp;<\/p>\n<h2><a id=\"dritte\"><\/a>Dritte Mannschaft &#8211; Kreisliga<\/h2>\n<h3>Ergebnisse &amp; Tabelle<\/h3>\n<ul>\n<li><a title=\"Tabelle Kreisliga - Bezirk VI des PSB\" href=\"https:\/\/ssl-account.com\/sbrp-ergebnisdienst.de\/index.php?p1=0:pa:KK8C7-15-1\" target=\"_blank\">Tabelle Kreisliga 2015 \/ 2016<\/a> &#8211; Bezirk VI<\/li>\n<\/ul>\n<h3>Aufstellung \/ Brettreihenfolge<\/h3>\n<ol>\n<li>Mario Jacobs<\/li>\n<li>Niklas Leyendecker<\/li>\n<li>Daniel Jacobs (MF)<\/li>\n<li>Philipp N\u00e4her<\/li>\n<li>J\u00fcrgen Gei\u00df<\/li>\n<li>Michael Porcher<\/li>\n<li>Katharina Bohrer<\/li>\n<li>Emil Bleisinger<\/li>\n<li>Joachim Stephan<\/li>\n<li>Tobias Schwabe<\/li>\n<li>Anton Heckel<\/li>\n<\/ol>\n<p>&nbsp;<\/p>\n<h2><a id=\"vierte\"><\/a>Vierte Mannschaft &#8211; Kreisklasse A<\/h2>\n<h3>Ergebnisse &amp; Tabelle<\/h3>\n<ul>\n<li><a title=\"Tabelle Kreisklasse A - Bezirk VI des PSB\" href=\"https:\/\/ssl-account.com\/sbrp-ergebnisdienst.de\/index.php?p1=0:pa:KK8C8-15-1\" target=\"_blank\">Tabelle Kreisklasse A 2015 \/ 2016<\/a> &#8211; Bezirk VI<\/li>\n<\/ul>\n<h3>Aufstellung \/ Brettreihenfolge<\/h3>\n<ol>\n<li>Lothar Scheer<\/li>\n<li>Daniel Schmitt<\/li>\n<li>Kurt Geibel (MF)<\/li>\n<li>Marius Lang<\/li>\n<li>Fabian Schweizer<\/li>\n<li>Tim Baatz<\/li>\n<\/ol>\n<p>&nbsp;<\/p>\n<h2><a id=\"fuenfte\"><\/a>F\u00fcnfte Mannschaft &#8211; Kreisklasse B<\/h2>\n<h3>Ergebnisse &amp; Tabelle<\/h3>\n<ul>\n<li><a title=\"Tabelle Kreisklasse B - Bezirk VI des PSB\" href=\"https:\/\/ssl-account.com\/sbrp-ergebnisdienst.de\/index.php?p1=0:pa:KK8C8-15-1\" target=\"_blank\">Tabelle Kreisklasse A 2015 \/ 2016<\/a> &#8211; Bezirk VI<\/li>\n<\/ul>\n<h3>Aufstellung \/ Brettreihenfolge<\/h3>\n<ol>\n<li>Max Krieger<\/li>\n<li>Michael Lehmann<\/li>\n<li>Ryan Hanson<\/li>\n<li>Nathan Geibel<\/li>\n<li>Johannes Fink<\/li>\n<li>Marvin Herbold<\/li>\n<li>Michael Koch<\/li>\n<li>Nelson Djifroudi<\/li>\n<li>Lukas Paetz<\/li>\n<\/ol>\n<p>Mannschaftsf\u00fchrer der 5. Mannschaft ist Ernst-Michael Porcher.<\/p>\n<h2><a id=\"frauen\"><\/a>Frauen-Mannschaft &#8211; Regionalliga West<\/h2>\n<h3>Ergebnisse &amp; Tabelle<\/h3>\n<ul>\n<li><a title=\"Tabelle Regionalliga West\" href=\"http:\/\/www.nsv-online.de\/ligen\/frl-1516\/?staffel=930&amp;r=\" target=\"_blank\">Regionalliga West 2015 \/ 2016<\/a><\/li>\n<\/ul>\n<h3>Aufstellung \/ Brettreihenfolge<\/h3>\n<ol>\n<li>Julia Petry<\/li>\n<li>Sabine Ziegler (MF)<\/li>\n<li>Verena Jacobs<\/li>\n<li>Svenja Mayer<\/li>\n<li>Annika Kurz<\/li>\n<li>Johanna Klein<\/li>\n<li>Katharina Bohrer<\/li>\n<li>Johanna Heich<\/li>\n<li>Heike Bohrer<\/li>\n<\/ol>\n<p>&nbsp;<\/p>\n<h2><a id=\"links\"><\/a>Mannschafts\u00fcbergreifende Links<\/h2>\n<ul>\n<li><a title=\"SBRP Ergebnisdienst\" href=\"http:\/\/sbrp-ergebnisdienst.de\/\" target=\"_blank\">Ergebnisdienst<\/a><\/li>\n<\/ul>\n<ul>\n<li><a title=\"DWZ-Liste\" href=\"http:\/\/www.schachbund.de\/verein.html?zps=81207\" target=\"_blank\">DWZ-Liste der Birkenfelder Spieler<\/a><\/li>\n<li><a title=\"DWZ-Liste (alphabetisch)\" href=\"http:\/\/www.schachbund.de\/verein.html?zps=81207&amp;sort=alpha\" target=\"_blank\">DWZ-Liste (alphabetisch)<\/a><\/li>\n<\/ul>\n","protected":false},"excerpt":{"rendered":"<p>Ergebnisse 2015\/2016 1. Mannschaft Regeln und Ordnungen 2. Mannschaft Fazit 2014\/2015 3. Mannschaft Ausblick 2015\/2016 4. Mannschaft Spielpl\u00e4ne (alle Mannschaften)<\/p>\n","protected":false},"author":1,"featured_media":0,"parent":126,"menu_order":126,"comment_status":"closed","ping_status":"closed","template":"","meta":{"colormag_page_container_layout":"default_layout","colormag_page_sidebar_layout":"default_layout","ngg_post_thumbnail":0,"footnotes":""},"class_list":["post-5467","page","type-page","status-publish","hentry"],"_links":{"self":[{"href":"http:\/\/www.sf-bir.de\/index.php?rest_route=\/wp\/v2\/pages\/5467","targetHints":{"allow":["GET"]}}],"collection":[{"href":"http:\/\/www.sf-bir.de\/index.php?rest_route=\/wp\/v2\/pages"}],"about":[{"href":"http:\/\/www.sf-bir.de\/index.php?rest_route=\/wp\/v2\/types\/page"}],"author":[{"embeddable":true,"href":"http:\/\/www.sf-bir.de\/index.php?rest_route=\/wp\/v2\/users\/1"}],"replies":[{"embeddable":true,"href":"http:\/\/www.sf-bir.de\/index.php?rest_route=%2Fwp%2Fv2%2Fcomments&post=5467"}],"version-history":[{"count":6,"href":"http:\/\/www.sf-bir.de\/index.php?rest_route=\/wp\/v2\/pages\/5467\/revisions"}],"predecessor-version":[{"id":5602,"href":"http:\/\/www.sf-bir.de\/index.php?rest_route=\/wp\/v2\/pages\/5467\/revisions\/5602"}],"up":[{"embeddable":true,"href":"http:\/\/www.sf-bir.de\/index.php?rest_route=\/wp\/v2\/pages\/126"}],"wp:attachment":[{"href":"http:\/\/www.sf-bir.de\/index.php?rest_route=%2Fwp%2Fv2%2Fmedia&parent=5467"}],"curies":[{"name":"wp","href":"https:\/\/api.w.org\/{rel}","templated":true}]}}