{"id":5089,"date":"2015-11-19T11:52:15","date_gmt":"2015-11-19T10:52:15","guid":{"rendered":"http:\/\/www.sf-bir.de\/?page_id=5089"},"modified":"2016-11-26T09:39:43","modified_gmt":"2016-11-26T08:39:43","slug":"vm-2016","status":"publish","type":"page","link":"http:\/\/www.sf-bir.de\/?page_id=5089","title":{"rendered":"VM 2016"},"content":{"rendered":"<h2 class=\"center\">Ausschreibung<\/h2>\n<figure id=\"attachment_5874\" aria-describedby=\"caption-attachment-5874\" style=\"width: 470px\" class=\"wp-caption aligncenter\"><a href=\"http:\/\/www.sf-bir.de\/wp-content\/uploads\/Vereinsmeisterschaft-2016-Gruppenfoto-600x450.jpg\"><img loading=\"lazy\" decoding=\"async\" class=\"wp-image-5874\" src=\"http:\/\/www.sf-bir.de\/wp-content\/uploads\/Vereinsmeisterschaft-2016-Gruppenfoto-600x450.jpg\" alt=\"vereinsmeisterschaft-2016-gruppenfoto\" width=\"470\" height=\"353\" srcset=\"http:\/\/www.sf-bir.de\/wp-content\/uploads\/Vereinsmeisterschaft-2016-Gruppenfoto-600x450.jpg 600w, http:\/\/www.sf-bir.de\/wp-content\/uploads\/Vereinsmeisterschaft-2016-Gruppenfoto-600x450-300x225.jpg 300w\" sizes=\"auto, (max-width: 470px) 100vw, 470px\" \/><\/a><figcaption id=\"caption-attachment-5874\" class=\"wp-caption-text\">Gruppenfoto der zentralen Endrunde.<\/figcaption><\/figure>\n<p style=\"text-align: justify;\"><strong>Modus:<br \/>\n<\/strong>Schweizer System, zwei Stunden f\u00fcr 40 Z\u00fcge, 30 Minuten f\u00fcr den Rest, DWZ-Auswertung, bei Punktgleichheit Buchholz und Buchholzsummen-Wertung.<\/p>\n<p style=\"text-align: center;\"><strong>\u2014 Wichtig \u2014 Am letzten Spieltag beginnt die Partie sp\u00e4testens um 19:00 Uhr. Spielverlust nach Ablauf&nbsp; von 30 Minuten bei Nichtantreten! \u2014 Wichtig \u2014<br \/>\n<\/strong><\/p>\n<p style=\"text-align: justify;\">Ergebnisse bitte selber eintragen (in die Liste im Schachzimmer) oder bitte Bescheid geben (eMail, Telefon, SMS, pers\u00f6nlich) bei Peter oder Ernst Michael.<\/p>\n<p style=\"text-align: justify;\"><strong>Es wird nicht nachgespielt<\/strong>, die Auslosung der neuen Runde findet immer direkt nach der letzten laufenden Partie statt!<\/p>\n<p style=\"text-align: justify;\"><strong>Ausnahme:<\/strong><br \/>\nDer 1. Platz wird bei Punktgleichheit durch einen Stichkampf \u2013 Schnellschach mit 20 Minuten Bedenkzeit \u2013 entschieden, wobei der buchholzbessere Spieler die Farbwahl hat. Der Stichkampf beginnt um 17 Uhr. Endet die Partie ohne Sieger, gibt es eine zweite Partie mit vertauschten Farben. Bringt auch diese keinen Sieger, werden Blitzpartien (f\u00fcnf Minuten Bedenkzeit) mit wechselnden Farben bis zur Entscheidung gespielt. <strong>Der Vereinsmeister wird am 1. November 2016 ermittelt.<\/strong> Bei Nichtantritt wird der N\u00e4chstplatzierte zum Vereinsmeister ernannt.<\/p>\n<p style=\"text-align: justify;\">Sind nach der letzten Runde mehr als zwei Spieler punktgleich entscheidet die Turnierleitung \u00fcber den Modus des Stichkampfes.<\/p>\n<h2>Termine<\/h2>\n<p style=\"text-align: justify;\">Der Terminplan sieht bisher folgenderma\u00dfen aus:<\/p>\n<ol>\n<li>Runde: 29. Januar 2016<\/li>\n<li>Runde: 26. Februar 2016<\/li>\n<li>Runde: 29. April 2016<\/li>\n<li>Runde: 27. Mai 2016<\/li>\n<li>Runde: 24. Juni 2016<\/li>\n<li>Runde: 29. Juli 2016<\/li>\n<li>Runde: 26. August 2016<\/li>\n<li>Runde: 30. September 2016<\/li>\n<li>Runde:<strong>&nbsp;1. November 2016 im Gemeinschaftshaus \u201cAlte Schule\u201d<\/strong><\/li>\n<\/ol>\n<p style=\"text-align: justify;\">Die letzte Runde findet traditionell als gemeinsame Abschlussrunde (soweit es den Spielern m\u00f6glich ist) in der Alten Schule in Birkenfeld statt.<\/p>\n<p style=\"text-align: justify;\">Die aktuellen Auslosungen &amp; Ergebnisse finden sich auch auf unserer neueren Seite\/Darstellung: <big><a href=\"http:\/\/www.sf-bir.de\/_joomla\/index.php\/component\/clm\/?view=turnier_tabelle&amp;turnier=22&amp;Itemid=101\" target=\"_blank\">Vereinsmeisterschaft 2016<\/a><\/big>.<\/p>\n","protected":false},"excerpt":{"rendered":"<p>Ausschreibung Modus: Schweizer System, zwei Stunden f\u00fcr 40 Z\u00fcge, 30 Minuten f\u00fcr den Rest, DWZ-Auswertung, bei Punktgleichheit Buchholz und Buchholzsummen-Wertung.<\/p>\n","protected":false},"author":9,"featured_media":0,"parent":150,"menu_order":220,"comment_status":"closed","ping_status":"closed","template":"","meta":{"colormag_page_container_layout":"default_layout","colormag_page_sidebar_layout":"default_layout","ngg_post_thumbnail":0,"footnotes":""},"class_list":["post-5089","page","type-page","status-publish","hentry"],"_links":{"self":[{"href":"http:\/\/www.sf-bir.de\/index.php?rest_route=\/wp\/v2\/pages\/5089","targetHints":{"allow":["GET"]}}],"collection":[{"href":"http:\/\/www.sf-bir.de\/index.php?rest_route=\/wp\/v2\/pages"}],"about":[{"href":"http:\/\/www.sf-bir.de\/index.php?rest_route=\/wp\/v2\/types\/page"}],"author":[{"embeddable":true,"href":"http:\/\/www.sf-bir.de\/index.php?rest_route=\/wp\/v2\/users\/9"}],"replies":[{"embeddable":true,"href":"http:\/\/www.sf-bir.de\/index.php?rest_route=%2Fwp%2Fv2%2Fcomments&post=5089"}],"version-history":[{"count":20,"href":"http:\/\/www.sf-bir.de\/index.php?rest_route=\/wp\/v2\/pages\/5089\/revisions"}],"predecessor-version":[{"id":5876,"href":"http:\/\/www.sf-bir.de\/index.php?rest_route=\/wp\/v2\/pages\/5089\/revisions\/5876"}],"up":[{"embeddable":true,"href":"http:\/\/www.sf-bir.de\/index.php?rest_route=\/wp\/v2\/pages\/150"}],"wp:attachment":[{"href":"http:\/\/www.sf-bir.de\/index.php?rest_route=%2Fwp%2Fv2%2Fmedia&parent=5089"}],"curies":[{"name":"wp","href":"https:\/\/api.w.org\/{rel}","templated":true}]}}