{"id":4851,"date":"2015-07-05T23:56:44","date_gmt":"2015-07-05T22:56:44","guid":{"rendered":"http:\/\/www.sf-bir.de\/?page_id=4851"},"modified":"2015-07-05T23:56:44","modified_gmt":"2015-07-05T22:56:44","slug":"saison-20142015","status":"publish","type":"page","link":"http:\/\/www.sf-bir.de\/?page_id=4851","title":{"rendered":"Saison 2014\/2015"},"content":{"rendered":"<table style=\"height: 185px;\" width=\"516\">\n<tbody>\n<tr>\n<td><span style=\"text-decoration: underline;\"><a title=\"Gehe zu: Regeln  und Ordnungen\" href=\"#regeln\"><span style=\"font-size: 12pt;\">Regeln und Ordnungen<\/span><\/a><\/span><\/td>\n<td><span style=\"text-decoration: underline;\"><a title=\"Gehe zu: 1. Mannschaft\" href=\"#erste\"><span style=\"font-size: 12pt;\">1. Mannschaft<\/span><\/a><\/span><\/td>\n<\/tr>\n<tr>\n<td><span style=\"text-decoration: underline;\"><a title=\"Gehe zu: Fazit 2013 \/ 2014\" href=\"#fazit\"><span style=\"font-size: 12pt;\">Fazit 2013 \/ 2014<\/span><\/a><\/span><\/td>\n<td><span style=\"text-decoration: underline;\"><a title=\"Gehe zu: 2. Mannschaft\" href=\"#zweite\"><span style=\"font-size: 12pt;\">2. Mannschaft<\/span><\/a><\/span><\/td>\n<\/tr>\n<tr>\n<td><span style=\"text-decoration: underline;\"><a title=\"Gehe zu: Ausblick 2014 \/ 2015\" href=\"#ausblick\"><span style=\"font-size: 12pt;\">Ausblick 2014 \/ 2015<\/span><\/a><\/span><\/td>\n<td><span style=\"text-decoration: underline;\"><a title=\"Gehe zu: 3. Mannschaft\" href=\"#dritte\"><span style=\"font-size: 12pt;\">3. Mannschaft<\/span><\/a><\/span><\/td>\n<\/tr>\n<tr>\n<td><span style=\"text-decoration: underline;\"><a title=\"Gehe zu: Spielpl\u00e4ne\" href=\"#spielplaene\"><span style=\"font-size: 12pt;\">Spielpl\u00e4ne (alle Mannschaften)<\/span><\/a><\/span><\/td>\n<td><span style=\"text-decoration: underline;\"><a title=\"Gehe zu: 4. Mannschaft\" href=\"#vierte\"><span style=\"font-size: 12pt;\">4. Mannschaft<\/span><\/a><\/span><\/td>\n<\/tr>\n<tr>\n<td><span style=\"text-decoration: underline;\"><a title=\"Gehe zu: Links f\u00fcr alle Mannschaften\" href=\"#links\"><span style=\"font-size: 12pt;\">Mannschafts\u00fcbergreifende Links<\/span><\/a><\/span><\/td>\n<td><span style=\"text-decoration: underline;\"><a title=\"Gehe zu: 5. Mannschaft\" href=\"#fuenfte\"><span style=\"font-size: 12pt;\">5. Mannschaft<\/span><\/a><\/span><\/td>\n<\/tr>\n<\/tbody>\n<\/table>\n<p>&nbsp;<\/p>\n<h1><a id=\"regeln\"><\/a>Regeln &amp; Ordnungen<\/h1>\n<p style=\"text-align: justify;\">Die FIDE hat ihr Regelwerk zum 1. Juli ge\u00e4ndert, somit gelten auch f\u00fcr uns die neuen Schachregeln. Ge\u00e4ndert wurde u. a. dass schon das Mitbringen eines elektronischen Kommunikationsmittels zum Partieverlust f\u00fchrt. Der Pf\u00e4lzische Schachbund hat jedoch den von der FIDE einger\u00e4umten Spielraum genutzt und in seiner aktuellen Turnierordnung im \u00a72 das Mitbringen ausgeschalteter Mobiltelefone und anderer elektronischer Kommunikationsmittel gestattet.<br \/>\nAnbei die aktuellen Regelungen (Verweise auf \u00dcbersichtsseiten des PSB und des DSB):<\/p>\n<ul style=\"list-style-type: square;\">\n<li><a title=\"\u00dcbersichtseite zur Turnierordnung des PSB\" href=\"http:\/\/www.pfaelzischer-schachbund.de\/psb\/psb-service\/ordnungen-protokolle-formulare.html\" target=\"_blank\">Turnierordnung des Pf\u00e4lzischen Schachbunds<\/a> (und weitere Regelungen, Satzungen, Protokolle und Ordnungen)<\/li>\n<li><a title=\"DSB Seite mit Ordungen und FIDE-Regeln (deutsch und englisch)\" href=\"http:\/\/www.schachbund.de\/satzung-ordnungen.html\" target=\"_blank\">FIDE-Regeln<\/a> (Satzungen und Ordnungen des Deutschen Schachbunds)<\/li>\n<li><a title=\"\u00dcbersichtsseite des PSB mit den Saisonheften\" href=\"http:\/\/www.pfaelzischer-schachbund.de\/psb\/spielbetrieb\/fide-regeln-saisonhefte.html\" target=\"_blank\">Saisonheft f\u00fcr die Bezirksliga West<\/a> im PSB (1. Mannschaft)<\/li>\n<\/ul>\n<h1><a id=\"fazit\"><\/a>Fazit 2013 \/ 2014<\/h1>\n<p style=\"text-align: justify;\">Nach dem sportlichen Abstieg in der Vorsaison (den man dank einer zur\u00fcckgezogenen Mannschaft nicht vollziehen musste), hielt die 1. Mannschaft souver\u00e4n Klasse und schloss die Bezirksliga West auf dem 3. Platz ab! Auch die zweite Mannschaft spielte eine sehr gute Saison und belegte den 2. Platz in der Bezirksklasse, w\u00e4hrend die dritte Mannschaft die Saison gefahrlos im Mittelfeld der Kreisliga abschlie\u00dfen konnte.<br \/>\nSchwierig war die Saison f\u00fcr die vierte Mannschaft mit unserem Schachnachwuchs. Die Jugendlichen belegten in der Kreisklasse A den letzten Platz &#8211; allerdings waren die meisten anderen Mannschaften auch z. T. mit Erwachsenen besetzt und sie stellten die einzige komplette Nachwuchsmannschaft der Liga.<\/p>\n<p style=\"text-align: justify;\">Weitere Infos zur abgelaufenen Saison finden sich unterm Men\u00fcpunkt &#8222;Liga&#8220; &#8211; &#8222;Saison 2013\/2014&#8220;.<\/p>\n<h1><a id=\"ausblick\"><\/a>Ausblick 2014 \/ 2015<\/h1>\n<p style=\"text-align: justify;\">Die Aufstellungen und Ligeneinteilung f\u00fcr die neue Saison werden wie immer im Sommer hier ver\u00f6ffentlicht. Die Mannschaftsaufstellungen wohl nach der letzten Besprechung auf dem Schachpicknick Ende Juni in Nockenthal. Sind jetzt also aktuell.<\/p>\n<p style=\"text-align: justify;\">Die 1. Mannschaft wir in der Bezirksliga West des pf\u00e4lzischen Schachbundes auf Punktejagd gehen. Die 2. Mannschaft in der Bezirksklasse, die 3. Mannschaft in der Kreisliga, die 4. Mannschaft in der Kreisklasse A und die 5. Mannschaft in der Kreisklasse B. Damit stellen wir zum ersten Mal seit l\u00e4ngerer Zeit wieder f\u00fcnf Mannschaften im Ligabetrieb!<\/p>\n<h2 style=\"text-align: justify;\"><a id=\"spielplaene\"><\/a>Spielpl\u00e4ne f\u00fcr alle Mannschaften<\/h2>\n<p><strong>Spielpl\u00e4ne f\u00fcr alle Mannschaften zum Ausdrucken: <span style=\"font-size: 14px;\"><a title=\"Spielpl\u00e4ne zum Ausdrucken (pdf-Datei).\" href=\"http:\/\/www.sf-bir.de\/wp-content\/uploads\/Spielplan-2014-2015.pdf\" target=\"_blank\">Spielpl\u00e4ne 2014 \/ 2015<\/a><\/span><\/strong><em>.<\/em><\/p>\n<figure id=\"attachment_4320\" aria-describedby=\"caption-attachment-4320\" style=\"width: 483px\" class=\"wp-caption aligncenter\"><a href=\"http:\/\/www.sf-bir.de\/wp-content\/uploads\/Spielplan-2014-2015.png\"><img decoding=\"async\" class=\"size-full wp-image-4320\" src=\"http:\/\/www.sf-bir.de\/wp-content\/uploads\/Spielplan-2014-2015.png\" alt=\"Spielplan 2014 \/ 2015\" width=\"483\" srcset=\"http:\/\/www.sf-bir.de\/wp-content\/uploads\/Spielplan-2014-2015.png 743w, http:\/\/www.sf-bir.de\/wp-content\/uploads\/Spielplan-2014-2015-150x150.png 150w, http:\/\/www.sf-bir.de\/wp-content\/uploads\/Spielplan-2014-2015-300x297.png 300w\" sizes=\"(max-width: 743px) 100vw, 743px\" \/><\/a><figcaption id=\"caption-attachment-4320\" class=\"wp-caption-text\">Spielplan f\u00fcr alle Mannschaften. In der oben verlinkten pdf-Datei sind die Seiten zum Ausdrucken aufbereitet &#8211; die Grafik hier eignet sich daf\u00fcr nicht so gut.<\/figcaption><\/figure>\n<p style=\"text-align: justify;\">Die oben verlinkte pdf-Datei enth\u00e4lt einen gro\u00dfen Plan (s. Bild) mit der \u00dcbersicht f\u00fcr die Birkenfelder Mannschaften aller Wochenenden vom Saisonbeginn der dritten Mannschaft in der Kreisliga, bis zum Saisonende der vierten Mannschaft in der Kreisklasse A. Ebenso einen kompakten Plan aller Mannschaften, nur mit den Spieldaten, sowie jeweils einen einzelnen kompakten Plan pro Mannschaft. Insgesamt also sieben Seiten.<\/p>\n<p>&nbsp;<\/p>\n<hr \/>\n<h2><strong><a id=\"erste\"><\/a>Erste Mannschaft &#8211; Bezirksliga West<\/strong><\/h2>\n<h3>Ergebnisse &amp; Tabelle<\/h3>\n<ul>\n<li><a title=\"Tabelle Bezirksliga West\" href=\"https:\/\/ssl-account.com\/sbrp-ergebnisdienst.de\/index.php?p1=0:pa:KK8B1-14-1\" target=\"_blank\">Tabelle Bezirksliga West 2014 \/2015<\/a><\/li>\n<\/ul>\n<h3>Aufstellung \/ Brettreihenfolge<\/h3>\n<ol>\n<li>Christian Sch\u00e4fer<\/li>\n<li>Dominik Freimuth<\/li>\n<li>Uwe Kendzior<\/li>\n<li>Ernst-Michael Porcher (MF)<\/li>\n<li>Aleksej Gubin<\/li>\n<li>Dirk M\u00fcller<\/li>\n<li>Peter Lozar<\/li>\n<li>Daniel Kovacs<\/li>\n<li>Boris Gubin<\/li>\n<\/ol>\n<p>&nbsp;<\/p>\n<hr \/>\n<h2><strong><a id=\"zweite\"><\/a>Zweite Mannschaft &#8211; Bezirksklasse<\/strong><\/h2>\n<h3>Ergebnisse &amp; Tabelle<\/h3>\n<ul>\n<li><a title=\"Tabelle Bezirksklasse - Bezirk VI des PSB\" href=\"https:\/\/ssl-account.com\/sbrp-ergebnisdienst.de\/index.php?p1=0:pa:KK8C6-14-1\" target=\"_blank\">Tabelle Bezirksklasse 2014 \/2015<\/a> &#8211; Bezirk VI<\/li>\n<\/ul>\n<h3>Aufstellung \/ Brettreihenfolge<\/h3>\n<ol>\n<li>Mario Jacobs<\/li>\n<li>Marcus Wiesen<\/li>\n<li>Michael Hippenstiel (MF)<\/li>\n<li>Gerhard H\u00e4nsel<\/li>\n<li>Tobias Schwabe<\/li>\n<li>Verena Jacobs<\/li>\n<li>Berthold Bohn<\/li>\n<li>Walter Schulthei\u00df<\/li>\n<\/ol>\n<p>&nbsp;<\/p>\n<hr \/>\n<h2><a id=\"dritte\"><\/a>Dritte Mannschaft &#8211; Kreisliga<\/h2>\n<h3>Ergebnisse &amp; Tabelle<\/h3>\n<ul>\n<li><a title=\"Tabelle Kreisliga - Bezirk VI des PSB\" href=\"https:\/\/ssl-account.com\/sbrp-ergebnisdienst.de\/index.php?p1=0:pa:KK8C7-14-1\" target=\"_blank\">Tabelle Kreisliga 2014 \/2015<\/a> &#8211; Bezirk VI<\/li>\n<\/ul>\n<h3>Aufstellung \/ Brettreihenfolge<\/h3>\n<ol>\n<li>Albert Budewitz<\/li>\n<li>Philipp N\u00e4her<\/li>\n<li>Daniel Jacobs (MF)<\/li>\n<li>Anton Heckel<\/li>\n<li>J\u00fcrgen Gei\u00df<\/li>\n<li>Michael Porcher<\/li>\n<li>Lothar Scheer<\/li>\n<li>Alfred Dockhorn<\/li>\n<li>Joachim Stephan<\/li>\n<\/ol>\n<p>&nbsp;<\/p>\n<hr \/>\n<h2><a id=\"vierte\"><\/a>Vierte Mannschaft &#8211; Kreisklasse A<\/h2>\n<h3>Ergebnisse &amp; Tabelle<\/h3>\n<ul>\n<li><a title=\"Tabelle Kreisklasse A - Bezirk VI des PSB\" href=\"https:\/\/ssl-account.com\/sbrp-ergebnisdienst.de\/index.php?p1=0:pa:KK8C8-14-1\" target=\"_blank\">Tabelle Kreisklasse A 2014 \/2015<\/a> &#8211; Bezirk VI<\/li>\n<\/ul>\n<h3>Aufstellung \/ Brettreihenfolge<\/h3>\n<ol>\n<li>Sabine Ziegler<\/li>\n<li>Daniel Schmitt<\/li>\n<li>Kurt Geibel (MF)<\/li>\n<li>Niklas Leyendecker<\/li>\n<li>Katharina Bohrer<\/li>\n<li>Max Krieger<\/li>\n<\/ol>\n<p>&nbsp;<\/p>\n<hr \/>\n<h2><a id=\"fuenfte\"><\/a>F\u00fcnfte Mannschaft &#8211; Kreisklasse B<\/h2>\n<h3>Ergebnisse &amp; Tabelle<\/h3>\n<ul>\n<li><a title=\"Tabelle Kreisklasse B - Bezirk VI des PSB\" href=\"https:\/\/ssl-account.com\/sbrp-ergebnisdienst.de\/index.php?p1=0:pa:KK8C9-14-1\" target=\"_blank\">Tabelle Kreisklasse B 2014 \/2015<\/a> &#8211; Bezirk VI<\/li>\n<\/ul>\n<h3>Aufstellung \/ Brettreihenfolge<\/h3>\n<ol>\n<li>Lukas Paetz<\/li>\n<li>Fynn Seithel<\/li>\n<li>Michael Lehmann<\/li>\n<li>Tim Baatz<\/li>\n<li>Nelson Djifroudi<\/li>\n<li>Nathan Geibel<\/li>\n<li>Johannes Fink<\/li>\n<\/ol>\n<p>Mannschaftsf\u00fchrer der 5. Mannschaft ist Ernst-Michael Porcher.<\/p>\n<hr \/>\n<p>&nbsp;<\/p>\n<h2><a id=\"links\"><\/a>Mannschafts\u00fcbergreifende Links<\/h2>\n<ul>\n<li><a title=\"SBRP Ergebnisdienst\" href=\"http:\/\/sbrp-ergebnisdienst.de\/\" target=\"_blank\">Ergebnisdienst<\/a><\/li>\n<\/ul>\n<ul>\n<li><a title=\"DWZ-Liste\" href=\"http:\/\/www.schachbund.de\/verein.html?zps=81207\" target=\"_blank\">DWZ-Liste der Birkenfelder Spieler<\/a><\/li>\n<li><a title=\"DWZ-Liste  (alphabetisch)\" href=\"http:\/\/www.schachbund.de\/verein.html?zps=81207&amp;sort=alpha\" target=\"_blank\">DWZ-Liste (alphabetisch)<\/a><\/li>\n<\/ul>\n","protected":false},"excerpt":{"rendered":"<p>Regeln und Ordnungen 1. Mannschaft Fazit 2013 \/ 2014 2. Mannschaft Ausblick 2014 \/ 2015 3. Mannschaft Spielpl\u00e4ne (alle Mannschaften)<\/p>\n","protected":false},"author":1,"featured_media":0,"parent":126,"menu_order":125,"comment_status":"open","ping_status":"open","template":"","meta":{"colormag_page_container_layout":"default_layout","colormag_page_sidebar_layout":"default_layout","ngg_post_thumbnail":0,"footnotes":""},"class_list":["post-4851","page","type-page","status-publish","hentry"],"_links":{"self":[{"href":"http:\/\/www.sf-bir.de\/index.php?rest_route=\/wp\/v2\/pages\/4851","targetHints":{"allow":["GET"]}}],"collection":[{"href":"http:\/\/www.sf-bir.de\/index.php?rest_route=\/wp\/v2\/pages"}],"about":[{"href":"http:\/\/www.sf-bir.de\/index.php?rest_route=\/wp\/v2\/types\/page"}],"author":[{"embeddable":true,"href":"http:\/\/www.sf-bir.de\/index.php?rest_route=\/wp\/v2\/users\/1"}],"replies":[{"embeddable":true,"href":"http:\/\/www.sf-bir.de\/index.php?rest_route=%2Fwp%2Fv2%2Fcomments&post=4851"}],"version-history":[{"count":2,"href":"http:\/\/www.sf-bir.de\/index.php?rest_route=\/wp\/v2\/pages\/4851\/revisions"}],"predecessor-version":[{"id":4853,"href":"http:\/\/www.sf-bir.de\/index.php?rest_route=\/wp\/v2\/pages\/4851\/revisions\/4853"}],"up":[{"embeddable":true,"href":"http:\/\/www.sf-bir.de\/index.php?rest_route=\/wp\/v2\/pages\/126"}],"wp:attachment":[{"href":"http:\/\/www.sf-bir.de\/index.php?rest_route=%2Fwp%2Fv2%2Fmedia&parent=4851"}],"curies":[{"name":"wp","href":"https:\/\/api.w.org\/{rel}","templated":true}]}}