{"id":3615,"date":"2013-05-11T22:21:21","date_gmt":"2013-05-11T21:21:21","guid":{"rendered":"http:\/\/www.sf-bir.de\/?page_id=3615"},"modified":"2015-03-16T13:34:12","modified_gmt":"2015-03-16T12:34:12","slug":"saison-20122013","status":"publish","type":"page","link":"http:\/\/www.sf-bir.de\/?page_id=3615","title":{"rendered":"Saison 2012\/2013"},"content":{"rendered":"<h1>Saison 2012 \/ 2013<\/h1>\n<p><strong>Spielpl\u00e4ne f\u00fcr alle Mannschaften zum Ausdrucken: <span style=\"font-size: 14px;\"><a title=\"Spielpl\u00e4ne f\u00fcr die Saison 2012\/2013 (pdf)\" href=\"http:\/\/www.sf-bir.de\/wp-content\/uploads\/Spielplan-2012-2013.pdf\" target=\"_blank\">Spielpl\u00e4ne 2012\/2013<\/a>.<\/span><\/strong><\/p>\n<p style=\"text-align: justify;\"><a href=\"http:\/\/www.sf-bir.de\/?attachment_id=2971\" rel=\"attachment wp-att-2971\"><img loading=\"lazy\" decoding=\"async\" class=\"aligncenter size-medium wp-image-2971\" title=\"SpielplanBirkenfeld2012-2013\" src=\"http:\/\/www.sf-bir.de\/wp-content\/uploads\/SpielplanBirkenfeld2012-2013-292x300.png\" alt=\"\" width=\"292\" height=\"300\" srcset=\"http:\/\/www.sf-bir.de\/wp-content\/uploads\/SpielplanBirkenfeld2012-2013-292x300.png 292w, http:\/\/www.sf-bir.de\/wp-content\/uploads\/SpielplanBirkenfeld2012-2013.png 707w\" sizes=\"auto, (max-width: 292px) 100vw, 292px\" \/><\/a><\/p>\n<p style=\"text-align: justify;\">Die pdf-Datei enth\u00e4lt einen gro\u00dfen Plan (s. Bild) mit der \u00dcbersicht f\u00fcr die Birkenfelder Mannschaften aller Wochenenden vom Saisonbeginn der dritten Mannschaft in der Kreisliga, bis zum Saisonende der ersten Mannschaft in der Bezirksliga. Ebenso einen kompakten Plan aller Mannschaften, nur mit den Spieldaten, sowie jeweils einen einzelnen kompakten Plan pro Mannschaft. Insgesamt also sechs Seiten.<\/p>\n<p>&nbsp;<\/p>\n<hr \/>\n<h2><strong>Erste Mannschaft &#8211; Bezirksliga West<\/strong><\/h2>\n<h3>Ergebnisse &amp; Tabelle<\/h3>\n<ul>\n<li><a title=\"Tabelle Bezirksliga West\" href=\"https:\/\/ssl-account.com\/sbrp-ergebnisdienst.de\/?p1=0:pa:KK8B1-12-1\" target=\"_blank\">Tabelle Bezirksliga West 2012\/2013<\/a><\/li>\n<\/ul>\n<h3>Aufstellung \/ Brettreihenfolge<\/h3>\n<ol>\n<li>Aleksej Gubin<\/li>\n<li>Uwe Kendzior<\/li>\n<li>Daniel Kovacs<\/li>\n<li>Peter Lozar<\/li>\n<li>Christian Sch\u00e4fer<\/li>\n<li>Ernst-Michael Porcher (MF)<\/li>\n<li>Boris Gubin<\/li>\n<li>Dirk M\u00fcller<\/li>\n<\/ol>\n<p>&nbsp;<\/p>\n<hr \/>\n<h2><strong>Zweite Mannschaft &#8211; Bezirksklasse<\/strong><\/h2>\n<h3>Ergebnisse &amp; Tabelle<\/h3>\n<ul>\n<li><a title=\"Tabelle Bezirsklasse - Bezirk VI des PSB\" href=\"https:\/\/ssl-account.com\/sbrp-ergebnisdienst.de\/?p1=0:pa:KK8C6-12-4\" target=\"_blank\">Tabelle Bezirksklasse 2012\/2013<\/a> &#8211; Bezirk VI<\/li>\n<\/ul>\n<h3>Aufstellung \/ Brettreihenfolge<\/h3>\n<ol>\n<li>Gerhard H\u00e4nsel<\/li>\n<li>Tobias Schwabe (MF)<\/li>\n<li>Mario Jacobs<\/li>\n<li>Berthold Bohn<\/li>\n<li>Walter Schulthei\u00df<\/li>\n<li>Dominik Freimuth<\/li>\n<li>Michael Hippenstiel<\/li>\n<li>Verena Jacobs<\/li>\n<li>Michael Schunck<\/li>\n<\/ol>\n<p>Nachgemeldet wurde Sacha M\u00fcller.<\/p>\n<p>&nbsp;<\/p>\n<hr \/>\n<h2>Dritte Mannschaft &#8211; Kreisliga<\/h2>\n<h3>Ergebnisse &amp; Tabelle<\/h3>\n<ul>\n<li><a title=\"Tabelle Kreisliga - Bezirk VI des PSB\" href=\"https:\/\/ssl-account.com\/sbrp-ergebnisdienst.de\/?p1=0:pa:KK8C7-12-1\" target=\"_blank\">Tabelle Kreisliga 2012\/2013<\/a> &#8211; Bezirk VI<\/li>\n<\/ul>\n<h3>Aufstellung \/ Brettreihenfolge<\/h3>\n<ol>\n<li>Marcus Wiesen<\/li>\n<li>Alfred Dockhorn<\/li>\n<li>Albert Budewitz<\/li>\n<li>Anton Heckel<\/li>\n<li>Michael Porcher<\/li>\n<li>J\u00fcrgen Gei\u00df<\/li>\n<li>Kurt Geibel (MF)<\/li>\n<li>Lothar Scheer<\/li>\n<li>Joachim Stephan<\/li>\n<li>Konstantin Hauch<\/li>\n<li>Jan Rauber<\/li>\n<\/ol>\n<p>&nbsp;<\/p>\n<hr \/>\n<h2>Vierte Mannschaft &#8211; Kreisklasse A<\/h2>\n<h3>Ergebnisse &amp; Tabelle<\/h3>\n<ul>\n<li><a title=\"Tabelle Kreisklasse A - Bezirk VI des PSB\" href=\"https:\/\/ssl-account.com\/sbrp-ergebnisdienst.de\/?p1=0:pa:KK8C8-12-1\" target=\"_blank\">Tabelle Kreisklasse A 2012\/2013<\/a> &#8211; Bezirk VI<\/li>\n<\/ul>\n<h3>Aufstellung \/ Brettreihenfolge<\/h3>\n<ol>\n<li>Philipp N\u00e4her<\/li>\n<li>Lukas Paetz<\/li>\n<li>Daniel Jacobs<\/li>\n<li>Fynn Seithel<\/li>\n<li>Hannah N\u00e4her<\/li>\n<li>Michael Lehmann<\/li>\n<li>Michael Root<\/li>\n<li>Matteo Pinto<\/li>\n<\/ol>\n<p>&nbsp;<\/p>\n<hr \/>\n<h2>Mannschafts\u00fcbergreifende Links<\/h2>\n<ul>\n<li><a title=\"SBRP Ergebnisdienst\" href=\"http:\/\/sbrp-ergebnisdienst.de\/\" target=\"_blank\">Ergebnisdienst<\/a> (f\u00fcr Mannschaftsf\u00fchrer)<\/li>\n<\/ul>\n<ul>\n<li><a title=\"DWZ-Liste\" href=\"http:\/\/www.schachbund.de\/dwz\/db\/verein.html?zps=81207\" target=\"_blank\">DWZ-Liste der Birkenfelder Spieler<\/a><\/li>\n<li><a title=\"DWZ-Liste  (alphabetisch)\" href=\"http:\/\/www.schachbund.de\/dwz\/db\/verein.html?zps=81207&amp;sort=alpha\" target=\"_blank\">DWZ-Liste (alphabetisch)<\/a><\/li>\n<\/ul>\n","protected":false},"excerpt":{"rendered":"<p>Saison 2012 \/ 2013 Spielpl\u00e4ne f\u00fcr alle Mannschaften zum Ausdrucken: Spielpl\u00e4ne 2012\/2013. Die pdf-Datei enth\u00e4lt einen gro\u00dfen Plan (s. Bild)<\/p>\n","protected":false},"author":1,"featured_media":0,"parent":126,"menu_order":123,"comment_status":"open","ping_status":"open","template":"","meta":{"colormag_page_container_layout":"default_layout","colormag_page_sidebar_layout":"default_layout","ngg_post_thumbnail":0,"footnotes":""},"class_list":["post-3615","page","type-page","status-publish","hentry"],"_links":{"self":[{"href":"http:\/\/www.sf-bir.de\/index.php?rest_route=\/wp\/v2\/pages\/3615","targetHints":{"allow":["GET"]}}],"collection":[{"href":"http:\/\/www.sf-bir.de\/index.php?rest_route=\/wp\/v2\/pages"}],"about":[{"href":"http:\/\/www.sf-bir.de\/index.php?rest_route=\/wp\/v2\/types\/page"}],"author":[{"embeddable":true,"href":"http:\/\/www.sf-bir.de\/index.php?rest_route=\/wp\/v2\/users\/1"}],"replies":[{"embeddable":true,"href":"http:\/\/www.sf-bir.de\/index.php?rest_route=%2Fwp%2Fv2%2Fcomments&post=3615"}],"version-history":[{"count":4,"href":"http:\/\/www.sf-bir.de\/index.php?rest_route=\/wp\/v2\/pages\/3615\/revisions"}],"predecessor-version":[{"id":4651,"href":"http:\/\/www.sf-bir.de\/index.php?rest_route=\/wp\/v2\/pages\/3615\/revisions\/4651"}],"up":[{"embeddable":true,"href":"http:\/\/www.sf-bir.de\/index.php?rest_route=\/wp\/v2\/pages\/126"}],"wp:attachment":[{"href":"http:\/\/www.sf-bir.de\/index.php?rest_route=%2Fwp%2Fv2%2Fmedia&parent=3615"}],"curies":[{"name":"wp","href":"https:\/\/api.w.org\/{rel}","templated":true}]}}