{"id":3234,"date":"2012-11-27T03:53:17","date_gmt":"2012-11-27T02:53:17","guid":{"rendered":"http:\/\/www.sf-bir.de\/?page_id=3234"},"modified":"2013-11-26T15:27:08","modified_gmt":"2013-11-26T14:27:08","slug":"vm-2013","status":"publish","type":"page","link":"http:\/\/www.sf-bir.de\/?page_id=3234","title":{"rendered":"VM 2013"},"content":{"rendered":"<figure id=\"attachment_2630\" aria-describedby=\"caption-attachment-2630\" style=\"width: 225px\" class=\"wp-caption alignright\"><a href=\"http:\/\/www.sf-bir.de\/?attachment_id=2630\" rel=\"attachment wp-att-2630\"><img loading=\"lazy\" decoding=\"async\" class=\"size-medium wp-image-2630\" title=\"Wappenschild Pokal Vereinsmeisterschaft\" alt=\"Wappenschild Pokal Vereinsmeisterschaft\" src=\"http:\/\/www.sf-bir.de\/wp-content\/uploads\/Wappenschild-Pokal-Vereinsmeisterschaft-225x300.jpg\" width=\"225\" height=\"300\" srcset=\"http:\/\/www.sf-bir.de\/wp-content\/uploads\/Wappenschild-Pokal-Vereinsmeisterschaft-225x300.jpg 225w, http:\/\/www.sf-bir.de\/wp-content\/uploads\/Wappenschild-Pokal-Vereinsmeisterschaft.jpg 300w\" sizes=\"auto, (max-width: 225px) 100vw, 225px\" \/><\/a><figcaption id=\"caption-attachment-2630\" class=\"wp-caption-text\">Das Objekt der Begierde: Der Wanderpokal der Schachfreunde Birkenfeld f\u00fcr den Vereinsmeister.<\/figcaption><\/figure>\n<p style=\"text-align: justify;\"><strong>Modus:<br \/>\n<\/strong>Schweizer System, zwei Stunden f\u00fcr 40 Z\u00fcge, 30 Minuten f\u00fcr den Rest, DWZ-Auswertung, bei Punktgleichheit Buchholz und Buchholzsummen-Wertung.<\/p>\n<p style=\"text-align: justify;\"><strong>Ausnahme:<\/strong><br \/>\nDer 1. Platz wird bei Punktgleichheit durch einen Stichkampf \u2013 Schnellschach mit 20 Minuten Bedenkzeit \u2013 entschieden, wobei der Buchholzbessere Spieler die Farbwahl hat. Endet die Partie ohne Sieger, gibt es eine zweite Partie mit vertauschten Farben. Bringt auch diese keinen Sieger, werden Blitzpartien (f\u00fcnf Minuten Bedenkzeit) mit wechselnden Farben bis zur Entscheidung gespielt.<\/p>\n<p style=\"text-align: justify;\">Sind nach der letzten Runde mehr als zwei Spieler punktgleich entscheidet der Turnierleiter \u00fcber den Modus des Stichkampfes.<\/p>\n<figure id=\"attachment_3844\" aria-describedby=\"caption-attachment-3844\" style=\"width: 420px\" class=\"wp-caption aligncenter\"><a href=\"http:\/\/www.sf-bir.de\/wp-content\/uploads\/Vereinsmeisterschaft-2013-Teilnehmer-Endrunde-600x450.jpg\"><img loading=\"lazy\" decoding=\"async\" class=\" wp-image-3844  \" alt=\"Teilnehmer Vereinsmeisterschaft 2013\" src=\"http:\/\/www.sf-bir.de\/wp-content\/uploads\/Vereinsmeisterschaft-2013-Teilnehmer-Endrunde-600x450.jpg\" width=\"420\" height=\"315\" srcset=\"http:\/\/www.sf-bir.de\/wp-content\/uploads\/Vereinsmeisterschaft-2013-Teilnehmer-Endrunde-600x450.jpg 600w, http:\/\/www.sf-bir.de\/wp-content\/uploads\/Vereinsmeisterschaft-2013-Teilnehmer-Endrunde-600x450-300x225.jpg 300w\" sizes=\"auto, (max-width: 420px) 100vw, 420px\" \/><\/a><figcaption id=\"caption-attachment-3844\" class=\"wp-caption-text\">Endrunde der Vereinsmeisterschaft 2013.<\/figcaption><\/figure>\n<h2>Termine<\/h2>\n<p>Wegen der geringen Anzahl an Teilnehmern, wird es dieses Jahr nur sieben Runden geben. Der Terminplan sieht folgenderma\u00dfen aus:<\/p>\n<ol>\n<li>Runde: 1. Februar 2013<\/li>\n<li>Runde: 8. M\u00e4rz 2013<\/li>\n<li>Runde: 26. April 2013<\/li>\n<li>Runde: 31. Mai 2013<\/li>\n<li>Runde: 9. August 2013<\/li>\n<li>Runde: 27. September 2013<\/li>\n<li>Runde: <strong>1. November 2013<\/strong> im Gemeinschaftshaus &#8222;Alte Schule&#8220;<\/li>\n<\/ol>\n<h2>Endstand nach 7 Runden<\/h2>\n<table border=\"2\" cellspacing=\"2\" cellpadding=\"2\" bgcolor=\"#C0C0C0\">\n<tbody>\n<tr bgcolor=\"#00FF00\">\n<th>Nr.<\/th>\n<th>Teilnehmer<\/th>\n<th>TWZ<\/th>\n<th>S<\/th>\n<th>R<\/th>\n<th>V<\/th>\n<th>Pkt.<\/th>\n<th>Buchh<\/th>\n<th>SoBerg<\/th>\n<\/tr>\n<tr bgcolor=\"#00FFFF\">\n<td><strong>1.<\/strong><\/td>\n<td><strong>Kendzior,\u00a0Uwe<\/strong><\/td>\n<td><strong>1634<\/strong><\/td>\n<td><strong>6<\/strong><\/td>\n<td><strong>1<\/strong><\/td>\n<td><strong>0<\/strong><\/td>\n<td><strong>6.5<\/strong><\/td>\n<td><strong>27.0<\/strong><\/td>\n<td><strong>24.00<\/strong><\/td>\n<\/tr>\n<tr bgcolor=\"#00FFFF\">\n<td>2.<\/td>\n<td>Freimuth,\u00a0Dominik<\/td>\n<td>1394<\/td>\n<td>5<\/td>\n<td>2<\/td>\n<td>0<\/td>\n<td>6.0<\/td>\n<td>27.5<\/td>\n<td>23.00<\/td>\n<\/tr>\n<tr bgcolor=\"#00FFFF\">\n<td>3.<\/td>\n<td>Porcher,\u00a0Ernst-Michael<\/td>\n<td>1564<\/td>\n<td>4<\/td>\n<td>1<\/td>\n<td>2<\/td>\n<td>4.5<\/td>\n<td>27.5<\/td>\n<td>13.25<\/td>\n<\/tr>\n<tr bgcolor=\"#00FFFF\">\n<td>4.<\/td>\n<td>Graf,\u00a0Rodolfo<\/td>\n<td>1716<\/td>\n<td>3<\/td>\n<td>2<\/td>\n<td>2<\/td>\n<td>4.0<\/td>\n<td>26.5<\/td>\n<td>12.25<\/td>\n<\/tr>\n<tr bgcolor=\"#00FFFF\">\n<td>5.<\/td>\n<td>Schwabe,\u00a0Tobias<\/td>\n<td>1495<\/td>\n<td>2<\/td>\n<td>4<\/td>\n<td>1<\/td>\n<td>4.0<\/td>\n<td>23.5<\/td>\n<td>10.50<\/td>\n<\/tr>\n<tr bgcolor=\"#00FFFF\">\n<td>6.<\/td>\n<td>Jacobs,\u00a0Verena<\/td>\n<td>1323<\/td>\n<td>2<\/td>\n<td>3<\/td>\n<td>2<\/td>\n<td>3.5<\/td>\n<td>28.5<\/td>\n<td>10.75<\/td>\n<\/tr>\n<tr bgcolor=\"#00FFFF\">\n<td>7.<\/td>\n<td>Dockhorn,\u00a0Alfred<\/td>\n<td>1514<\/td>\n<td>1<\/td>\n<td>5<\/td>\n<td>1<\/td>\n<td>3.5<\/td>\n<td>25.0<\/td>\n<td>10.75<\/td>\n<\/tr>\n<tr bgcolor=\"#00FFFF\">\n<td>8.<\/td>\n<td>Bohn,\u00a0Berthold<\/td>\n<td>1394<\/td>\n<td>2<\/td>\n<td>3<\/td>\n<td>2<\/td>\n<td>3.5<\/td>\n<td>23.5<\/td>\n<td>9.25<\/td>\n<\/tr>\n<tr bgcolor=\"#00FFFF\">\n<td>9.<\/td>\n<td>Sch\u00e4fer,\u00a0Christian<\/td>\n<td>1599<\/td>\n<td>1<\/td>\n<td>4<\/td>\n<td>2<\/td>\n<td>3.0<\/td>\n<td>30.0<\/td>\n<td>11.50<\/td>\n<\/tr>\n<tr bgcolor=\"#00FFFF\">\n<td>10.<\/td>\n<td>M\u00fcller,\u00a0Dirk<\/td>\n<td>1569<\/td>\n<td>2<\/td>\n<td>2<\/td>\n<td>3<\/td>\n<td>3.0<\/td>\n<td>27.0<\/td>\n<td>9.75<\/td>\n<\/tr>\n<tr bgcolor=\"#00FFFF\">\n<td>11.<\/td>\n<td>Schulthei\u00df,\u00a0Walter<\/td>\n<td>1504<\/td>\n<td>2<\/td>\n<td>2<\/td>\n<td>3<\/td>\n<td>3.0<\/td>\n<td>23.5<\/td>\n<td>6.50<\/td>\n<\/tr>\n<tr bgcolor=\"#00FFFF\">\n<td>12.<\/td>\n<td>Lozar,\u00a0Peter<\/td>\n<td>1661<\/td>\n<td>2<\/td>\n<td>2<\/td>\n<td>3<\/td>\n<td>3.0<\/td>\n<td>23.0<\/td>\n<td>7.50<\/td>\n<\/tr>\n<tr bgcolor=\"#00FFFF\">\n<td>13.<\/td>\n<td>Wiesen,\u00a0Marcus<\/td>\n<td>1456<\/td>\n<td>2<\/td>\n<td>2<\/td>\n<td>3<\/td>\n<td>3.0<\/td>\n<td>22.5<\/td>\n<td>7.75<\/td>\n<\/tr>\n<tr bgcolor=\"#00FFFF\">\n<td>14.<\/td>\n<td>Porcher,\u00a0Michael<\/td>\n<td>1186<\/td>\n<td>2<\/td>\n<td>1<\/td>\n<td>4<\/td>\n<td>2.5<\/td>\n<td>20.5<\/td>\n<td>4.75<\/td>\n<\/tr>\n<tr bgcolor=\"#00FFFF\">\n<td>15.<\/td>\n<td>Jacobs,\u00a0Daniel<\/td>\n<td>865<\/td>\n<td>2<\/td>\n<td>0<\/td>\n<td>5<\/td>\n<td>2.0<\/td>\n<td>17.0<\/td>\n<td>2.50<\/td>\n<\/tr>\n<tr bgcolor=\"#00FFFF\">\n<td>16.<\/td>\n<td>Gei\u00df,\u00a0J\u00fcrgen<\/td>\n<td>1218<\/td>\n<td>1<\/td>\n<td>0<\/td>\n<td>6<\/td>\n<td>1.0<\/td>\n<td>21.5<\/td>\n<td>1.50<\/td>\n<\/tr>\n<\/tbody>\n<\/table>\n<h2>Ergebnisse<\/h2>\n<table border=\"2\" cellspacing=\"2\" cellpadding=\"2\" bgcolor=\"#C0C0C0\">\n<tbody>\n<tr>\n<td colspan=\"9\">Ergebnisse der\u00a07.\u00a0Runde<\/td>\n<\/tr>\n<tr bgcolor=\"#00FF00\">\n<th>Nr.<\/th>\n<th>Teilnehmer<\/th>\n<th>Pkt.<\/th>\n<th>&#8211;<\/th>\n<th>Teilnehmer<\/th>\n<th>Pkt.<\/th>\n<th>Erg.<\/th>\n<\/tr>\n<tr bgcolor=\"#00FFFF\">\n<td>1<\/td>\n<td>Kendzior,\u00a0Uwe<\/td>\n<td>(5\u00bd)<\/td>\n<td>&#8211;<\/td>\n<td>Jacobs,\u00a0Verena<\/td>\n<td>(3\u00bd)<\/td>\n<td>1 &#8211; 0<\/td>\n<\/tr>\n<tr bgcolor=\"#00FFFF\">\n<td>2<\/td>\n<td>Dockhorn,\u00a0Alfred<\/td>\n<td>(3\u00bd)<\/td>\n<td>&#8211;<\/td>\n<td>Freimuth,\u00a0Dominik<\/td>\n<td>(5)<\/td>\n<td>0 &#8211; 1<\/td>\n<\/tr>\n<tr bgcolor=\"#00FFFF\">\n<td>3<\/td>\n<td>Porcher,\u00a0Ernst-Michael<\/td>\n<td>(3\u00bd)<\/td>\n<td>&#8211;<\/td>\n<td>Lozar,\u00a0Peter<\/td>\n<td>(3)<\/td>\n<td>1 &#8211; 0<\/td>\n<\/tr>\n<tr bgcolor=\"#00FFFF\">\n<td>4<\/td>\n<td>M\u00fcller,\u00a0Dirk<\/td>\n<td>(3)<\/td>\n<td>&#8211;<\/td>\n<td>Graf,\u00a0Rodolfo<\/td>\n<td>(3)<\/td>\n<td>0 &#8211; 1<\/td>\n<\/tr>\n<tr bgcolor=\"#00FFFF\">\n<td>5<\/td>\n<td>Porcher,\u00a0Michael<\/td>\n<td>(2\u00bd)<\/td>\n<td>&#8211;<\/td>\n<td>Schwabe,\u00a0Tobias<\/td>\n<td>(3)<\/td>\n<td>0 &#8211; 1<\/td>\n<\/tr>\n<tr bgcolor=\"#00FFFF\">\n<td>6<\/td>\n<td>Sch\u00e4fer,\u00a0Christian<\/td>\n<td>(2\u00bd)<\/td>\n<td>&#8211;<\/td>\n<td>Bohn,\u00a0Berthold<\/td>\n<td>(3)<\/td>\n<td>\u00bd\u00a0&#8211; \u00bd<\/td>\n<\/tr>\n<tr bgcolor=\"#00FFFF\">\n<td>7<\/td>\n<td>Wiesen,\u00a0Marcus<\/td>\n<td>(2)<\/td>\n<td>&#8211;<\/td>\n<td>Jacobs,\u00a0Daniel<\/td>\n<td>(2)<\/td>\n<td>\u00a0+ &#8211;<\/td>\n<\/tr>\n<tr bgcolor=\"#00FFFF\">\n<td>8<\/td>\n<td>Schulthei\u00df,\u00a0Walter<\/td>\n<td>(2)<\/td>\n<td>&#8211;<\/td>\n<td>Gei\u00df,\u00a0J\u00fcrgen<\/td>\n<td>(1)<\/td>\n<td>1 &#8211; 0<\/td>\n<\/tr>\n<\/tbody>\n<\/table>\n<p>&nbsp;<\/p>\n<table border=\"2\" cellspacing=\"2\" cellpadding=\"2\" bgcolor=\"#C0C0C0\">\n<tbody>\n<tr>\n<td colspan=\"9\">Ergebnisse der\u00a06.\u00a0Runde<\/td>\n<\/tr>\n<tr bgcolor=\"#00FF00\">\n<th>Nr.<\/th>\n<th>Teilnehmer<\/th>\n<th>Pkt.<\/th>\n<th>&#8211;<\/th>\n<th>Teilnehmer<\/th>\n<th>Pkt.<\/th>\n<th>Erg.<\/th>\n<\/tr>\n<tr bgcolor=\"#00FFFF\">\n<td>1<\/td>\n<td>Graf,\u00a0Rodolfo<\/td>\n<td>(3)<\/td>\n<td>&#8211;<\/td>\n<td>Kendzior,\u00a0Uwe<\/td>\n<td>(4\u00bd)<\/td>\n<td>0 &#8211; 1<\/td>\n<\/tr>\n<tr bgcolor=\"#00FFFF\">\n<td>2<\/td>\n<td>Freimuth,\u00a0Dominik<\/td>\n<td>(4)<\/td>\n<td>&#8211;<\/td>\n<td>M\u00fcller,\u00a0Dirk<\/td>\n<td>(3)<\/td>\n<td>1 &#8211; 0<\/td>\n<\/tr>\n<tr bgcolor=\"#00FFFF\">\n<td>3<\/td>\n<td>Dockhorn,\u00a0Alfred<\/td>\n<td>(3)<\/td>\n<td>&#8211;<\/td>\n<td>Porcher,\u00a0Ernst-Michael<\/td>\n<td>(3)<\/td>\n<td>\u00bd\u00a0&#8211; \u00bd<\/td>\n<\/tr>\n<tr bgcolor=\"#00FFFF\">\n<td>4<\/td>\n<td>Jacobs,\u00a0Verena<\/td>\n<td>(2\u00bd)<\/td>\n<td>&#8211;<\/td>\n<td>Sch\u00e4fer,\u00a0Christian<\/td>\n<td>(2\u00bd)<\/td>\n<td>1 &#8211; 0<\/td>\n<\/tr>\n<tr bgcolor=\"#00FFFF\">\n<td>5<\/td>\n<td>Schwabe,\u00a0Tobias<\/td>\n<td>(2\u00bd)<\/td>\n<td>&#8211;<\/td>\n<td>Bohn,\u00a0Berthold<\/td>\n<td>(2\u00bd)<\/td>\n<td>\u00bd\u00a0&#8211; \u00bd<\/td>\n<\/tr>\n<tr bgcolor=\"#00FFFF\">\n<td>6<\/td>\n<td>Lozar,\u00a0Peter<\/td>\n<td>(2)<\/td>\n<td>&#8211;<\/td>\n<td>Schulthei\u00df,\u00a0Walter<\/td>\n<td>(2)<\/td>\n<td>1 &#8211; 0<\/td>\n<\/tr>\n<tr bgcolor=\"#00FFFF\">\n<td>7<\/td>\n<td>Wiesen,\u00a0Marcus<\/td>\n<td>(2)<\/td>\n<td>&#8211;<\/td>\n<td>Jacobs,\u00a0Daniel<\/td>\n<td>(1)<\/td>\n<td>\u00a0&#8211; +<\/td>\n<\/tr>\n<tr bgcolor=\"#00FFFF\">\n<td>8<\/td>\n<td>Porcher,\u00a0Michael<\/td>\n<td>(1\u00bd)<\/td>\n<td>&#8211;<\/td>\n<td>Gei\u00df,\u00a0J\u00fcrgen<\/td>\n<td>(1)<\/td>\n<td>1 &#8211; 0<\/td>\n<\/tr>\n<\/tbody>\n<\/table>\n<p>&nbsp;<\/p>\n<table border=\"2\" cellspacing=\"2\" cellpadding=\"2\" bgcolor=\"#C0C0C0\">\n<tbody>\n<tr>\n<td colspan=\"9\">Ergebnisse der\u00a05.\u00a0Runde<\/td>\n<\/tr>\n<tr bgcolor=\"#00FF00\">\n<th>Nr.<\/th>\n<th>Teilnehmer<\/th>\n<th>Pkt.<\/th>\n<th>&#8211;<\/th>\n<th>Teilnehmer<\/th>\n<th>Pkt.<\/th>\n<th>Erg.<\/th>\n<\/tr>\n<tr bgcolor=\"#00FFFF\">\n<td>1<\/td>\n<td>Kendzior,\u00a0Uwe<\/td>\n<td>(3\u00bd)<\/td>\n<td>&#8211;<\/td>\n<td>Sch\u00e4fer,\u00a0Christian<\/td>\n<td>(2\u00bd)<\/td>\n<td>1 -0<\/td>\n<\/tr>\n<tr bgcolor=\"#00FFFF\">\n<td>2<\/td>\n<td>Porcher,\u00a0Ernst-Michael<\/td>\n<td>(3)<\/td>\n<td>&#8211;<\/td>\n<td>Freimuth,\u00a0Dominik<\/td>\n<td>(3)<\/td>\n<td>0 &#8211; 1<\/td>\n<\/tr>\n<tr bgcolor=\"#00FFFF\">\n<td>3<\/td>\n<td>M\u00fcller,\u00a0Dirk<\/td>\n<td>(2\u00bd)<\/td>\n<td>&#8211;<\/td>\n<td>Dockhorn,\u00a0Alfred<\/td>\n<td>(2\u00bd)<\/td>\n<td>\u00bd\u00a0&#8211; \u00bd<\/td>\n<\/tr>\n<tr bgcolor=\"#00FFFF\">\n<td>4<\/td>\n<td>Graf,\u00a0Rodolfo<\/td>\n<td>(2)<\/td>\n<td>&#8211;<\/td>\n<td>Lozar,\u00a0Peter<\/td>\n<td>(2)<\/td>\n<td>1 &#8211; 0<\/td>\n<\/tr>\n<tr bgcolor=\"#00FFFF\">\n<td>5<\/td>\n<td>Jacobs,\u00a0Verena<\/td>\n<td>(2)<\/td>\n<td>&#8211;<\/td>\n<td>Schwabe,\u00a0Tobias<\/td>\n<td>(2)<\/td>\n<td>\u00bd\u00a0&#8211; \u00bd<\/td>\n<\/tr>\n<tr bgcolor=\"#00FFFF\">\n<td>6<\/td>\n<td>Wiesen,\u00a0Marcus<\/td>\n<td>(1\u00bd)<\/td>\n<td>&#8211;<\/td>\n<td>Schulthei\u00df,\u00a0Walter<\/td>\n<td>(1\u00bd)<\/td>\n<td>\u00bd\u00a0&#8211; \u00bd<\/td>\n<\/tr>\n<tr bgcolor=\"#00FFFF\">\n<td>7<\/td>\n<td>Bohn,\u00a0Berthold<\/td>\n<td>(1\u00bd)<\/td>\n<td>&#8211;<\/td>\n<td>Porcher,\u00a0Michael<\/td>\n<td>(1\u00bd)<\/td>\n<td>1 &#8211; 0<\/td>\n<\/tr>\n<tr bgcolor=\"#00FFFF\">\n<td>8<\/td>\n<td>Jacobs,\u00a0Daniel<\/td>\n<td>(0)<\/td>\n<td>&#8211;<\/td>\n<td>Gei\u00df,\u00a0J\u00fcrgen<\/td>\n<td>(1)<\/td>\n<td>\u00a0+ &#8211;<\/td>\n<\/tr>\n<\/tbody>\n<\/table>\n<p>&nbsp;<\/p>\n<table border=\"2\" cellspacing=\"2\" cellpadding=\"2\" bgcolor=\"#C0C0C0\">\n<tbody>\n<tr>\n<td colspan=\"9\">Ergebnisse der\u00a04.\u00a0Runde<\/td>\n<\/tr>\n<tr bgcolor=\"#00FF00\">\n<th>Nr.<\/th>\n<th>Teilnehmer<\/th>\n<th>Pkt.<\/th>\n<th>&#8211;<\/th>\n<th>Teilnehmer<\/th>\n<th>Pkt.<\/th>\n<th>Erg.<\/th>\n<\/tr>\n<tr bgcolor=\"#00FFFF\">\n<td>1<\/td>\n<td>Freimuth,\u00a0Dominik<\/td>\n<td>(2\u00bd)<\/td>\n<td>&#8211;<\/td>\n<td>Kendzior,\u00a0Uwe<\/td>\n<td>(3)<\/td>\n<td>\u00bd\u00a0&#8211; \u00bd<\/td>\n<\/tr>\n<tr bgcolor=\"#00FFFF\">\n<td>2<\/td>\n<td>Porcher,\u00a0Ernst-Michael<\/td>\n<td>(2)<\/td>\n<td>&#8211;<\/td>\n<td>Graf,\u00a0Rodolfo<\/td>\n<td>(2)<\/td>\n<td>1 &#8211; 0<\/td>\n<\/tr>\n<tr bgcolor=\"#00FFFF\">\n<td>3<\/td>\n<td>Sch\u00e4fer,\u00a0Christian<\/td>\n<td>(2)<\/td>\n<td>&#8211;<\/td>\n<td>Dockhorn,\u00a0Alfred<\/td>\n<td>(2)<\/td>\n<td>\u00bd\u00a0&#8211; \u00bd<\/td>\n<\/tr>\n<tr bgcolor=\"#00FFFF\">\n<td>4<\/td>\n<td>Schwabe,\u00a0Tobias<\/td>\n<td>(1\u00bd)<\/td>\n<td>&#8211;<\/td>\n<td>M\u00fcller,\u00a0Dirk<\/td>\n<td>(2)<\/td>\n<td>\u00bd\u00a0&#8211; \u00bd<\/td>\n<\/tr>\n<tr bgcolor=\"#00FFFF\">\n<td>5<\/td>\n<td>Lozar,\u00a0Peter<\/td>\n<td>(1\u00bd)<\/td>\n<td>&#8211;<\/td>\n<td>Jacobs,\u00a0Verena<\/td>\n<td>(1\u00bd)<\/td>\n<td>\u00bd\u00a0&#8211; \u00bd<\/td>\n<\/tr>\n<tr bgcolor=\"#00FFFF\">\n<td>6<\/td>\n<td>Schulthei\u00df,\u00a0Walter<\/td>\n<td>(1)<\/td>\n<td>&#8211;<\/td>\n<td>Bohn,\u00a0Berthold<\/td>\n<td>(1)<\/td>\n<td>\u00bd\u00a0&#8211; \u00bd<\/td>\n<\/tr>\n<tr bgcolor=\"#00FFFF\">\n<td>7<\/td>\n<td>Porcher,\u00a0Michael<\/td>\n<td>(1)<\/td>\n<td>&#8211;<\/td>\n<td>Wiesen,\u00a0Marcus<\/td>\n<td>(1)<\/td>\n<td>\u00bd\u00a0&#8211; \u00bd<\/td>\n<\/tr>\n<tr bgcolor=\"#00FFFF\">\n<td>8<\/td>\n<td>Jacobs,\u00a0Daniel<\/td>\n<td>(0)<\/td>\n<td>&#8211;<\/td>\n<td>Gei\u00df,\u00a0J\u00fcrgen<\/td>\n<td>(0)<\/td>\n<td>\u00a0&#8211; +<\/td>\n<\/tr>\n<\/tbody>\n<\/table>\n<p>&nbsp;<\/p>\n<table border=\"2\" cellspacing=\"2\" cellpadding=\"2\" bgcolor=\"#C0C0C0\">\n<tbody>\n<tr>\n<td colspan=\"9\">Ergebnisse der\u00a03.\u00a0Runde<\/td>\n<\/tr>\n<tr bgcolor=\"#00FF00\">\n<th>Nr.<\/th>\n<th>Teilnehmer<\/th>\n<th>Pkt.<\/th>\n<th>&#8211;<\/th>\n<th>Teilnehmer<\/th>\n<th>Pkt.<\/th>\n<th>Erg.<\/th>\n<\/tr>\n<tr bgcolor=\"#00FFFF\">\n<td>1<\/td>\n<td>Kendzior,\u00a0Uwe<\/td>\n<td>(2)<\/td>\n<td>&#8211;<\/td>\n<td>Porcher,\u00a0Ernst-Michael<\/td>\n<td>(2)<\/td>\n<td>1 &#8211; 0<\/td>\n<\/tr>\n<tr bgcolor=\"#00FFFF\">\n<td>2<\/td>\n<td>Freimuth,\u00a0Dominik<\/td>\n<td>(1\u00bd)<\/td>\n<td>&#8211;<\/td>\n<td>Jacobs,\u00a0Verena<\/td>\n<td>(1\u00bd)<\/td>\n<td>1 &#8211; 0<\/td>\n<\/tr>\n<tr bgcolor=\"#00FFFF\">\n<td>3<\/td>\n<td>Dockhorn,\u00a0Alfred<\/td>\n<td>(1\u00bd)<\/td>\n<td>&#8211;<\/td>\n<td>Lozar,\u00a0Peter<\/td>\n<td>(1)<\/td>\n<td>\u00bd\u00a0&#8211; \u00bd<\/td>\n<\/tr>\n<tr bgcolor=\"#00FFFF\">\n<td>4<\/td>\n<td>Graf,\u00a0Rodolfo<\/td>\n<td>(1)<\/td>\n<td>&#8211;<\/td>\n<td>Schulthei\u00df,\u00a0Walter<\/td>\n<td>(1)<\/td>\n<td>1 -0<\/td>\n<\/tr>\n<tr bgcolor=\"#00FFFF\">\n<td>5<\/td>\n<td>Wiesen,\u00a0Marcus<\/td>\n<td>(1)<\/td>\n<td>&#8211;<\/td>\n<td>Sch\u00e4fer,\u00a0Christian<\/td>\n<td>(1)<\/td>\n<td>&#8211; -+<\/td>\n<\/tr>\n<tr bgcolor=\"#00FFFF\">\n<td>6<\/td>\n<td>M\u00fcller,\u00a0Dirk<\/td>\n<td>(1)<\/td>\n<td>&#8211;<\/td>\n<td>Bohn,\u00a0Berthold<\/td>\n<td>(1)<\/td>\n<td>\u00a01-0<\/td>\n<\/tr>\n<tr bgcolor=\"#00FFFF\">\n<td>7<\/td>\n<td>Gei\u00df,\u00a0J\u00fcrgen<\/td>\n<td>(0)<\/td>\n<td>&#8211;<\/td>\n<td>Schwabe,\u00a0Tobias<\/td>\n<td>(\u00bd)<\/td>\n<td>0 -1<\/td>\n<\/tr>\n<tr bgcolor=\"#00FFFF\">\n<td>8<\/td>\n<td>Jacobs,\u00a0Daniel<\/td>\n<td>(0)<\/td>\n<td>&#8211;<\/td>\n<td>Porcher,\u00a0Michael<\/td>\n<td>(0)<\/td>\n<td>0 -1<\/td>\n<\/tr>\n<\/tbody>\n<\/table>\n<p>&nbsp;<\/p>\n<table border=\"2\" cellspacing=\"2\" cellpadding=\"2\" bgcolor=\"#C0C0C0\">\n<tbody>\n<tr>\n<td colspan=\"9\">Ergebnisse der\u00a02.\u00a0Runde<\/td>\n<\/tr>\n<tr bgcolor=\"#00FF00\">\n<th>Nr.<\/th>\n<th>Teilnehmer<\/th>\n<th>Pkt.<\/th>\n<th>&#8211;<\/th>\n<th>Teilnehmer<\/th>\n<th>Pkt.<\/th>\n<th>Erg.<\/th>\n<\/tr>\n<tr bgcolor=\"#00FFFF\">\n<td>1<\/td>\n<td>Schulthei\u00df,\u00a0Walter<\/td>\n<td>(1)<\/td>\n<td>&#8211;<\/td>\n<td>Kendzior,\u00a0Uwe<\/td>\n<td>(1)<\/td>\n<td>0 &#8211; 1<\/td>\n<\/tr>\n<tr bgcolor=\"#00FFFF\">\n<td>2<\/td>\n<td>Porcher,\u00a0Ernst-Michael<\/td>\n<td>(1)<\/td>\n<td>&#8211;<\/td>\n<td>Wiesen,\u00a0Marcus<\/td>\n<td>(1)<\/td>\n<td>1 &#8211; 0<\/td>\n<\/tr>\n<tr bgcolor=\"#00FFFF\">\n<td>3<\/td>\n<td>Jacobs,\u00a0Verena<\/td>\n<td>(1)<\/td>\n<td>&#8211;<\/td>\n<td>Dockhorn,\u00a0Alfred<\/td>\n<td>(1)<\/td>\n<td>\u00bd\u00a0&#8211; \u00bd<\/td>\n<\/tr>\n<tr bgcolor=\"#00FFFF\">\n<td>4<\/td>\n<td>Sch\u00e4fer,\u00a0Christian<\/td>\n<td>(\u00bd)<\/td>\n<td>&#8211;<\/td>\n<td>Graf,\u00a0Rodolfo<\/td>\n<td>(\u00bd)<\/td>\n<td>\u00bd &#8211; \u00bd<\/td>\n<\/tr>\n<tr bgcolor=\"#00FFFF\">\n<td>5<\/td>\n<td>Schwabe,\u00a0Tobias<\/td>\n<td>(\u00bd)<\/td>\n<td>&#8211;<\/td>\n<td>Freimuth,\u00a0Dominik<\/td>\n<td>(\u00bd)<\/td>\n<td>0 &#8211; 1<\/td>\n<\/tr>\n<tr bgcolor=\"#00FFFF\">\n<td>6<\/td>\n<td>Lozar,\u00a0Peter<\/td>\n<td>(0)<\/td>\n<td>&#8211;<\/td>\n<td>Gei\u00df,\u00a0J\u00fcrgen<\/td>\n<td>(0)<\/td>\n<td>1 &#8211; 0<\/td>\n<\/tr>\n<tr bgcolor=\"#00FFFF\">\n<td>7<\/td>\n<td>Porcher,\u00a0Michael<\/td>\n<td>(0)<\/td>\n<td>&#8211;<\/td>\n<td>M\u00fcller,\u00a0Dirk<\/td>\n<td>(0)<\/td>\n<td>0 &#8211; 1<\/td>\n<\/tr>\n<tr bgcolor=\"#00FFFF\">\n<td>8<\/td>\n<td>Bohn,\u00a0Berthold<\/td>\n<td>(0)<\/td>\n<td>&#8211;<\/td>\n<td>Jacobs,\u00a0Daniel<\/td>\n<td>(0)<\/td>\n<td>1 &#8211; 0<\/td>\n<\/tr>\n<\/tbody>\n<\/table>\n<p>&nbsp;<\/p>\n<table border=\"2\" cellspacing=\"2\" cellpadding=\"2\" bgcolor=\"#C0C0C0\">\n<tbody>\n<tr>\n<td colspan=\"9\">Ergebnisse der\u00a01.\u00a0Runde<\/td>\n<\/tr>\n<tr bgcolor=\"#00FF00\">\n<th>Nr.<\/th>\n<th>Teilnehmer<\/th>\n<th>Pkt.<\/th>\n<th>&#8211;<\/th>\n<th>Teilnehmer<\/th>\n<th>Pkt.<\/th>\n<th>Erg.<\/th>\n<\/tr>\n<tr bgcolor=\"#00FFFF\">\n<td>1<\/td>\n<td>Graf, Rodolfo<\/td>\n<td>()<\/td>\n<td>&#8211;<\/td>\n<td>Schwabe, Tobias<\/td>\n<td>()<\/td>\n<td>\u00bd &#8211; \u00bd<\/td>\n<\/tr>\n<tr bgcolor=\"#00FFFF\">\n<td>2<\/td>\n<td>Wiesen, Marcus<\/td>\n<td>()<\/td>\n<td>&#8211;<\/td>\n<td>Lozar, Peter<\/td>\n<td>()<\/td>\n<td>1 &#8211; 0<\/td>\n<\/tr>\n<tr bgcolor=\"#00FFFF\">\n<td>3<\/td>\n<td>Kendzior, Uwe<\/td>\n<td>()<\/td>\n<td>&#8211;<\/td>\n<td>Bohn, Berthold<\/td>\n<td>()<\/td>\n<td>1 &#8211; 0<\/td>\n<\/tr>\n<tr bgcolor=\"#00FFFF\">\n<td>4<\/td>\n<td>Freimuth, Dominik<\/td>\n<td>()<\/td>\n<td>&#8211;<\/td>\n<td>Sch\u00e4fer, Christian<\/td>\n<td>()<\/td>\n<td>\u00bd &#8211; \u00bd<\/td>\n<\/tr>\n<tr bgcolor=\"#00FFFF\">\n<td>5<\/td>\n<td>M\u00fcller, Dirk<\/td>\n<td>()<\/td>\n<td>&#8211;<\/td>\n<td>Jacobs, Verena<\/td>\n<td>()<\/td>\n<td>0 &#8211; 1<\/td>\n<\/tr>\n<tr bgcolor=\"#00FFFF\">\n<td>6<\/td>\n<td>Gei\u00df,\u00a0J\u00fcrgen<\/td>\n<td>()<\/td>\n<td>&#8211;<\/td>\n<td>Porcher, Ernst-Michael<\/td>\n<td>()<\/td>\n<td>0 &#8211; 1<\/td>\n<\/tr>\n<tr bgcolor=\"#00FFFF\">\n<td>7<\/td>\n<td>Dockhorn, Alfred<\/td>\n<td>()<\/td>\n<td>&#8211;<\/td>\n<td>Porcher, Michael<\/td>\n<td>()<\/td>\n<td>1 &#8211; 0<\/td>\n<\/tr>\n<tr bgcolor=\"#00FFFF\">\n<td>8<\/td>\n<td>Jacobs, Daniel<\/td>\n<td>()<\/td>\n<td>&#8211;<\/td>\n<td>Schulthei\u00df, Walter<\/td>\n<td>()<\/td>\n<td>0 &#8211; 1<\/td>\n<\/tr>\n<\/tbody>\n<\/table>\n","protected":false},"excerpt":{"rendered":"<p>Modus: Schweizer System, zwei Stunden f\u00fcr 40 Z\u00fcge, 30 Minuten f\u00fcr den Rest, DWZ-Auswertung, bei Punktgleichheit Buchholz und Buchholzsummen-Wertung. Ausnahme:<\/p>\n","protected":false},"author":2,"featured_media":0,"parent":150,"menu_order":217,"comment_status":"open","ping_status":"open","template":"","meta":{"colormag_page_container_layout":"default_layout","colormag_page_sidebar_layout":"default_layout","ngg_post_thumbnail":0,"footnotes":""},"class_list":["post-3234","page","type-page","status-publish","hentry"],"_links":{"self":[{"href":"http:\/\/www.sf-bir.de\/index.php?rest_route=\/wp\/v2\/pages\/3234","targetHints":{"allow":["GET"]}}],"collection":[{"href":"http:\/\/www.sf-bir.de\/index.php?rest_route=\/wp\/v2\/pages"}],"about":[{"href":"http:\/\/www.sf-bir.de\/index.php?rest_route=\/wp\/v2\/types\/page"}],"author":[{"embeddable":true,"href":"http:\/\/www.sf-bir.de\/index.php?rest_route=\/wp\/v2\/users\/2"}],"replies":[{"embeddable":true,"href":"http:\/\/www.sf-bir.de\/index.php?rest_route=%2Fwp%2Fv2%2Fcomments&post=3234"}],"version-history":[{"count":41,"href":"http:\/\/www.sf-bir.de\/index.php?rest_route=\/wp\/v2\/pages\/3234\/revisions"}],"predecessor-version":[{"id":3850,"href":"http:\/\/www.sf-bir.de\/index.php?rest_route=\/wp\/v2\/pages\/3234\/revisions\/3850"}],"up":[{"embeddable":true,"href":"http:\/\/www.sf-bir.de\/index.php?rest_route=\/wp\/v2\/pages\/150"}],"wp:attachment":[{"href":"http:\/\/www.sf-bir.de\/index.php?rest_route=%2Fwp%2Fv2%2Fmedia&parent=3234"}],"curies":[{"name":"wp","href":"https:\/\/api.w.org\/{rel}","templated":true}]}}