{"id":2950,"date":"2012-07-11T12:51:35","date_gmt":"2012-07-11T11:51:35","guid":{"rendered":"http:\/\/www.sf-bir.de\/?page_id=2950"},"modified":"2015-03-16T13:34:48","modified_gmt":"2015-03-16T12:34:48","slug":"saison-2011-2012","status":"publish","type":"page","link":"http:\/\/www.sf-bir.de\/?page_id=2950","title":{"rendered":"Saison 2011\/2012"},"content":{"rendered":"<h1>Saison 2011 \/ 2012<\/h1>\n<p>Spielpl\u00e4ne f\u00fcr alle Mannschaften (ausf\u00fchrlich &amp; kompakt) zum Ausdrucken: <a title=\"Spielpl\u00e4ne f\u00fcr die Saison 2011 \/ 2012\" href=\"http:\/\/www.sf-bir.de\/_downloads\/Spielplan-2011-2012.pdf\">Spielpl\u00e4ne<\/a>.<\/p>\n<hr \/>\n<h2><strong>Erste Mannschaft &#8211; Bezirksliga West<\/strong><\/h2>\n<h3>Ergebnisse &amp; Tabelle<\/h3>\n<ul>\n<li><a title=\"Tabelle Bezirksliga West\" href=\"https:\/\/ssl-account.com\/sbrp-ergebnisdienst.de\/?p1=0:pa:KK8B1-11-1\" target=\"_blank\">Tabelle<\/a> Bezirksliga West 2011\/2012<\/li>\n<\/ul>\n<h3>Aufstellung \/ Brettreihenfolge<\/h3>\n<ol>\n<li>Ernst-Michael Porcher<\/li>\n<li>Mark-Andr\u00e9 Ruppenthal (MF)<\/li>\n<li>Uwe Kendzior<\/li>\n<li>Peter Lozar (2. MF)<\/li>\n<li>Christian Sch\u00e4fer<\/li>\n<li>Boris Gubin<\/li>\n<li>Aleksej Gubin<\/li>\n<li>Dirk M\u00fcller<\/li>\n<\/ol>\n<p>Neuer Mannschaftsf\u00fchrer seit November 2011 ist Ernst-Michael Porcher.<\/p>\n<p>&nbsp;<\/p>\n<hr \/>\n<h2><strong>Zweite Mannschaft &#8211; Bezirksklasse<\/strong><\/h2>\n<h3>Ergebnisse &amp; Tabelle<\/h3>\n<ul>\n<li><a title=\"Tabelle Bezirksklasse\" href=\"https:\/\/ssl-account.com\/sbrp-ergebnisdienst.de\/?p1=0:pa:KK8C6-11-1\" target=\"_blank\">Tabelle<\/a> Bezirksklasse 2011\/2012 &#8211; Bezirk VI<\/li>\n<\/ul>\n<h3>Aufstellung \/ Brettreihenfolge<\/h3>\n<ol>\n<li>Helmut Knoll<\/li>\n<li>Tobias Schwabe (MF)<\/li>\n<li>Berthold Bohn<\/li>\n<li>Marcus Wiesen<\/li>\n<li>Gerhard H\u00e4nsel<\/li>\n<li>Walter Schulthei\u00df<\/li>\n<li>Albert Budewitz<\/li>\n<li>Alfred Dockhorn<\/li>\n<\/ol>\n<p>Nachgemeldet wurde Michael Schunck.<\/p>\n<p>&nbsp;<\/p>\n<hr \/>\n<h2>Dritte Mannschaft &#8211; Kreisliga<\/h2>\n<h3>Ergebnisse &amp; Tabelle<\/h3>\n<ul>\n<li><a title=\"Tabelle Kreisliga\" href=\"https:\/\/ssl-account.com\/sbrp-ergebnisdienst.de\/?p1=0:pa:KK8C7-11-1\" target=\"_blank\">Tabelle<\/a> Kreisliga 2011\/2012 &#8211; Bezirk VI<\/li>\n<\/ul>\n<h3>Aufstellung \/ Brettreihenfolge<\/h3>\n<ol>\n<li>Mario Jacobs<\/li>\n<li>Anton Heckel<\/li>\n<li>Konstantin Hauch<\/li>\n<li>Michael Hippenstiel<\/li>\n<li>Verena Jacobs<\/li>\n<li>Kurt Geibel (MF)<\/li>\n<li>Dominik Freimuth<\/li>\n<li>Joachim Stephan<\/li>\n<li>J\u00fcrgen Gei\u00df<\/li>\n<li>Daniel Jacobs<\/li>\n<li>Lothar Scheer<\/li>\n<li>Philipp N\u00e4her<\/li>\n<li>Fynn Seithel<\/li>\n<li>Michael Root<\/li>\n<li>Lukas Paetz<\/li>\n<\/ol>\n<p>&nbsp;<\/p>\n<hr \/>\n<h2>Mannschafts\u00fcbergreifende Links<\/h2>\n<ul>\n<li><a title=\"SBRP Ergebnisdienst\" href=\"http:\/\/sbrp-ergebnisdienst.de\/\" target=\"_blank\">Ergebnisdienst<\/a> (f\u00fcr Mannschaftsf\u00fchrer)<\/li>\n<\/ul>\n<ul>\n<li><a title=\"DWZ-Liste\" href=\"http:\/\/www.schachbund.de\/dwz\/db\/verein.html?zps=81207\" target=\"_blank\">DWZ-Liste der Birkenfelder Spieler<\/a><\/li>\n<li><a title=\"DWZ-Liste  (alphabetisch)\" href=\"http:\/\/www.schachbund.de\/dwz\/db\/verein.html?zps=81207&amp;sort=alpha\" target=\"_blank\">DWZ-Liste (alphabetisch)<\/a><\/li>\n<\/ul>\n","protected":false},"excerpt":{"rendered":"<p>Saison 2011 \/ 2012 Spielpl\u00e4ne f\u00fcr alle Mannschaften (ausf\u00fchrlich &amp; kompakt) zum Ausdrucken: Spielpl\u00e4ne. Erste Mannschaft &#8211; Bezirksliga West Ergebnisse<\/p>\n","protected":false},"author":1,"featured_media":0,"parent":126,"menu_order":122,"comment_status":"open","ping_status":"open","template":"","meta":{"colormag_page_container_layout":"default_layout","colormag_page_sidebar_layout":"default_layout","ngg_post_thumbnail":0,"footnotes":""},"class_list":["post-2950","page","type-page","status-publish","hentry"],"_links":{"self":[{"href":"http:\/\/www.sf-bir.de\/index.php?rest_route=\/wp\/v2\/pages\/2950","targetHints":{"allow":["GET"]}}],"collection":[{"href":"http:\/\/www.sf-bir.de\/index.php?rest_route=\/wp\/v2\/pages"}],"about":[{"href":"http:\/\/www.sf-bir.de\/index.php?rest_route=\/wp\/v2\/types\/page"}],"author":[{"embeddable":true,"href":"http:\/\/www.sf-bir.de\/index.php?rest_route=\/wp\/v2\/users\/1"}],"replies":[{"embeddable":true,"href":"http:\/\/www.sf-bir.de\/index.php?rest_route=%2Fwp%2Fv2%2Fcomments&post=2950"}],"version-history":[{"count":4,"href":"http:\/\/www.sf-bir.de\/index.php?rest_route=\/wp\/v2\/pages\/2950\/revisions"}],"predecessor-version":[{"id":4653,"href":"http:\/\/www.sf-bir.de\/index.php?rest_route=\/wp\/v2\/pages\/2950\/revisions\/4653"}],"up":[{"embeddable":true,"href":"http:\/\/www.sf-bir.de\/index.php?rest_route=\/wp\/v2\/pages\/126"}],"wp:attachment":[{"href":"http:\/\/www.sf-bir.de\/index.php?rest_route=%2Fwp%2Fv2%2Fmedia&parent=2950"}],"curies":[{"name":"wp","href":"https:\/\/api.w.org\/{rel}","templated":true}]}}