{"id":2540,"date":"2011-11-30T02:19:54","date_gmt":"2011-11-30T01:19:54","guid":{"rendered":"http:\/\/www.sf-bir.de\/?page_id=2540"},"modified":"2013-02-05T18:17:57","modified_gmt":"2013-02-05T17:17:57","slug":"vm-2012","status":"publish","type":"page","link":"http:\/\/www.sf-bir.de\/?page_id=2540","title":{"rendered":"VM 2012"},"content":{"rendered":"<p style=\"text-align: justify;\"><strong><a href=\"http:\/\/www.sf-bir.de\/?attachment_id=3384\" rel=\"attachment wp-att-3384\"><img loading=\"lazy\" decoding=\"async\" class=\"alignleft size-medium wp-image-3384\" alt=\"Wappenschild Pokal Vereinsmeisterschaft\" src=\"http:\/\/www.sf-bir.de\/wp-content\/uploads\/Wappenschild-Pokal-Vereinsmeisterschaft-transparent-225x300.png\" width=\"225\" height=\"300\" srcset=\"http:\/\/www.sf-bir.de\/wp-content\/uploads\/Wappenschild-Pokal-Vereinsmeisterschaft-transparent-225x300.png 225w, http:\/\/www.sf-bir.de\/wp-content\/uploads\/Wappenschild-Pokal-Vereinsmeisterschaft-transparent.png 420w\" sizes=\"auto, (max-width: 225px) 100vw, 225px\" \/><\/a>Modus:<br \/>\n<\/strong> Schweizer System, 2 Stunden f\u00fcr 40 Z\u00fcge, 30 Minuten f\u00fcr den Rest, DWZ-Auswertung, bei Punktgleichheit Buchholz und Buchholzsummen-Wertung.<\/p>\n<p style=\"text-align: justify;\"><strong>Ausnahme:<\/strong><br \/>\nDer 1. Platz wird bei Punktgleichheit durch einen Stichkampf \u2013 Schnellschach mit 20 min Bedenkzeit \u2013 entschieden, wobei der Buchholzbessere Spieler die Farbwahl hat. Endet die Partie ohne Sieger, gibt es eine zweite Partie mit vertauschten Farben. Bringt auch diese keinen Sieger, werden Blitzpartien (5 Minuten Bedenkzeit) mit wechselnden Farben bis zur Entscheidung gespielt.<\/p>\n<p style=\"text-align: justify;\">Sind nach der letzten Runde mehr als zwei Spieler punktgleich entscheidet der Turnierleiter \u00fcber den Modus des Stichkampfes.<\/p>\n<figure id=\"attachment_3179\" aria-describedby=\"caption-attachment-3179\" style=\"width: 480px\" class=\"wp-caption aligncenter\"><a href=\"http:\/\/www.sf-bir.de\/?attachment_id=3179\" rel=\"attachment wp-att-3179\"><img loading=\"lazy\" decoding=\"async\" class=\" wp-image-3179 \" title=\"Vereinsmeisterschaft 2012 - Gruppenbild Treppe\" alt=\"Vereinsmeisterschaft 2012 - Gruppenbild Treppe\" src=\"http:\/\/www.sf-bir.de\/wp-content\/uploads\/Vereinsmeisterschaft-2012-Gruppenbild-Treppe-600x450.jpg\" width=\"480\" height=\"360\" srcset=\"http:\/\/www.sf-bir.de\/wp-content\/uploads\/Vereinsmeisterschaft-2012-Gruppenbild-Treppe-600x450.jpg 600w, http:\/\/www.sf-bir.de\/wp-content\/uploads\/Vereinsmeisterschaft-2012-Gruppenbild-Treppe-600x450-300x225.jpg 300w\" sizes=\"auto, (max-width: 480px) 100vw, 480px\" \/><\/a><figcaption id=\"caption-attachment-3179\" class=\"wp-caption-text\">Gruppenbild nach der letzten Runde auf der Treppe vor der Alten Schule in Birkenfeld.<\/figcaption><\/figure>\n<h2>Termine<\/h2>\n<ul>\n<li>1. Runde: Bis 27. Januar 2012<\/li>\n<li>2. Runde: Bis Freitag 2. M\u00e4rz 2012<\/li>\n<li>3. Runde: Bis Freitag 13. April 2012<\/li>\n<li>4. Runde: Bis Freitag 25. Mai 2012<\/li>\n<li>5. Runde: Bis Freitag 29. Juni 2012<\/li>\n<li>6. Runde: Bis Freitag 3. August 2012<\/li>\n<li>7. Runde: Bis Freitag 7. September 2012<\/li>\n<li>8. Runde: Bis Freitag 12. Oktober 2012<\/li>\n<li><strong>9. Runde: 1. November 2012<\/strong><\/li>\n<\/ul>\n<h2>Abschlusstabelle<\/h2>\n<table border=\"2\" cellspacing=\"2\" cellpadding=\"2\" bgcolor=\"#C0C0C0\">\n<tbody>\n<tr bgcolor=\"#00FF00\">\n<th>Nr.<\/th>\n<th>Teilnehmer<\/th>\n<th>DWZ<\/th>\n<th>S<\/th>\n<th>R<\/th>\n<th>V<\/th>\n<th>Pkt.<\/th>\n<th>Buchh<\/th>\n<th>BuSum<\/th>\n<\/tr>\n<tr bgcolor=\"#00FFFF\">\n<td>1.<\/td>\n<td>Lozar, Peter<\/td>\n<td>1644<\/td>\n<td>7<\/td>\n<td>2<\/td>\n<td>0<\/td>\n<td>8.0<\/td>\n<td>40.0<\/td>\n<td>381.0<\/td>\n<\/tr>\n<tr bgcolor=\"#00FFFF\">\n<td>2.<\/td>\n<td>Graf, Rodolfo<\/td>\n<td>1721<\/td>\n<td>6<\/td>\n<td>1<\/td>\n<td>2<\/td>\n<td>6.5<\/td>\n<td>47.5<\/td>\n<td>382.5<\/td>\n<\/tr>\n<tr bgcolor=\"#00FFFF\">\n<td>3.<\/td>\n<td>M\u00fcller, Dirk<\/td>\n<td>1537<\/td>\n<td>4<\/td>\n<td>3<\/td>\n<td>2<\/td>\n<td>5.5<\/td>\n<td>46.0<\/td>\n<td>372.5<\/td>\n<\/tr>\n<tr bgcolor=\"#00FFFF\">\n<td>4.<\/td>\n<td>Dockhorn, Alfred<\/td>\n<td>1554<\/td>\n<td>4<\/td>\n<td>3<\/td>\n<td>2<\/td>\n<td>5.5<\/td>\n<td>43.5<\/td>\n<td>387.0<\/td>\n<\/tr>\n<tr bgcolor=\"#00FFFF\">\n<td>5.<\/td>\n<td>Porcher, Ernst<\/td>\n<td>1609<\/td>\n<td>2<\/td>\n<td>7<\/td>\n<td>0<\/td>\n<td>5.5<\/td>\n<td>43.5<\/td>\n<td>363.0<\/td>\n<\/tr>\n<tr bgcolor=\"#00FFFF\">\n<td>6.<\/td>\n<td>Wiesen, Marcus<\/td>\n<td>1435<\/td>\n<td>2<\/td>\n<td>6<\/td>\n<td>1<\/td>\n<td>5.0<\/td>\n<td>39.0<\/td>\n<td>352.5<\/td>\n<\/tr>\n<tr bgcolor=\"#00FFFF\">\n<td>7.<\/td>\n<td>Freimuth, Dominik<\/td>\n<td>850<\/td>\n<td>3<\/td>\n<td>4<\/td>\n<td>2<\/td>\n<td>5.0<\/td>\n<td>38.5<\/td>\n<td>365.0<\/td>\n<\/tr>\n<tr bgcolor=\"#00FFFF\">\n<td>8.<\/td>\n<td>Schulthei\u00df, Walter<\/td>\n<td>1523<\/td>\n<td>5<\/td>\n<td>0<\/td>\n<td>4<\/td>\n<td>5.0<\/td>\n<td>38.0<\/td>\n<td>350.0<\/td>\n<\/tr>\n<tr bgcolor=\"#00FFFF\">\n<td>9.<\/td>\n<td>Jacobs, Verena<\/td>\n<td>1170<\/td>\n<td>3<\/td>\n<td>3<\/td>\n<td>3<\/td>\n<td>4.5<\/td>\n<td>45.0<\/td>\n<td>368.0<\/td>\n<\/tr>\n<tr bgcolor=\"#00FFFF\">\n<td>10.<\/td>\n<td>Kendzior, Uwe<\/td>\n<td>1655<\/td>\n<td>3<\/td>\n<td>3<\/td>\n<td>3<\/td>\n<td>4.5<\/td>\n<td>40.5<\/td>\n<td>379.0<\/td>\n<\/tr>\n<tr bgcolor=\"#00FFFF\">\n<td>11.<\/td>\n<td>Schwabe, Tobias<\/td>\n<td>1489<\/td>\n<td>3<\/td>\n<td>3<\/td>\n<td>3<\/td>\n<td>4.5<\/td>\n<td>37.0<\/td>\n<td>361.5<\/td>\n<\/tr>\n<tr bgcolor=\"#00FFFF\">\n<td>12.<\/td>\n<td>Bohn, Berthold<\/td>\n<td>1436<\/td>\n<td>4<\/td>\n<td>1<\/td>\n<td>4<\/td>\n<td>4.5<\/td>\n<td>35.5<\/td>\n<td>366.5<\/td>\n<\/tr>\n<tr bgcolor=\"#00FFFF\">\n<td>13.<\/td>\n<td>Gubin, Boris<\/td>\n<td>1587<\/td>\n<td>3<\/td>\n<td>2<\/td>\n<td>4<\/td>\n<td>4.0<\/td>\n<td>46.5<\/td>\n<td>375.5<\/td>\n<\/tr>\n<tr bgcolor=\"#00FFFF\">\n<td>14.<\/td>\n<td>Hauch, Konstantin<\/td>\n<td>1072<\/td>\n<td>2<\/td>\n<td>4<\/td>\n<td>3<\/td>\n<td>4.0<\/td>\n<td>40.5<\/td>\n<td>368.0<\/td>\n<\/tr>\n<tr bgcolor=\"#00FFFF\">\n<td>15.<\/td>\n<td>H\u00e4nsel, Gerhard<\/td>\n<td>1553<\/td>\n<td>0<\/td>\n<td>8<\/td>\n<td>1<\/td>\n<td>4.0<\/td>\n<td>35.5<\/td>\n<td>355.5<\/td>\n<\/tr>\n<tr bgcolor=\"#00FFFF\">\n<td>16.<\/td>\n<td>Gei\u00df, J\u00fcrgen<\/td>\n<td>1236<\/td>\n<td>2<\/td>\n<td>2<\/td>\n<td>5<\/td>\n<td>3.0<\/td>\n<td>36.0<\/td>\n<td>347.0<\/td>\n<\/tr>\n<tr bgcolor=\"#00FFFF\">\n<td>17.<\/td>\n<td>Geibel, Kurt<\/td>\n<td>1238<\/td>\n<td>1<\/td>\n<td>1<\/td>\n<td>7<\/td>\n<td>1.5<\/td>\n<td>38.5<\/td>\n<td>338.5<\/td>\n<\/tr>\n<tr bgcolor=\"#00FFFF\">\n<td>18.<\/td>\n<td>Jacobs, Daniel<\/td>\n<td><\/td>\n<td>0<\/td>\n<td>1<\/td>\n<td>8<\/td>\n<td>0.5<\/td>\n<td>37.5<\/td>\n<td>343.5<\/td>\n<\/tr>\n<\/tbody>\n<\/table>\n<h2>Ergebnisse &#8211; 9. Runde<\/h2>\n<table border=\"2\" cellspacing=\"2\" cellpadding=\"2\" bgcolor=\"#C0C0C0\">\n<tbody>\n<tr bgcolor=\"#00FF00\">\n<th>Nr.<\/th>\n<th>Teilnehmer<\/th>\n<th>Pkt.<\/th>\n<th>&#8211;<\/th>\n<th>Teilnehmer<\/th>\n<th>Pkt.<\/th>\n<th>Erg.<\/th>\n<\/tr>\n<tr bgcolor=\"#00FFFF\">\n<td>1<\/td>\n<td>Jacobs, Verena<\/td>\n<td>(4\u00bd)<\/td>\n<td>&#8211;<\/td>\n<td>Lozar, Peter<\/td>\n<td>(7)<\/td>\n<td>0 &#8211; 1<\/td>\n<\/tr>\n<tr bgcolor=\"#00FFFF\">\n<td>2<\/td>\n<td>Porcher, Ernst<\/td>\n<td>(4\u00bd)<\/td>\n<td>&#8211;<\/td>\n<td>Graf, Rodolfo<\/td>\n<td>(6\u00bd)<\/td>\n<td>1 &#8211; 0<\/td>\n<\/tr>\n<tr bgcolor=\"#00FFFF\">\n<td>3<\/td>\n<td>M\u00fcller, Dirk<\/td>\n<td>(4\u00bd)<\/td>\n<td>&#8211;<\/td>\n<td>Kendzior, Uwe<\/td>\n<td>(4\u00bd)<\/td>\n<td>\u00a0+ &#8211;<\/td>\n<\/tr>\n<tr bgcolor=\"#00FFFF\">\n<td>4<\/td>\n<td>Dockhorn, Alfred<\/td>\n<td>(4\u00bd)<\/td>\n<td>&#8211;<\/td>\n<td>Hauch, Konstantin<\/td>\n<td>(4)<\/td>\n<td>\u00a0+ &#8211;<\/td>\n<\/tr>\n<tr bgcolor=\"#00FFFF\">\n<td>5<\/td>\n<td>Gubin, Boris<\/td>\n<td>(4)<\/td>\n<td>&#8211;<\/td>\n<td>Bohn, Berthold<\/td>\n<td>(3\u00bd)<\/td>\n<td>\u00a0&#8211; +<\/td>\n<\/tr>\n<tr bgcolor=\"#00FFFF\">\n<td>6<\/td>\n<td>H\u00e4nsel, Gerhard<\/td>\n<td>(3\u00bd)<\/td>\n<td>&#8211;<\/td>\n<td>Schwabe, Tobias<\/td>\n<td>(4)<\/td>\n<td>\u00bd\u00a0&#8211; \u00bd<\/td>\n<\/tr>\n<tr bgcolor=\"#00FFFF\">\n<td>7<\/td>\n<td>Gei\u00df, J\u00fcrgen<\/td>\n<td>(3)<\/td>\n<td>&#8211;<\/td>\n<td>Freimuth, Dominik<\/td>\n<td>(4)<\/td>\n<td>0 &#8211; 1<\/td>\n<\/tr>\n<tr bgcolor=\"#00FFFF\">\n<td>8<\/td>\n<td>Schulthei\u00df, Walter<\/td>\n<td>(4)<\/td>\n<td>&#8211;<\/td>\n<td>Geibel, Kurt<\/td>\n<td>(1\u00bd)<\/td>\n<td>1 &#8211; 0<\/td>\n<\/tr>\n<tr bgcolor=\"#00FFFF\">\n<td>9<\/td>\n<td>Wiesen, Marcus<\/td>\n<td>(4)<\/td>\n<td>&#8211;<\/td>\n<td>Jacobs, Daniel<\/td>\n<td>(\u00bd)<\/td>\n<td>1 &#8211; 0<\/td>\n<\/tr>\n<\/tbody>\n<\/table>\n<h2>Ergebnisse &#8211; 8. Runde<\/h2>\n<table border=\"2\" cellspacing=\"2\" cellpadding=\"2\" bgcolor=\"#C0C0C0\">\n<tbody>\n<tr bgcolor=\"#00FF00\">\n<th>Nr.<\/th>\n<th>Teilnehmer<\/th>\n<th>Pkt.<\/th>\n<th>&#8211;<\/th>\n<th>Teilnehmer<\/th>\n<th>Pkt.<\/th>\n<th>Erg.<\/th>\n<\/tr>\n<tr bgcolor=\"#00FFFF\">\n<td>1<\/td>\n<td>Lozar, Peter<\/td>\n<td>(6)<\/td>\n<td>&#8211;<\/td>\n<td>Dockhorn, Alfred<\/td>\n<td>(4\u00bd)<\/td>\n<td>1 &#8211; 0<\/td>\n<\/tr>\n<tr bgcolor=\"#00FFFF\">\n<td>2<\/td>\n<td>Graf, Rodolfo<\/td>\n<td>(5\u00bd)<\/td>\n<td>&#8211;<\/td>\n<td>Jacobs, Verena<\/td>\n<td>(4\u00bd)<\/td>\n<td>1 &#8211; 0<\/td>\n<\/tr>\n<tr bgcolor=\"#00FFFF\">\n<td>3<\/td>\n<td>Freimuth, Dominik<\/td>\n<td>(3\u00bd)<\/td>\n<td>&#8211;<\/td>\n<td>M\u00fcller, Dirk<\/td>\n<td>(4)<\/td>\n<td>\u00bd\u00a0&#8211; \u00bd<\/td>\n<\/tr>\n<tr bgcolor=\"#00FFFF\">\n<td>4<\/td>\n<td>Schwabe, Tobias<\/td>\n<td>(3\u00bd)<\/td>\n<td>&#8211;<\/td>\n<td>Porcher, Ernst<\/td>\n<td>(4)<\/td>\n<td>\u00bd\u00a0&#8211; \u00bd<\/td>\n<\/tr>\n<tr bgcolor=\"#00FFFF\">\n<td>5<\/td>\n<td>Hauch, Konstantin<\/td>\n<td>(3\u00bd)<\/td>\n<td>&#8211;<\/td>\n<td>Gubin, Boris<\/td>\n<td>(3\u00bd)<\/td>\n<td>\u00bd\u00a0&#8211; \u00bd<\/td>\n<\/tr>\n<tr bgcolor=\"#00FFFF\">\n<td>6<\/td>\n<td>Kendzior, Uwe<\/td>\n<td>(3\u00bd)<\/td>\n<td>&#8211;<\/td>\n<td>Gei\u00df, J\u00fcrgen<\/td>\n<td>(3)<\/td>\n<td>1 &#8211; 0<\/td>\n<\/tr>\n<tr bgcolor=\"#00FFFF\">\n<td>7<\/td>\n<td>Bohn, Berthold<\/td>\n<td>(3)<\/td>\n<td>&#8211;<\/td>\n<td>Wiesen, Marcus<\/td>\n<td>(3\u00bd)<\/td>\n<td>\u00bd\u00a0&#8211; \u00bd<\/td>\n<\/tr>\n<tr bgcolor=\"#00FFFF\">\n<td>8<\/td>\n<td>Geibel, Kurt<\/td>\n<td>(1)<\/td>\n<td>&#8211;<\/td>\n<td>H\u00e4nsel, Gerhard<\/td>\n<td>(3)<\/td>\n<td>\u00bd\u00a0&#8211; \u00bd<\/td>\n<\/tr>\n<tr bgcolor=\"#00FFFF\">\n<td>9<\/td>\n<td>Jacobs, Daniel<\/td>\n<td>(\u00bd)<\/td>\n<td>&#8211;<\/td>\n<td>Schulthei\u00df, Walter<\/td>\n<td>(3)<\/td>\n<td>0 &#8211; 1<\/td>\n<\/tr>\n<\/tbody>\n<\/table>\n<h2>Ergebnisse &#8211; 7. Runde<\/h2>\n<table border=\"2\" cellspacing=\"2\" cellpadding=\"2\" bgcolor=\"#C0C0C0\">\n<tbody>\n<tr>\n<td colspan=\"9\">Paarungsliste\u00a0der\u00a07.\u00a0Runde<\/td>\n<\/tr>\n<tr bgcolor=\"#00FF00\">\n<th>Nr.<\/th>\n<th>Teilnehmer<\/th>\n<th>Pkt<\/th>\n<th>&#8211;<\/th>\n<th>Teilnehmer<\/th>\n<th>Pkt<\/th>\n<th>Erg.<\/th>\n<\/tr>\n<tr bgcolor=\"#00FFFF\">\n<td>1<\/td>\n<td>Lozar, Peter<\/td>\n<td>(5)<\/td>\n<td>&#8211;<\/td>\n<td>M\u00fcller, Dirk<\/td>\n<td>(4)<\/td>\n<td>\u00a0+ &#8211;<\/td>\n<\/tr>\n<tr bgcolor=\"#00FFFF\">\n<td>2<\/td>\n<td>Graf, Rodolfo<\/td>\n<td>(4\u00bd)<\/td>\n<td>&#8211;<\/td>\n<td>Kendzior, Uwe<\/td>\n<td>(3\u00bd)<\/td>\n<td>1 &#8211; 0<\/td>\n<\/tr>\n<tr bgcolor=\"#00FFFF\">\n<td>3<\/td>\n<td>Dockhorn, Alfred<\/td>\n<td>(3\u00bd)<\/td>\n<td>&#8211;<\/td>\n<td>Gubin, Boris<\/td>\n<td>(3\u00bd)<\/td>\n<td>\u00a0+ &#8211;<\/td>\n<\/tr>\n<tr bgcolor=\"#00FFFF\">\n<td>4<\/td>\n<td>Jacobs, Verena<\/td>\n<td>(3\u00bd)<\/td>\n<td>&#8211;<\/td>\n<td>Bohn, Berthold<\/td>\n<td>(3)<\/td>\n<td>1 &#8211; 0<\/td>\n<\/tr>\n<tr bgcolor=\"#00FFFF\">\n<td>5<\/td>\n<td>Wiesen, Marcus<\/td>\n<td>(3)<\/td>\n<td>&#8211;<\/td>\n<td>Schwabe, Tobias<\/td>\n<td>(3)<\/td>\n<td>\u00bd\u00a0&#8211; \u00bd<\/td>\n<\/tr>\n<tr bgcolor=\"#00FFFF\">\n<td>6<\/td>\n<td>Porcher, Ernst<\/td>\n<td>(3)<\/td>\n<td>&#8211;<\/td>\n<td>Schulthei\u00df, Walter<\/td>\n<td>(3)<\/td>\n<td>1 &#8211; 0<\/td>\n<\/tr>\n<tr bgcolor=\"#00FFFF\">\n<td>7<\/td>\n<td>H\u00e4nsel, Gerhard<\/td>\n<td>(2\u00bd)<\/td>\n<td>&#8211;<\/td>\n<td>Freimuth, Dominik<\/td>\n<td>(3)<\/td>\n<td>\u00bd\u00a0&#8211; \u00bd<\/td>\n<\/tr>\n<tr bgcolor=\"#00FFFF\">\n<td>8<\/td>\n<td>Hauch, Konstantin<\/td>\n<td>(2\u00bd)<\/td>\n<td>&#8211;<\/td>\n<td>Geibel, Kurt<\/td>\n<td>(1)<\/td>\n<td>1 &#8211; 0<\/td>\n<\/tr>\n<tr bgcolor=\"#00FFFF\">\n<td>9<\/td>\n<td>Gei\u00df, J\u00fcrgen<\/td>\n<td>(2)<\/td>\n<td>&#8211;<\/td>\n<td>Jacobs, Daniel<\/td>\n<td>(\u00bd)<\/td>\n<td>1 &#8211; 0<\/td>\n<\/tr>\n<\/tbody>\n<\/table>\n<h2>Ergebnisse &#8211; 6. Runde<\/h2>\n<table border=\"2\" cellspacing=\"2\" cellpadding=\"2\" bgcolor=\"#C0C0C0\">\n<tbody>\n<tr>\n<td colspan=\"9\">Paarungsliste der 6. Runde<\/td>\n<\/tr>\n<tr bgcolor=\"#00FF00\">\n<th>Nr.<\/th>\n<th>Teilnehmer<\/th>\n<th>Pkt<\/th>\n<th>&#8211;<\/th>\n<th>Teilnehmer<\/th>\n<th>Pkt<\/th>\n<th>Erg.<\/th>\n<\/tr>\n<tr bgcolor=\"#00FFFF\">\n<td>1<\/td>\n<td>M\u00fcller, Dirk<\/td>\n<td>(3)<\/td>\n<td>&#8211;<\/td>\n<td>Graf, Rodolfo<\/td>\n<td>(4\u00bd)<\/td>\n<td>1 &#8211; 0<\/td>\n<\/tr>\n<tr bgcolor=\"#00FFFF\">\n<td>2<\/td>\n<td>Schulthei\u00df, Walter<\/td>\n<td>(3)<\/td>\n<td>&#8211;<\/td>\n<td>Lozar, Peter<\/td>\n<td>(4)<\/td>\n<td>0 &#8211; 1<\/td>\n<\/tr>\n<tr bgcolor=\"#00FFFF\">\n<td>3<\/td>\n<td>Gubin, Boris<\/td>\n<td>(3)<\/td>\n<td>&#8211;<\/td>\n<td>Jacobs, Verena<\/td>\n<td>(3)<\/td>\n<td>\u00bd\u00a0&#8211; \u00bd<\/td>\n<\/tr>\n<tr bgcolor=\"#00FFFF\">\n<td>4<\/td>\n<td>Kendzior, Uwe<\/td>\n<td>(3)<\/td>\n<td>&#8211;<\/td>\n<td>Dockhorn, Alfred<\/td>\n<td>(3)<\/td>\n<td>\u00bd\u00a0&#8211; \u00bd<\/td>\n<\/tr>\n<tr bgcolor=\"#00FFFF\">\n<td>5<\/td>\n<td>Freimuth, Dominik<\/td>\n<td>(2\u00bd)<\/td>\n<td>&#8211;<\/td>\n<td>Wiesen, Marcus<\/td>\n<td>(2\u00bd)<\/td>\n<td>\u00bd\u00a0&#8211; \u00bd<\/td>\n<\/tr>\n<tr bgcolor=\"#00FFFF\">\n<td>6<\/td>\n<td>Porcher, Ernst<\/td>\n<td>(2\u00bd)<\/td>\n<td>&#8211;<\/td>\n<td>Hauch, Konstantin<\/td>\n<td>(2)<\/td>\n<td>\u00bd\u00a0&#8211; \u00bd<\/td>\n<\/tr>\n<tr bgcolor=\"#00FFFF\">\n<td>7<\/td>\n<td>Schwabe, Tobias<\/td>\n<td>(2)<\/td>\n<td>&#8211;<\/td>\n<td>Gei\u00df, J\u00fcrgen<\/td>\n<td>(2)<\/td>\n<td>1 &#8211; 0<\/td>\n<\/tr>\n<tr bgcolor=\"#00FFFF\">\n<td>8<\/td>\n<td>Bohn, Berthold<\/td>\n<td>(2)<\/td>\n<td>&#8211;<\/td>\n<td>Geibel, Kurt<\/td>\n<td>(1)<\/td>\n<td>1 &#8211; 0<\/td>\n<\/tr>\n<tr bgcolor=\"#00FFFF\">\n<td>9<\/td>\n<td>Jacobs, Daniel<\/td>\n<td>(0)<\/td>\n<td>&#8211;<\/td>\n<td>H\u00e4nsel, Gerhard<\/td>\n<td>(2)<\/td>\n<td>\u00bd\u00a0&#8211; \u00bd<\/td>\n<\/tr>\n<\/tbody>\n<\/table>\n<h2>Ergebnisse &#8211; 5. Runde<\/h2>\n<table border=\"2\" cellspacing=\"2\" cellpadding=\"2\" bgcolor=\"#C0C0C0\">\n<tbody>\n<tr>\n<td colspan=\"9\">Paarungsliste\u00a0der\u00a05.\u00a0Runde<\/td>\n<\/tr>\n<tr bgcolor=\"#00FF00\">\n<th>Nr.<\/th>\n<th>Teilnehmer<\/th>\n<th>Pkt<\/th>\n<th>&#8211;<\/th>\n<th>Teilnehmer<\/th>\n<th>Pkt<\/th>\n<th>Erg.<\/th>\n<\/tr>\n<tr bgcolor=\"#00FFFF\">\n<td>1<\/td>\n<td>Gubin, Boris<\/td>\n<td>(3)<\/td>\n<td>&#8211;<\/td>\n<td>Graf, Rodolfo<\/td>\n<td>(3\u00bd)<\/td>\n<td>\u00a0&#8211; +<\/td>\n<\/tr>\n<tr bgcolor=\"#00FFFF\">\n<td>2<\/td>\n<td>Lozar, Peter<\/td>\n<td>(3\u00bd)<\/td>\n<td>&#8211;<\/td>\n<td>Kendzior, Uwe<\/td>\n<td>(2\u00bd)<\/td>\n<td>\u00bd\u00a0&#8211; \u00bd<\/td>\n<\/tr>\n<tr bgcolor=\"#00FFFF\">\n<td>3<\/td>\n<td>Dockhorn, Alfred<\/td>\n<td>(2\u00bd)<\/td>\n<td>&#8211;<\/td>\n<td>M\u00fcller, Dirk<\/td>\n<td>(2\u00bd)<\/td>\n<td>\u00bd\u00a0&#8211; \u00bd<\/td>\n<\/tr>\n<tr bgcolor=\"#00FFFF\">\n<td>4<\/td>\n<td>Jacobs, Verena<\/td>\n<td>(2\u00bd)<\/td>\n<td>&#8211;<\/td>\n<td>Freimuth, Dominik<\/td>\n<td>(2)<\/td>\n<td>\u00bd\u00a0&#8211; \u00bd<\/td>\n<\/tr>\n<tr bgcolor=\"#00FFFF\">\n<td>5<\/td>\n<td>Schulthei\u00df, Walter<\/td>\n<td>(2)<\/td>\n<td>&#8211;<\/td>\n<td>Hauch, Konstantin<\/td>\n<td>(2)<\/td>\n<td>\u00a0+ &#8211;<\/td>\n<\/tr>\n<tr bgcolor=\"#00FFFF\">\n<td>6<\/td>\n<td>Wiesen, Marcus<\/td>\n<td>(2)<\/td>\n<td>&#8211;<\/td>\n<td>H\u00e4nsel, Gerhard<\/td>\n<td>(1\u00bd)<\/td>\n<td>\u00bd\u00a0&#8211; \u00bd<\/td>\n<\/tr>\n<tr bgcolor=\"#00FFFF\">\n<td>7<\/td>\n<td>Gei\u00df, J\u00fcrgen<\/td>\n<td>(1\u00bd)<\/td>\n<td>&#8211;<\/td>\n<td>Porcher, Ernst<\/td>\n<td>(2)<\/td>\n<td>\u00bd\u00a0&#8211; \u00bd<\/td>\n<\/tr>\n<tr bgcolor=\"#00FFFF\">\n<td>8<\/td>\n<td>Geibel, Kurt<\/td>\n<td>(1)<\/td>\n<td>&#8211;<\/td>\n<td>Schwabe, Tobias<\/td>\n<td>(1)<\/td>\n<td>0 &#8211; 1<\/td>\n<\/tr>\n<tr bgcolor=\"#00FFFF\">\n<td>9<\/td>\n<td>Jacobs, Daniel<\/td>\n<td>(0)<\/td>\n<td>&#8211;<\/td>\n<td>Bohn, Berthold<\/td>\n<td>(1)<\/td>\n<td>0 &#8211; 1<\/td>\n<\/tr>\n<\/tbody>\n<\/table>\n<h2>Ergebnisse &#8211; 4. Runde<\/h2>\n<table border=\"2\" cellspacing=\"2\" cellpadding=\"2\" bgcolor=\"#C0C0C0\">\n<tbody>\n<tr>\n<td colspan=\"9\">Paarungsliste\u00a0der\u00a04.\u00a0Runde<\/td>\n<\/tr>\n<tr bgcolor=\"#00FF00\">\n<th>Nr.<\/th>\n<th>Teilnehmer<\/th>\n<th>Pkt<\/th>\n<th>&#8211;<\/th>\n<th>Teilnehmer<\/th>\n<th>Pkt<\/th>\n<th>Erg<\/th>\n<\/tr>\n<tr bgcolor=\"#00FFFF\">\n<td>1<\/td>\n<td>Graf, Rodolfo<\/td>\n<td>(3)<\/td>\n<td>&#8211;<\/td>\n<td>Lozar, Peter<\/td>\n<td>(3)<\/td>\n<td>\u00bd\u00a0&#8211; \u00bd<\/td>\n<\/tr>\n<tr bgcolor=\"#00FFFF\">\n<td>2<\/td>\n<td>Gubin, Boris<\/td>\n<td>(2)<\/td>\n<td>&#8211;<\/td>\n<td>M\u00fcller, Dirk<\/td>\n<td>(2\u00bd)<\/td>\n<td>\u00a0+ &#8211;<\/td>\n<\/tr>\n<tr bgcolor=\"#00FFFF\">\n<td>3<\/td>\n<td>Kendzior, Uwe<\/td>\n<td>(2)<\/td>\n<td>&#8211;<\/td>\n<td>Jacobs, Verena<\/td>\n<td>(2)<\/td>\n<td>\u00bd\u00a0&#8211; \u00bd<\/td>\n<\/tr>\n<tr bgcolor=\"#00FFFF\">\n<td>4<\/td>\n<td>Porcher, Ernst<\/td>\n<td>(1\u00bd)<\/td>\n<td>&#8211;<\/td>\n<td>Dockhorn, Alfred<\/td>\n<td>(2)<\/td>\n<td>\u00bd\u00a0&#8211; \u00bd<\/td>\n<\/tr>\n<tr bgcolor=\"#00FFFF\">\n<td>5<\/td>\n<td>Hauch, Konstantin<\/td>\n<td>(1\u00bd)<\/td>\n<td>&#8211;<\/td>\n<td>Wiesen, Marcus<\/td>\n<td>(1\u00bd)<\/td>\n<td>\u00bd\u00a0&#8211; \u00bd<\/td>\n<\/tr>\n<tr bgcolor=\"#00FFFF\">\n<td>6<\/td>\n<td>H\u00e4nsel, Gerhard<\/td>\n<td>(1)<\/td>\n<td>&#8211;<\/td>\n<td>Gei\u00df, J\u00fcrgen<\/td>\n<td>(1)<\/td>\n<td>\u00bd\u00a0&#8211; \u00bd<\/td>\n<\/tr>\n<tr bgcolor=\"#00FFFF\">\n<td>7<\/td>\n<td>Bohn, Berthold<\/td>\n<td>(1)<\/td>\n<td>&#8211;<\/td>\n<td>Schulthei\u00df, Walter<\/td>\n<td>(1)<\/td>\n<td>0 &#8211; 1<\/td>\n<\/tr>\n<tr bgcolor=\"#00FFFF\">\n<td>8<\/td>\n<td>Freimuth, Dominik<\/td>\n<td>(1)<\/td>\n<td>&#8211;<\/td>\n<td>Geibel, Kurt<\/td>\n<td>(1)<\/td>\n<td>1 &#8211; 0<\/td>\n<\/tr>\n<tr bgcolor=\"#00FFFF\">\n<td>9<\/td>\n<td>Schwabe, Tobias<\/td>\n<td>(0)<\/td>\n<td>&#8211;<\/td>\n<td>Jacobs, Daniel<\/td>\n<td>(0)<\/td>\n<td>1 &#8211; 0<\/td>\n<\/tr>\n<\/tbody>\n<\/table>\n<h2>Ergebnisse &#8211; 3. Runde<\/h2>\n<table border=\"2\" cellspacing=\"2\" cellpadding=\"2\" bgcolor=\"#C0C0C0\">\n<tbody>\n<tr>\n<td colspan=\"9\">Paarungsliste\u00a0der\u00a03.\u00a0Runde<\/td>\n<\/tr>\n<tr bgcolor=\"#00FF00\">\n<th>Nr.<\/th>\n<th>Teilnehmer<\/th>\n<th>Pkt<\/th>\n<th>&#8211;<\/th>\n<th>Teilnehmer<\/th>\n<th>Pkt<\/th>\n<th>Erg<\/th>\n<\/tr>\n<tr bgcolor=\"#00FFFF\">\n<td>1<\/td>\n<td>Lozar, Peter<\/td>\n<td>(2)<\/td>\n<td>&#8211;<\/td>\n<td>Gubin, Boris<\/td>\n<td>(2)<\/td>\n<td>1 &#8211; 0<\/td>\n<\/tr>\n<tr bgcolor=\"#00FFFF\">\n<td>2<\/td>\n<td>Dockhorn, Alfred<\/td>\n<td>(2)<\/td>\n<td>&#8211;<\/td>\n<td>Graf, Rodolfo<\/td>\n<td>(2)<\/td>\n<td>0 &#8211; 1<\/td>\n<\/tr>\n<tr bgcolor=\"#00FFFF\">\n<td>3<\/td>\n<td>M\u00fcller, Dirk<\/td>\n<td>(1\u00bd)<\/td>\n<td>&#8211;<\/td>\n<td>Bohn, Berthold<\/td>\n<td>(1)<\/td>\n<td>1 &#8211; 0<\/td>\n<\/tr>\n<tr bgcolor=\"#00FFFF\">\n<td>4<\/td>\n<td>Kendzior, Uwe<\/td>\n<td>(1)<\/td>\n<td>&#8211;<\/td>\n<td>Freimuth, Dominik<\/td>\n<td>(1)<\/td>\n<td>1 &#8211; 0<\/td>\n<\/tr>\n<tr bgcolor=\"#00FFFF\">\n<td>5<\/td>\n<td>H\u00e4nsel, Gerhard<\/td>\n<td>(1)<\/td>\n<td>&#8211;<\/td>\n<td>Jacobs, Verena<\/td>\n<td>(1)<\/td>\n<td>\u00a0&#8211; +<\/td>\n<\/tr>\n<tr bgcolor=\"#00FFFF\">\n<td>6<\/td>\n<td>Wiesen, Marcus<\/td>\n<td>(1)<\/td>\n<td>&#8211;<\/td>\n<td>Porcher, Ernst<\/td>\n<td>(1)<\/td>\n<td>\u00bd\u00a0&#8211; \u00bd<\/td>\n<\/tr>\n<tr bgcolor=\"#00FFFF\">\n<td>7<\/td>\n<td>Gei\u00df, J\u00fcrgen<\/td>\n<td>(1)<\/td>\n<td>&#8211;<\/td>\n<td>Hauch, Konstantin<\/td>\n<td>(\u00bd)<\/td>\n<td>0 &#8211; 1<\/td>\n<\/tr>\n<tr bgcolor=\"#00FFFF\">\n<td>8<\/td>\n<td>Schulthei\u00df, Walter<\/td>\n<td>(0)<\/td>\n<td>&#8211;<\/td>\n<td>Schwabe, Tobias<\/td>\n<td>(0)<\/td>\n<td>1 &#8211; 0<\/td>\n<\/tr>\n<tr bgcolor=\"#00FFFF\">\n<td>9<\/td>\n<td>Geibel, Kurt<\/td>\n<td>(0)<\/td>\n<td>&#8211;<\/td>\n<td>Jacobs, Daniel<\/td>\n<td>(0)<\/td>\n<td>1 &#8211; 0<\/td>\n<\/tr>\n<\/tbody>\n<\/table>\n<h2>Ergebnisse &#8211; 2. Runde<\/h2>\n<table border=\"2\" cellspacing=\"2\" cellpadding=\"2\" bgcolor=\"#C0C0C0\">\n<tbody>\n<tr>\n<td colspan=\"9\">Paarungsliste\u00a0der\u00a02.\u00a0Runde<\/td>\n<\/tr>\n<tr bgcolor=\"#00FF00\">\n<th>Nr.<\/th>\n<th>Teilnehmer<\/th>\n<th>Pkt<\/th>\n<th>&#8211;<\/th>\n<th>Teilnehmer<\/th>\n<th>Pkt<\/th>\n<th>Erg<\/th>\n<\/tr>\n<tr bgcolor=\"#00FFFF\">\n<td>1<\/td>\n<td>Wiesen, Marcus<\/td>\n<td>(1)<\/td>\n<td>&#8211;<\/td>\n<td>Gubin, Boris<\/td>\n<td>(1)<\/td>\n<td>\u00a0&#8211; +<\/td>\n<\/tr>\n<tr bgcolor=\"#00FFFF\">\n<td>2<\/td>\n<td>Bohn, Berthold<\/td>\n<td>(1)<\/td>\n<td>&#8211;<\/td>\n<td>Lozar, Peter<\/td>\n<td>(1)<\/td>\n<td>0 &#8211; 1<\/td>\n<\/tr>\n<tr bgcolor=\"#00FFFF\">\n<td>3<\/td>\n<td>Jacobs, Verena<\/td>\n<td>(1)<\/td>\n<td>&#8211;<\/td>\n<td>Dockhorn, Alfred<\/td>\n<td>(1)<\/td>\n<td>0 &#8211; 1<\/td>\n<\/tr>\n<tr bgcolor=\"#00FFFF\">\n<td>4<\/td>\n<td>Hauch, Konstantin<\/td>\n<td>(\u00bd)<\/td>\n<td>&#8211;<\/td>\n<td>Graf, Rodolfo<\/td>\n<td>(1)<\/td>\n<td>0 &#8211; 1<\/td>\n<\/tr>\n<tr bgcolor=\"#00FFFF\">\n<td>5<\/td>\n<td>Porcher, Ernst<\/td>\n<td>(\u00bd)<\/td>\n<td>&#8211;<\/td>\n<td>H\u00e4nsel, Gerhard<\/td>\n<td>(\u00bd)<\/td>\n<td>\u00bd\u00a0&#8211; \u00bd<\/td>\n<\/tr>\n<tr bgcolor=\"#00FFFF\">\n<td>6<\/td>\n<td>Schwabe, Tobias<\/td>\n<td>(0)<\/td>\n<td>&#8211;<\/td>\n<td>M\u00fcller, Dirk<\/td>\n<td>(\u00bd)<\/td>\n<td>0 &#8211; 1<\/td>\n<\/tr>\n<tr bgcolor=\"#00FFFF\">\n<td>7<\/td>\n<td>Jacobs, Daniel<\/td>\n<td>(0)<\/td>\n<td>&#8211;<\/td>\n<td>Kendzior, Uwe<\/td>\n<td>(0)<\/td>\n<td>0 &#8211; 1<\/td>\n<\/tr>\n<tr bgcolor=\"#00FFFF\">\n<td>8<\/td>\n<td>Freimuth, Dominik<\/td>\n<td>(0)<\/td>\n<td>&#8211;<\/td>\n<td>Schulthei\u00df, Walter<\/td>\n<td>(0)<\/td>\n<td>1 &#8211; 0<\/td>\n<\/tr>\n<tr bgcolor=\"#00FFFF\">\n<td>9<\/td>\n<td>Geibel, Kurt<\/td>\n<td>(0)<\/td>\n<td>&#8211;<\/td>\n<td>Gei\u00df, J\u00fcrgen<\/td>\n<td>(0)<\/td>\n<td>0 &#8211; 1<\/td>\n<\/tr>\n<\/tbody>\n<\/table>\n<h2>Ergebnisse &#8211; 1. Runde<\/h2>\n<table border=\"2\" cellspacing=\"2\" cellpadding=\"2\" bgcolor=\"#C0C0C0\">\n<tbody>\n<tr>\n<td colspan=\"9\">Paarungsliste\u00a0der\u00a01.\u00a0Runde<\/td>\n<\/tr>\n<tr bgcolor=\"#00FF00\">\n<th>Nr.<\/th>\n<th>Teilnehmer<\/th>\n<th>Pkt<\/th>\n<th>&#8211;<\/th>\n<th>Teilnehmer<\/th>\n<th>Pkt<\/th>\n<th>Erg<\/th>\n<\/tr>\n<tr bgcolor=\"#00FFFF\">\n<td>1<\/td>\n<td>Gubin, Boris<\/td>\n<td>()<\/td>\n<td>&#8211;<\/td>\n<td>Freimuth, Dominik<\/td>\n<td>()<\/td>\n<td>1 &#8211; 0<\/td>\n<\/tr>\n<tr bgcolor=\"#00FFFF\">\n<td>2<\/td>\n<td>Jacobs, Verena<\/td>\n<td>()<\/td>\n<td>&#8211;<\/td>\n<td>Kendzior, Uwe<\/td>\n<td>()<\/td>\n<td>+ &#8211;<\/td>\n<\/tr>\n<tr bgcolor=\"#00FFFF\">\n<td>3<\/td>\n<td>H\u00e4nsel ,Gerhard<\/td>\n<td>()<\/td>\n<td>&#8211;<\/td>\n<td>Hauch, Konstantin<\/td>\n<td>()<\/td>\n<td>\u00bd\u00a0&#8211; \u00bd<\/td>\n<\/tr>\n<tr bgcolor=\"#00FFFF\">\n<td>4<\/td>\n<td>Gei\u00df, J\u00fcrgen<\/td>\n<td>()<\/td>\n<td>&#8211;<\/td>\n<td>Bohn, Berthold<\/td>\n<td>()<\/td>\n<td>0 &#8211; 1<\/td>\n<\/tr>\n<tr bgcolor=\"#00FFFF\">\n<td>5<\/td>\n<td>Dockhorn, Alfred<\/td>\n<td>()<\/td>\n<td>&#8211;<\/td>\n<td>Jacobs, Daniel<\/td>\n<td>()<\/td>\n<td>1 &#8211; 0<\/td>\n<\/tr>\n<tr bgcolor=\"#00FFFF\">\n<td>6<\/td>\n<td>Graf, Rodolfo<\/td>\n<td>()<\/td>\n<td>&#8211;<\/td>\n<td>Schwabe, Tobias<\/td>\n<td>()<\/td>\n<td>1 &#8211; 0<\/td>\n<\/tr>\n<tr bgcolor=\"#00FFFF\">\n<td>7<\/td>\n<td>M\u00fcller, Dirk<\/td>\n<td>()<\/td>\n<td>&#8211;<\/td>\n<td>Porcher, Ernst<\/td>\n<td>()<\/td>\n<td>\u00bd\u00a0&#8211; \u00bd<\/td>\n<\/tr>\n<tr bgcolor=\"#00FFFF\">\n<td>8<\/td>\n<td>Schulthei\u00df, Walter<\/td>\n<td>()<\/td>\n<td>&#8211;<\/td>\n<td>Wiesen, Marcus<\/td>\n<td>()<\/td>\n<td>0 &#8211; 1<\/td>\n<\/tr>\n<tr bgcolor=\"#00FFFF\">\n<td>9<\/td>\n<td>Lozar, Peter<\/td>\n<td>()<\/td>\n<td>&#8211;<\/td>\n<td>Geibel, Kurt<\/td>\n<td>()<\/td>\n<td>1 &#8211; 0<\/td>\n<\/tr>\n<\/tbody>\n<\/table>\n","protected":false},"excerpt":{"rendered":"<p>Modus: Schweizer System, 2 Stunden f\u00fcr 40 Z\u00fcge, 30 Minuten f\u00fcr den Rest, DWZ-Auswertung, bei Punktgleichheit Buchholz und Buchholzsummen-Wertung. Ausnahme:<\/p>\n","protected":false},"author":2,"featured_media":0,"parent":150,"menu_order":216,"comment_status":"open","ping_status":"open","template":"","meta":{"colormag_page_container_layout":"default_layout","colormag_page_sidebar_layout":"default_layout","ngg_post_thumbnail":0,"footnotes":""},"class_list":["post-2540","page","type-page","status-publish","hentry"],"_links":{"self":[{"href":"http:\/\/www.sf-bir.de\/index.php?rest_route=\/wp\/v2\/pages\/2540","targetHints":{"allow":["GET"]}}],"collection":[{"href":"http:\/\/www.sf-bir.de\/index.php?rest_route=\/wp\/v2\/pages"}],"about":[{"href":"http:\/\/www.sf-bir.de\/index.php?rest_route=\/wp\/v2\/types\/page"}],"author":[{"embeddable":true,"href":"http:\/\/www.sf-bir.de\/index.php?rest_route=\/wp\/v2\/users\/2"}],"replies":[{"embeddable":true,"href":"http:\/\/www.sf-bir.de\/index.php?rest_route=%2Fwp%2Fv2%2Fcomments&post=2540"}],"version-history":[{"count":53,"href":"http:\/\/www.sf-bir.de\/index.php?rest_route=\/wp\/v2\/pages\/2540\/revisions"}],"predecessor-version":[{"id":2627,"href":"http:\/\/www.sf-bir.de\/index.php?rest_route=\/wp\/v2\/pages\/2540\/revisions\/2627"}],"up":[{"embeddable":true,"href":"http:\/\/www.sf-bir.de\/index.php?rest_route=\/wp\/v2\/pages\/150"}],"wp:attachment":[{"href":"http:\/\/www.sf-bir.de\/index.php?rest_route=%2Fwp%2Fv2%2Fmedia&parent=2540"}],"curies":[{"name":"wp","href":"https:\/\/api.w.org\/{rel}","templated":true}]}}