{"id":2086,"date":"2011-06-25T20:13:50","date_gmt":"2011-06-25T19:13:50","guid":{"rendered":"http:\/\/www.sf-bir.de\/?page_id=2086"},"modified":"2011-06-25T20:14:20","modified_gmt":"2011-06-25T19:14:20","slug":"saison-2010-2011","status":"publish","type":"page","link":"http:\/\/www.sf-bir.de\/?page_id=2086","title":{"rendered":"Saison 2010\/2011"},"content":{"rendered":"<h1>Saison 2010 \/ 2011<\/h1>\n<p>Spielpl\u00e4ne f\u00fcr alle Mannschaften (ausf\u00fchrlich &amp; kompakt) zum Ausdrucken: <a href=\"http:\/\/www.sf-bir.de\/_downloads\/Spielplan-2010-2011.pdf\">Spielpl\u00e4ne<\/a>.<\/p>\n<hr \/>\n<h2><strong>Erste Mannschaft &#8211; Bezirksliga West<\/strong><\/h2>\n<h3>Saisonheft, Ergebnisse &amp; Tabelle<\/h3>\n<ul>\n<li>Das Saisonheft (Bezirksliga West) des pf\u00e4lzischen Schachbundes mit allen Informationen rund um den Spielbetrieb: <a title=\"Saisonheft Bezirksliga 2010\/2011\" href=\"http:\/\/www.sf-bir.de\/_downloads\/2010-2011-BL-West.pdf\">Saisonheft Bezirksliga West<\/a>.<\/li>\n<li><a title=\"Bezirksliga West\" href=\"http:\/\/www.sbrp.de\/Turniere\/MK1011\/830t_bw.htm\" target=\"_blank\">Tabelle Bezirksliga West<\/a> 2010\/2011<\/li>\n<li>Einzelergebnisse der Spieler: <a title=\"Einzelergebnisse 1. Spieltag\" href=\"http:\/\/www.sbrp.de\/Turniere\/MK1011\/8301_bw.htm\" target=\"_blank\">1. Spieltag<\/a>, <a title=\"Einzelergebnisse 2. Spieltag\" href=\"http:\/\/www.sbrp.de\/Turniere\/MK1011\/8302_bw.htm\" target=\"_blank\">2. Spieltag<\/a>, <a title=\"Einzelergebnisse 3. Spieltag\" href=\"http:\/\/www.sbrp.de\/Turniere\/MK1011\/8303_bw.htm\" target=\"_blank\">3. Spieltag<\/a>, <a title=\"Einzelergebnisse 4. Spieltag\" href=\"http:\/\/www.sbrp.de\/Turniere\/MK1011\/8304_bw.htm\" target=\"_blank\">4. Spieltag<\/a>, <a title=\"Einzelergebnisse 5. Spieltag\" href=\"http:\/\/www.sbrp.de\/Turniere\/MK1011\/8305_bw.htm\" target=\"_blank\">5. Spieltag<\/a>, <a title=\"Einzelergebnisse 6. Spieltag\" href=\"http:\/\/www.sbrp.de\/Turniere\/MK1011\/8306_bw.htm\" target=\"_blank\">6. Spieltag<\/a>, <a title=\"Einzelergebnisse 7. Spieltag\" href=\"http:\/\/www.sbrp.de\/Turniere\/MK1011\/8307_bw.htm\" target=\"_blank\">7. Spieltag<\/a>, <a title=\"Einzelergebnisse 8. Spieltag\" href=\"http:\/\/www.sbrp.de\/Turniere\/MK1011\/8308_bw.htm\" target=\"_blank\">8. Spieltag<\/a> und <a title=\"Einzelergebnisse 9. Spieltag\" href=\"http:\/\/www.sbrp.de\/Turniere\/MK1011\/8309_bw.htm\" target=\"_blank\">9. Spieltag<\/a>.<\/li>\n<li>Alle <a title=\"Mannschaftsergebnisse Bezirksliga West\" href=\"http:\/\/www.sbrp.de\/Turniere\/MK1011\/830p_bw.htm\" target=\"_blank\">Mannschaftsergebnisse<\/a> auf einer Seite.<\/li>\n<li>Die <a title=\"Aufstellungen Bezirksliga West\" href=\"http:\/\/www.sbrp.de\/Turniere\/MK1011\/830a_bw.htm\" target=\"_blank\">Aufstellungen<\/a> der einzelnen Mannschaften.<\/li>\n<\/ul>\n<figure id=\"attachment_31\" aria-describedby=\"caption-attachment-31\" style=\"width: 210px\" class=\"wp-caption alignright\"><a rel=\"attachment wp-att-31\" href=\"http:\/\/www.sf-bir.de\/?attachment_id=31\"><img loading=\"lazy\" decoding=\"async\" class=\"size-medium wp-image-31 \" title=\"Die Meistermannschaft\" src=\"http:\/\/www.sf-bir.de\/wp-content\/uploads\/2010-04-25-SF1-Ramstein3_2-300x190.jpg\" alt=\"Die Meistermannschaft\" width=\"210\" height=\"133\" srcset=\"http:\/\/www.sf-bir.de\/wp-content\/uploads\/2010-04-25-SF1-Ramstein3_2-300x190.jpg 300w, http:\/\/www.sf-bir.de\/wp-content\/uploads\/2010-04-25-SF1-Ramstein3_2.jpg 500w\" sizes=\"auto, (max-width: 210px) 100vw, 210px\" \/><\/a><figcaption id=\"caption-attachment-31\" class=\"wp-caption-text\">Die Meistermannschaft der letzten Saison mit Pokal.<\/figcaption><\/figure>\n<h3>Aufstellung \/ Brettreihenfolge<\/h3>\n<ol>\n<li>Christian Sch\u00e4fer<\/li>\n<li>Mark-Andr\u00e9 Ruppenthal<\/li>\n<li>Uwe Kendzior<\/li>\n<li>Peter Lozar<\/li>\n<li>Aleksej Gubin<\/li>\n<li>Tobias Schwabe (MF)<\/li>\n<li>Boris Gubin<\/li>\n<li>Daniel Rabenstein<\/li>\n<li>Ernst-Michael Porcher<\/li>\n<\/ol>\n<p style=\"text-align: justify;\">Die erste Mannschaft beendete die Saison nach dem Aufstieg auf dem 7. Platz der Bezirksliga, was zum Klassenerhalt reicht. Im Jahr nach der Meisterschaft in der Bezirksklasse kann man mit diesem Abschneiden zufrieden sein.<\/p>\n<hr \/>\n<h2><strong>Zweite Mannschaft &#8211; Bezirksklasse<\/strong><\/h2>\n<h3>Saisonheft, Ergebnisse &amp; Tabelle<\/h3>\n<ul>\n<li>Das Saisonheft (Bezirksklasse) des Bezirk VI im pf\u00e4lzischen Schachbund mit allen Informationen rund um den Spielbetrieb: <a title=\"Saisonheft Bezirksklasse 2010\/2011\" href=\"http:\/\/www.sf-bir.de\/_downloads\/2010-2011-BK.pdf\">Saisonheft Bezirksklasse<\/a>.<\/li>\n<li><a title=\"Bezirksklasse 2010\/2011\" href=\"http:\/\/www.sbrp.de\/Turniere\/MK1011\/836t_bzk.htm\" target=\"_blank\">Tabelle Bezirksklasse<\/a> 2010\/2011 &#8211; Bezirk VI<\/li>\n<li>Einzelergebnisse der Spieler: <a title=\"Einzelergebnisse 1. Spieltag\" href=\"http:\/\/www.sbrp.de\/Turniere\/MK1011\/8361_bzk.htm\" target=\"_blank\">1. Spieltag<\/a>, <a title=\"Einzelergebnisse 2. Spieltag\" href=\"http:\/\/www.sbrp.de\/Turniere\/MK1011\/8362_bzk.htm\" target=\"_blank\">2. Spieltag<\/a>, <a title=\"Einzelergebnisse 3. Spieltag\" href=\"http:\/\/www.sbrp.de\/Turniere\/MK1011\/8363_bzk.htm\" target=\"_blank\">3. Spieltag<\/a>, <a title=\"Einzelergebnisse 4. Spieltag\" href=\"http:\/\/www.sbrp.de\/Turniere\/MK1011\/8364_bzk.htm\" target=\"_blank\">4. Spieltag<\/a>, <a title=\"Einzelergebnisse der 5. Runde\" href=\"http:\/\/www.sbrp.de\/Turniere\/MK1011\/8365_bzk.htm\" target=\"_blank\">5. Spieltag<\/a>, <a title=\"Einzelergebnisse 6. Spieltag\" href=\"http:\/\/www.sbrp.de\/Turniere\/MK1011\/8366_bzk.htm\" target=\"_blank\">6. Spieltag<\/a>, <a title=\"Einzelergebnisse 7. Spieltag\" href=\"http:\/\/www.sbrp.de\/Turniere\/MK1011\/8367_bzk.htm\" target=\"_blank\">7. Spieltag<\/a>, <a title=\"Einzelergebnisse 8. Spieltag\" href=\"http:\/\/www.sbrp.de\/Turniere\/MK1011\/8368_bzk.htm\" target=\"_blank\">8. Spieltag<\/a> und <a title=\"Einzelergebnisse 9. Spieltag\" href=\"http:\/\/www.sbrp.de\/Turniere\/MK1011\/8369_bzk.htm\" target=\"_blank\">9. Spieltag<\/a>.<\/li>\n<li>Alle <a title=\"Mannschaftsergebnisse Bezirksklasse\" href=\"http:\/\/www.sbrp.de\/Turniere\/MK1011\/836p_bzk.htm\" target=\"_blank\">Mannschaftsergebnisse<\/a> auf einer Seite.<\/li>\n<li>Die <a title=\"Aufstellungen Bezirksklasse\" href=\"http:\/\/www.sbrp.de\/Turniere\/MK1011\/836a_bzk.htm\" target=\"_blank\">Aufstellungen<\/a> der einzelnen Mannschaften.<\/li>\n<li>Vorzeitiger Meister wurde der <span style=\"color: #99cc00;\">SC Niedermohr 1<\/span> &#8211; mehr als die drei Brettpunkte, die Birkenfeld II in der ersten Runde mit zwei Ersatzleuten aus Niedermohr entf\u00fchrte, sollte keiner der Konkurrenten mehr erreichen.<\/li>\n<\/ul>\n<figure id=\"attachment_25\" aria-describedby=\"caption-attachment-25\" style=\"width: 210px\" class=\"wp-caption alignright\"><strong><a rel=\"attachment wp-att-25\" href=\"http:\/\/www.sf-bir.de\/?attachment_id=25\"><img loading=\"lazy\" decoding=\"async\" class=\"size-medium wp-image-25 \" title=\"Die Meistermannschaft\" src=\"http:\/\/www.sf-bir.de\/wp-content\/uploads\/2010-03-21-SF2-Niedermohr2_2-300x199.jpg\" alt=\"Die Meistermannschaft\" width=\"210\" height=\"139\" srcset=\"http:\/\/www.sf-bir.de\/wp-content\/uploads\/2010-03-21-SF2-Niedermohr2_2-300x199.jpg 300w, http:\/\/www.sf-bir.de\/wp-content\/uploads\/2010-03-21-SF2-Niedermohr2_2.jpg 500w\" sizes=\"auto, (max-width: 210px) 100vw, 210px\" \/><\/a><\/strong><figcaption id=\"caption-attachment-25\" class=\"wp-caption-text\">Die Meistermannschaft der letzten Saison mit Pokal.<\/figcaption><\/figure>\n<h3>Aufstellung \/ Brettreihenfolge<\/h3>\n<ol>\n<li>Alfred Dockhorn<\/li>\n<li>Marcus Wiesen<\/li>\n<li>Gerhard H\u00e4nsel<\/li>\n<li>Dirk M\u00fcller<\/li>\n<li>Berthold Bohn<\/li>\n<li>Sacha M\u00fcller (MF)<\/li>\n<li>Walter Schulthei\u00df<\/li>\n<li>Albert Budewitz<\/li>\n<\/ol>\n<p>Nachgemeldet wurden ferner: <span style=\"color: #33cccc;\">Michael Porcher<\/span> und<span style=\"color: #33cccc;\"> Helmut Knoll<\/span>! Neuer Mannschaftsf\u00fchrer seit dem 1. November 2010 ist <span style=\"color: #33cccc;\">Gerhard H\u00e4nsel<\/span>.<\/p>\n<p style=\"text-align: justify;\">Mit dem 4. Platz im Aufstiegsjahr hat sich die &#8222;Zweite&#8220; problemlos wieder in der Bezirksklasse etabliert. Lange spielte man um Platz zwei &#8211; lediglich dem Meister aus Niedermohr konnte man nicht folgen &#8211; mit und scheint in dieser Form &amp; Besetzung mit dem Abstieg auch in der n\u00e4chsten Saison nichts zu tun zu haben.<\/p>\n<hr \/>\n<h2>Dritte Mannschaft &#8211; Kreisliga<\/h2>\n<h3>Saisonheft, Ergebnisse &amp; Tabelle<\/h3>\n<ul>\n<li>Das Saisonheft (Kreisliga) des Bezirk VI im pf\u00e4lzischen Schachbund mit allen Informationen rund um den Spielbetrieb: <a title=\"Saisonheft Kreisliga 2010\/2011\" href=\"http:\/\/www.sf-bir.de\/_downloads\/2010-2011-KL.pdf\">Saisonheft Kreisliga<\/a>.<\/li>\n<li><a title=\"Kreisliga 2010\/2011\" href=\"http:\/\/www.sbrp.de\/Turniere\/MK1011\/836t_krl.htm\" target=\"_blank\">Tabelle Kreisliga<\/a> 2010\/2011 &#8211; Bezirk VI<\/li>\n<li>Einzelergebnisse der Spieler: <a title=\"Einzelergebnisse 1. Spieltag\" href=\"http:\/\/www.sbrp.de\/Turniere\/MK1011\/8361_krl.htm\" target=\"_blank\">1. Spieltag<\/a>, <a title=\"Einzelergebnisse 2. Spieltag\" href=\"http:\/\/www.sbrp.de\/Turniere\/MK1011\/8362_krl.htm\" target=\"_blank\">2. Spieltag<\/a>, <a title=\"Einzelergebnisse 3. Spieltag\" href=\"http:\/\/www.sbrp.de\/Turniere\/MK1011\/8363_krl.htm\" target=\"_blank\">3. Spieltag<\/a>, <a title=\"Einzelergebnisse 4. Spieltag\" href=\"http:\/\/www.sbrp.de\/Turniere\/MK1011\/8364_krl.htm\" target=\"_blank\">4. Spieltag<\/a>, <a title=\"Einzelergebnisse 5. Spieltag\" href=\"http:\/\/www.sbrp.de\/Turniere\/MK1011\/8365_krl.htm\" target=\"_blank\">5. Spieltag<\/a>, <a title=\"Einzelergebnisse 6. Spieltag\" href=\"http:\/\/www.sbrp.de\/Turniere\/MK1011\/8366_krl.htm\" target=\"_blank\">6. Spieltag<\/a>, <a title=\"Einzelergebnisse 7. Spieltag\" href=\"http:\/\/www.sbrp.de\/Turniere\/MK1011\/8367_krl.htm\" target=\"_blank\">7. Spieltag<\/a>, <a title=\"Einzelergebnisse 8. Spieltag\" href=\"http:\/\/www.sbrp.de\/Turniere\/MK1011\/8368_krl.htm\" target=\"_blank\">8. Spieltag<\/a> und <a title=\"Einzelergebnisse 9. Spieltag\" href=\"http:\/\/www.sbrp.de\/Turniere\/MK1011\/8369_krl.htm\" target=\"_blank\">9. Spieltag<\/a>.<\/li>\n<li>Alle <a title=\"Mannschaftsergebnisse Kreisliga\" href=\"http:\/\/www.sbrp.de\/Turniere\/MK1011\/836p_krl.htm\" target=\"_blank\">Mannschaftsergebnisse<\/a> auf einer Seite.<\/li>\n<li>Die <a title=\"Aufstellungen Kreisliga\" href=\"http:\/\/www.sbrp.de\/Turniere\/MK1011\/836a_krl.htm\" target=\"_blank\">Aufstellungen<\/a> der einzelnen Mannschaften.<\/li>\n<\/ul>\n<figure id=\"attachment_13\" aria-describedby=\"caption-attachment-13\" style=\"width: 210px\" class=\"wp-caption alignright\"><strong><a rel=\"attachment wp-att-13\" href=\"http:\/\/www.sf-bir.de\/?attachment_id=13\"><img loading=\"lazy\" decoding=\"async\" class=\"size-medium wp-image-13 \" title=\"Die Meistermannschaft\" src=\"http:\/\/www.sf-bir.de\/wp-content\/uploads\/2010-01-31-SF3-2009-2010-Meisterbild1-300x208.jpg\" alt=\"Die Meistermannschaft\" width=\"210\" height=\"146\" srcset=\"http:\/\/www.sf-bir.de\/wp-content\/uploads\/2010-01-31-SF3-2009-2010-Meisterbild1-300x208.jpg 300w, http:\/\/www.sf-bir.de\/wp-content\/uploads\/2010-01-31-SF3-2009-2010-Meisterbild1.jpg 500w\" sizes=\"auto, (max-width: 210px) 100vw, 210px\" \/><\/a><\/strong><figcaption id=\"caption-attachment-13\" class=\"wp-caption-text\">Die Meistermannschaft der letzten Saison mit Pokal.<\/figcaption><\/figure>\n<h3>Aufstellung \/ Brettreihenfolge<\/h3>\n<ol>\n<li>Mario Jacobs<\/li>\n<li>Anton Heckel<\/li>\n<li>Kurt Geibel (MF)<\/li>\n<li>Konstantin Hauch<\/li>\n<li>Michael Hippenstiel<\/li>\n<li>Joachim Stephan<\/li>\n<li>Verena Jacobs<\/li>\n<li>Dominik Freimuth<\/li>\n<li>Daniel Jacobs<\/li>\n<li>J\u00fcrgen Geis<\/li>\n<li>Lothar Scheer<\/li>\n<\/ol>\n<p style=\"text-align: justify;\">F\u00fcr die &#8222;Dritte&#8220; endet die Saison erst Ende Mai! Im Aufstiegsjahr nach der Meisterschaft in der Kreisklasse, hat man sich in der Kreisliga nicht nur etabliert, sondern spielt die ganze Saison um die Meiterschaft mit! Am letzten Spieltag gilt es punktgleich mit Weilerbach um die Meisterschaft zu spielen!<\/p>\n<p style=\"text-align: justify;\">Platz drei wurde es am Ende f\u00fcr die 3. Mannschaft, die damit mehr erreichte als man bereits im ersten Kreisliga-Jahr erwarten konnte.<\/p>\n<hr \/>\n<h2>Mannschafts\u00fcbergreifende Links<\/h2>\n<ul>\n<li><a title=\"Pf\u00e4lzischer Schachbund (PSB)\" href=\"http:\/\/www.pfaelzischer-schachbund.de\/\" target=\"_blank\">Pf\u00e4lzischer Schachbund (PSB)<\/a><\/li>\n<li><a title=\"Bezirk VI im PSB\" href=\"http:\/\/www.schachclub-wolfstein.de\/scw\/Bezirk_VI.58.0.html\" target=\"_blank\">Homepage Bezirk VI<\/a><\/li>\n<\/ul>\n<ul>\n<li><a title=\"Ergebnismeldung\" href=\"http:\/\/www.pfaelzischer-schachbund.de\/index.php?goto=ergebnismeldung\" target=\"_blank\">Ergebnismeldung<\/a> (f\u00fcr Mannschaftsf\u00fchrer)<\/li>\n<\/ul>\n<ul>\n<li><a title=\"PSB-Ligen\" href=\"http:\/\/www.sbrp.de\/Turniere\/MK1011\/psb1011.html#PSB\" target=\"_blank\">PSB-Ligen<\/a> (u.a. 1. Mannschaft)<\/li>\n<li><a title=\"Ergebnisse Bezirk VI\" href=\"http:\/\/www.sbrp.de\/Turniere\/MK1011\/psb1011.html#bez6\" target=\"_blank\">Ergebnisse 2010 \/ 2011 &#8211; Bezirk VI<\/a> (2. &amp; 3. Mannschaft)<\/li>\n<\/ul>\n<ul>\n<li><a title=\"DWZ-Liste\" href=\"http:\/\/www.schachbund.de\/dwz\/db\/verein.html?zps=81207\" target=\"_blank\">DWZ-Liste  der Birkenfelder Spieler<\/a><\/li>\n<li><a title=\"DWZ-Liste\" href=\"http:\/\/www.schachbund.de\/dwz\/db\/verein.html?zps=81207\" target=\"_blank\"><\/a><a title=\"DWZ-Liste  (alphabetisch)\" href=\"http:\/\/www.schachbund.de\/dwz\/db\/verein.html?zps=81207&amp;sort=alpha\" target=\"_blank\">DWZ-Liste  (alphabetisch)<\/a><\/li>\n<\/ul>\n","protected":false},"excerpt":{"rendered":"<p>Saison 2010 \/ 2011 Spielpl\u00e4ne f\u00fcr alle Mannschaften (ausf\u00fchrlich &amp; kompakt) zum Ausdrucken: Spielpl\u00e4ne. Erste Mannschaft &#8211; Bezirksliga West Saisonheft,<\/p>\n","protected":false},"author":1,"featured_media":0,"parent":126,"menu_order":121,"comment_status":"open","ping_status":"open","template":"","meta":{"colormag_page_container_layout":"default_layout","colormag_page_sidebar_layout":"default_layout","ngg_post_thumbnail":0,"footnotes":""},"class_list":["post-2086","page","type-page","status-publish","hentry"],"_links":{"self":[{"href":"http:\/\/www.sf-bir.de\/index.php?rest_route=\/wp\/v2\/pages\/2086","targetHints":{"allow":["GET"]}}],"collection":[{"href":"http:\/\/www.sf-bir.de\/index.php?rest_route=\/wp\/v2\/pages"}],"about":[{"href":"http:\/\/www.sf-bir.de\/index.php?rest_route=\/wp\/v2\/types\/page"}],"author":[{"embeddable":true,"href":"http:\/\/www.sf-bir.de\/index.php?rest_route=\/wp\/v2\/users\/1"}],"replies":[{"embeddable":true,"href":"http:\/\/www.sf-bir.de\/index.php?rest_route=%2Fwp%2Fv2%2Fcomments&post=2086"}],"version-history":[{"count":4,"href":"http:\/\/www.sf-bir.de\/index.php?rest_route=\/wp\/v2\/pages\/2086\/revisions"}],"predecessor-version":[{"id":2090,"href":"http:\/\/www.sf-bir.de\/index.php?rest_route=\/wp\/v2\/pages\/2086\/revisions\/2090"}],"up":[{"embeddable":true,"href":"http:\/\/www.sf-bir.de\/index.php?rest_route=\/wp\/v2\/pages\/126"}],"wp:attachment":[{"href":"http:\/\/www.sf-bir.de\/index.php?rest_route=%2Fwp%2Fv2%2Fmedia&parent=2086"}],"curies":[{"name":"wp","href":"https:\/\/api.w.org\/{rel}","templated":true}]}}