{"id":1438,"date":"2010-12-23T23:10:54","date_gmt":"2010-12-23T22:10:54","guid":{"rendered":"http:\/\/www.sf-bir.de\/?page_id=1438"},"modified":"2010-12-24T02:04:54","modified_gmt":"2010-12-24T01:04:54","slug":"saison-20082009","status":"publish","type":"page","link":"http:\/\/www.sf-bir.de\/?page_id=1438","title":{"rendered":"Saison 2008\/2009"},"content":{"rendered":"<p>In der Saison 2008\/2009 spielten die &#8222;Erste&#8220; und die zweite Mannschaft in der Bezirksklasse &#8211; eine ung\u00fcnstige Konstellation, da so nur schwer Ersatzleute aus der zweiten Mannschaft in der Ersten spielen k\u00f6nnen. Es gab es f\u00fcr die Mannschaften des 6. Bezirks ein Saisonheft: <a title=\"Saisonheft 2. und 3. Mannschaft 2008\/2009\" href=\"http:\/\/www.sf-bir.de\/_downloads\/2008-2009-AlleKlassen.pdf\">Saisonheft.pdf<\/a>.\u00a0Nachfolgend dann die Aufstellungen und weitere Infos zur Saison.<\/p>\n<h2>1. Mannschaft<\/h2>\n<p>Bezirksklasse<\/p>\n<p>PSB-\u00dcbersichtsseiten:\u00a0<a title=\"Spielplan der Saison\" href=\"http:\/\/www.sbrp.de\/Turniere\/MK0809\/836p_bzk.htm\" target=\"_blank\">Spielplan<\/a> |\u00a0<a title=\"Tabelle der Saison\" href=\"http:\/\/www.sbrp.de\/Turniere\/MK0809\/836t_bzk.htm\" target=\"_blank\">Tabelle<\/a> | <a title=\"Ergebnissseiten der Saison 2008\/2009\" href=\"http:\/\/www.sbrp.de\/Turniere\/MK0809\/psb0809.html#bez6\" target=\"_blank\">\u00dcbersichtsseite PSB<\/a><\/p>\n<ol>\n<li>Ruppenthal, Mark-Andr\u00e9<\/li>\n<li>Porcher, Ernst-Michael<\/li>\n<li>Lozar, Peter<\/li>\n<li>Schlenger, Werner<\/li>\n<li>Kendzior, Uwe<\/li>\n<li>Jacobs, Mario<\/li>\n<li>Rabenstein, Daniel<\/li>\n<li>Sch\u00e4fer, Christian<\/li>\n<\/ol>\n<h2>2. Mannschaft<\/h2>\n<p>Bezirksklasse<\/p>\n<p>PSB-\u00dcbersichtsseiten:\u00a0<a title=\"Spielan der Saison\" href=\"http:\/\/www.sbrp.de\/Turniere\/MK0809\/836p_bzk.htm\" target=\"_blank\">Spielplan<\/a> |\u00a0<a title=\"Tabelle der Saison\" href=\"http:\/\/www.sbrp.de\/Turniere\/MK0809\/836t_bzk.htm\" target=\"_blank\">Tabelle<\/a> | <a title=\"Ergebnissseiten der Saison 2008\/2009\" href=\"http:\/\/www.sbrp.de\/Turniere\/MK0809\/psb0809.html#bez6\" target=\"_blank\">\u00dcbersichtsseite PSB<\/a><\/p>\n<ol>\n<li>Dockhorn, Alfred<\/li>\n<li>Gubin, Aleksej<\/li>\n<li>Schwabe, Tobias<\/li>\n<li>Gubin, Boris<\/li>\n<li>M\u00fcller, Sacha<\/li>\n<li>Schulthei\u00df, Walter<\/li>\n<li>Wiesen, Marcus<\/li>\n<li>Stephan, Joachim<\/li>\n<\/ol>\n<h2>3. Mannschaft<\/h2>\n<p>Kreisklasse A<\/p>\n<p>PSB-\u00dcbersichtsseiten:\u00a0<a title=\"Spielplan der Kreisklasse A\" href=\"http:\/\/www.sbrp.de\/Turniere\/MK0809\/836p_kka.htm\" target=\"_blank\">Spielplan<\/a> |\u00a0<a title=\"Tabelle der Kreisklasse A\" href=\"http:\/\/www.sbrp.de\/Turniere\/MK0809\/836t_kka.htm\" target=\"_blank\">Tabelle<\/a> | <a title=\"\u00dcbersichtsseite der Saison 2007\/2009\" href=\"http:\/\/www.sbrp.de\/Turniere\/MK0809\/psb0809.html#bez6\" target=\"_blank\">\u00dcbersichtsseite PSB<\/a><\/p>\n<ol>\n<li>Heckel, Anton<\/li>\n<li>M\u00fcller, Dirk<\/li>\n<li>Scheer, Lothar<\/li>\n<li>Budewitz, Albert<\/li>\n<li>Geibel, Kurt<\/li>\n<li>Porcher, Michael<\/li>\n<li>Gei\u00df, J\u00fcrgen<\/li>\n<li>Schunck, Michael<\/li>\n<li>Gro\u00dfmann, Nicolas<\/li>\n<\/ol>\n","protected":false},"excerpt":{"rendered":"<p>In der Saison 2008\/2009 spielten die &#8222;Erste&#8220; und die zweite Mannschaft in der Bezirksklasse &#8211; eine ung\u00fcnstige Konstellation, da so<\/p>\n","protected":false},"author":1,"featured_media":0,"parent":126,"menu_order":119,"comment_status":"open","ping_status":"open","template":"","meta":{"colormag_page_container_layout":"default_layout","colormag_page_sidebar_layout":"default_layout","ngg_post_thumbnail":0,"footnotes":""},"class_list":["post-1438","page","type-page","status-publish","hentry"],"_links":{"self":[{"href":"http:\/\/www.sf-bir.de\/index.php?rest_route=\/wp\/v2\/pages\/1438","targetHints":{"allow":["GET"]}}],"collection":[{"href":"http:\/\/www.sf-bir.de\/index.php?rest_route=\/wp\/v2\/pages"}],"about":[{"href":"http:\/\/www.sf-bir.de\/index.php?rest_route=\/wp\/v2\/types\/page"}],"author":[{"embeddable":true,"href":"http:\/\/www.sf-bir.de\/index.php?rest_route=\/wp\/v2\/users\/1"}],"replies":[{"embeddable":true,"href":"http:\/\/www.sf-bir.de\/index.php?rest_route=%2Fwp%2Fv2%2Fcomments&post=1438"}],"version-history":[{"count":4,"href":"http:\/\/www.sf-bir.de\/index.php?rest_route=\/wp\/v2\/pages\/1438\/revisions"}],"predecessor-version":[{"id":1440,"href":"http:\/\/www.sf-bir.de\/index.php?rest_route=\/wp\/v2\/pages\/1438\/revisions\/1440"}],"up":[{"embeddable":true,"href":"http:\/\/www.sf-bir.de\/index.php?rest_route=\/wp\/v2\/pages\/126"}],"wp:attachment":[{"href":"http:\/\/www.sf-bir.de\/index.php?rest_route=%2Fwp%2Fv2%2Fmedia&parent=1438"}],"curies":[{"name":"wp","href":"https:\/\/api.w.org\/{rel}","templated":true}]}}