{"id":1418,"date":"2010-12-23T20:54:10","date_gmt":"2010-12-23T19:54:10","guid":{"rendered":"http:\/\/www.sf-bir.de\/?page_id=1418"},"modified":"2013-02-11T14:30:37","modified_gmt":"2013-02-11T13:30:37","slug":"kreismeisterschaft-2008","status":"publish","type":"page","link":"http:\/\/www.sf-bir.de\/?page_id=1418","title":{"rendered":"Kreismeisterschaft 2008"},"content":{"rendered":"<p style=\"text-align: justify;\">Gespielt wurde die Kreismeisterschaft im Schnellschach in der Stadthalle in Birkenfeld am 24. August 2008. Bilder vom Turnier sind hier auf der Homepage unter &#8222;Bilder&#8220;, Unterpunkt &#8222;Kreismeisterschaft 2008&#8220; zu finden.<\/p>\n<p style=\"text-align: center;\">ngg_shortcode_0_placeholder<br \/>\nLandrat Axel Redmer, Kreismeister\u00a0Alexander Drizovskiy und der Vorsitzende der Schachfreunde Birkenfeld, Sacha M\u00fcller.<\/p>\n<p><span style=\"text-align: justify;\">Bedenkzeit waren 20 Minuten, die Auslosung erfolgte im Schweizer-System (7 Runden). Das Startgeld betrug 5,- \u20ac und wurde komplett ausgesch\u00fcttet. (1. Platz 50% und Pokal, 2. Platz 30% und Pokal, 3. Platz 20% und Pokal). Zus\u00e4tzlich gab es f\u00fcr den besten Teilnehmer aus dem Landkreis Birkenfeld einen Sonderpreis (100,- \u20ac plus Pokal) von Landrat Axel Redmer.<\/span><\/p>\n<p style=\"text-align: justify;\">Turnierleiter waren Sacha M\u00fcller und Marcus Wiesen.<\/p>\n<table border=\"2\" cellspacing=\"2\" cellpadding=\"2\" bgcolor=\"#C0C0C0\">\n<tbody>\n<tr>\n<td colspan=\"11\">Rangliste: Stand nach der 7. Runde<\/td>\n<\/tr>\n<tr bgcolor=\"#00FF00\">\n<th>Rg.<\/th>\n<th>Teilnehmer<\/th>\n<th>TWZ<\/th>\n<th>Verein<\/th>\n<th>S<\/th>\n<th>R<\/th>\n<th>V<\/th>\n<th>Pkt.<\/th>\n<th>Buch.<\/th>\n<th>SoBe.<\/th>\n<\/tr>\n<tr bgcolor=\"#00FFFF\">\n<td>1.<\/td>\n<td>Drizovskiy, Alexander<\/td>\n<td>2069<\/td>\n<td>VfR Baumholder<\/td>\n<td>6<\/td>\n<td>1<\/td>\n<td>0<\/td>\n<td>6.5<\/td>\n<td>30.0<\/td>\n<td>27.00<\/td>\n<\/tr>\n<tr bgcolor=\"#00FFFF\">\n<td>2.<\/td>\n<td>Schneider, Florian<\/td>\n<td>1798<\/td>\n<td>SC Idar-Oberstein<\/td>\n<td>5<\/td>\n<td>2<\/td>\n<td>0<\/td>\n<td>6.0<\/td>\n<td>27.0<\/td>\n<td>22.00<\/td>\n<\/tr>\n<tr bgcolor=\"#00FFFF\">\n<td>3.<\/td>\n<td>Kendzior, Uwe<\/td>\n<td>1741<\/td>\n<td>SF Birkenfeld<\/td>\n<td>4<\/td>\n<td>1<\/td>\n<td>2<\/td>\n<td>4.5<\/td>\n<td>30.5<\/td>\n<td>15.75<\/td>\n<\/tr>\n<tr bgcolor=\"#00FFFF\">\n<td>4.<\/td>\n<td>Ruppenthal, Mark-Andr\u00e9<\/td>\n<td>2001<\/td>\n<td>SF Birkenfeld<\/td>\n<td>3<\/td>\n<td>3<\/td>\n<td>1<\/td>\n<td>4.5<\/td>\n<td>29.5<\/td>\n<td>16.75<\/td>\n<\/tr>\n<tr bgcolor=\"#00FFFF\">\n<td>5.<\/td>\n<td>Sidon, Mike<\/td>\n<td>1908<\/td>\n<td>SC Idar-Oberstein<\/td>\n<td>4<\/td>\n<td>0<\/td>\n<td>3<\/td>\n<td>4.0<\/td>\n<td>27.0<\/td>\n<td>10.00<\/td>\n<\/tr>\n<tr bgcolor=\"#00FFFF\">\n<td>6.<\/td>\n<td>Sch\u00e4fer, Christian<\/td>\n<td>1591<\/td>\n<td>SC Eckersweiler<\/td>\n<td>3<\/td>\n<td>2<\/td>\n<td>2<\/td>\n<td>4.0<\/td>\n<td>26.0<\/td>\n<td>12.75<\/td>\n<\/tr>\n<tr bgcolor=\"#00FFFF\">\n<td>7.<\/td>\n<td>Dockhorn, Alfred<\/td>\n<td>1588<\/td>\n<td>SF Birkenfeld<\/td>\n<td>3<\/td>\n<td>2<\/td>\n<td>2<\/td>\n<td>4.0<\/td>\n<td>25.0<\/td>\n<td>11.00<\/td>\n<\/tr>\n<tr bgcolor=\"#00FFFF\">\n<td>8.<\/td>\n<td>Gubin, Boris<\/td>\n<td>1561<\/td>\n<td>SF Birkenfeld<\/td>\n<td>3<\/td>\n<td>1<\/td>\n<td>3<\/td>\n<td>3.5<\/td>\n<td>29.0<\/td>\n<td>10.50<\/td>\n<\/tr>\n<tr bgcolor=\"#00FFFF\">\n<td>9.<\/td>\n<td>Kisser, Wladimir<\/td>\n<td>1896<\/td>\n<td>VfR Baumholder<\/td>\n<td>3<\/td>\n<td>1<\/td>\n<td>3<\/td>\n<td>3.5<\/td>\n<td>25.5<\/td>\n<td>10.50<\/td>\n<\/tr>\n<tr bgcolor=\"#00FFFF\">\n<td>10.<\/td>\n<td>Wiesen, Marcus<\/td>\n<td>1529<\/td>\n<td>SF Birkenfeld<\/td>\n<td>2<\/td>\n<td>2<\/td>\n<td>3<\/td>\n<td>3.0<\/td>\n<td>25.5<\/td>\n<td>9.50<\/td>\n<\/tr>\n<tr bgcolor=\"#00FFFF\">\n<td>11.<\/td>\n<td>Szylmann, Jaroslav<\/td>\n<td>1829<\/td>\n<td>VfR Baumholder<\/td>\n<td>2<\/td>\n<td>2<\/td>\n<td>3<\/td>\n<td>3.0<\/td>\n<td>22.5<\/td>\n<td>6.50<\/td>\n<\/tr>\n<tr bgcolor=\"#00FFFF\">\n<td>12.<\/td>\n<td>Scheer, Lothar<\/td>\n<td>1413<\/td>\n<td>SF Birkenfeld<\/td>\n<td>2<\/td>\n<td>2<\/td>\n<td>3<\/td>\n<td>3.0<\/td>\n<td>20.0<\/td>\n<td>7.75<\/td>\n<\/tr>\n<tr bgcolor=\"#00FFFF\">\n<td>13.<\/td>\n<td>Menne, Manfred<\/td>\n<td>1619<\/td>\n<td>VfR Baumholder<\/td>\n<td>3<\/td>\n<td>0<\/td>\n<td>4<\/td>\n<td>3.0<\/td>\n<td>20.0<\/td>\n<td>5.50<\/td>\n<\/tr>\n<tr bgcolor=\"#00FFFF\">\n<td>13.<\/td>\n<td>Schwabe, Tobias<\/td>\n<td>1453<\/td>\n<td>SF Birkenfeld<\/td>\n<td>3<\/td>\n<td>0<\/td>\n<td>4<\/td>\n<td>3.0<\/td>\n<td>20.0<\/td>\n<td>5.50<\/td>\n<\/tr>\n<tr bgcolor=\"#00FFFF\">\n<td>15.<\/td>\n<td>Gubin, Aleksej<\/td>\n<td>1488<\/td>\n<td>SF Birkenfeld<\/td>\n<td>3<\/td>\n<td>0<\/td>\n<td>4<\/td>\n<td>3.0<\/td>\n<td>18.5<\/td>\n<td>6.00<\/td>\n<\/tr>\n<tr bgcolor=\"#00FFFF\">\n<td>16.<\/td>\n<td>Budewitz, Albert<\/td>\n<td>1406<\/td>\n<td>SF Birkenfeld<\/td>\n<td>1<\/td>\n<td>2<\/td>\n<td>4<\/td>\n<td>2.0<\/td>\n<td>22.0<\/td>\n<td>6.50<\/td>\n<\/tr>\n<tr bgcolor=\"#00FFFF\">\n<td>17.<\/td>\n<td>M\u00fcller, Sacha<\/td>\n<td>1461<\/td>\n<td>SF Birkenfeld<\/td>\n<td>1<\/td>\n<td>1<\/td>\n<td>5<\/td>\n<td>1.5<\/td>\n<td>23.5<\/td>\n<td>3.00<\/td>\n<\/tr>\n<tr bgcolor=\"#00FFFF\">\n<td>18.<\/td>\n<td>Sch\u00e4fer, Holger<\/td>\n<td>1535<\/td>\n<td>SC Eckersweiler<\/td>\n<td>1<\/td>\n<td>0<\/td>\n<td>6<\/td>\n<td>1.0<\/td>\n<td>19.5<\/td>\n<td>2.00<\/td>\n<\/tr>\n<\/tbody>\n<\/table>\n<p>&nbsp;<\/p>\n<table border=\"2\" cellspacing=\"2\" cellpadding=\"2\" bgcolor=\"#C0C0C0\">\n<tbody>\n<tr>\n<td colspan=\"14\">Fortschrittstabelle: Stand nach der 7. Runde (nach Rangliste)<\/td>\n<\/tr>\n<tr bgcolor=\"#00FF00\">\n<th>Nr.<\/th>\n<th>Teilnehmer<\/th>\n<th>1<\/th>\n<th>2<\/th>\n<th>3<\/th>\n<th>4<\/th>\n<th>5<\/th>\n<th>6<\/th>\n<th>7<\/th>\n<th>Pkt.<\/th>\n<th>Buch.<\/th>\n<th>SoBe.<\/th>\n<\/tr>\n<tr bgcolor=\"#00FFFF\">\n<td>1.<\/td>\n<td>Drizovskiy, Alexander<\/td>\n<td>7W1<\/td>\n<td>2S\u00bd<\/td>\n<td>5S1<\/td>\n<td>3W1<\/td>\n<td>4W1<\/td>\n<td>8S1<\/td>\n<td>9W1<\/td>\n<td>6.5<\/td>\n<td>30.0<\/td>\n<td>27.00<\/td>\n<\/tr>\n<tr bgcolor=\"#00FFFF\">\n<td>2.<\/td>\n<td>Schneider, Florian<\/td>\n<td>17S1<\/td>\n<td>1W\u00bd<\/td>\n<td>11S1<\/td>\n<td>6W1<\/td>\n<td>8S\u00bd<\/td>\n<td>3W1<\/td>\n<td>5S1<\/td>\n<td>6.0<\/td>\n<td>27.0<\/td>\n<td>22.00<\/td>\n<\/tr>\n<tr bgcolor=\"#00FFFF\">\n<td>3.<\/td>\n<td>Kendzior, Uwe<\/td>\n<td>14W1<\/td>\n<td>4S\u00bd<\/td>\n<td>10W1<\/td>\n<td>1S0<\/td>\n<td>7W1<\/td>\n<td>2S0<\/td>\n<td>8W1<\/td>\n<td>4.5<\/td>\n<td>30.5<\/td>\n<td>15.75<\/td>\n<\/tr>\n<tr bgcolor=\"#00FFFF\">\n<td>4.<\/td>\n<td>Ruppenthal, Mark-Andr\u00e9<\/td>\n<td>8S1<\/td>\n<td>3W\u00bd<\/td>\n<td>6S\u00bd<\/td>\n<td>5W1<\/td>\n<td>1S0<\/td>\n<td>10W1<\/td>\n<td>7W\u00bd<\/td>\n<td>4.5<\/td>\n<td>29.5<\/td>\n<td>16.75<\/td>\n<\/tr>\n<tr bgcolor=\"#00FFFF\">\n<td>5.<\/td>\n<td>Sidon, Mike<\/td>\n<td>18W1<\/td>\n<td>13S1<\/td>\n<td>1W0<\/td>\n<td>4S0<\/td>\n<td>16W1<\/td>\n<td>6S1<\/td>\n<td>2W0<\/td>\n<td>4.0<\/td>\n<td>27.0<\/td>\n<td>10.00<\/td>\n<\/tr>\n<tr bgcolor=\"#00FFFF\">\n<td>6.<\/td>\n<td>Sch\u00e4fer, Christian<\/td>\n<td>16W\u00bd<\/td>\n<td>9S1<\/td>\n<td>4W\u00bd<\/td>\n<td>2S0<\/td>\n<td>11S1<\/td>\n<td>5W0<\/td>\n<td>13S1<\/td>\n<td>4.0<\/td>\n<td>26.0<\/td>\n<td>12.75<\/td>\n<\/tr>\n<tr bgcolor=\"#00FFFF\">\n<td>7.<\/td>\n<td>Dockhorn, Alfred<\/td>\n<td>1S0<\/td>\n<td>16S1<\/td>\n<td>17W\u00bd<\/td>\n<td>10W1<\/td>\n<td>3S0<\/td>\n<td>12W1<\/td>\n<td>4S\u00bd<\/td>\n<td>4.0<\/td>\n<td>25.0<\/td>\n<td>11.00<\/td>\n<\/tr>\n<tr bgcolor=\"#00FFFF\">\n<td>8.<\/td>\n<td>Gubin, Boris<\/td>\n<td>4W0<\/td>\n<td>14S1<\/td>\n<td>13W1<\/td>\n<td>17S1<\/td>\n<td>2W\u00bd<\/td>\n<td>1W0<\/td>\n<td>3S0<\/td>\n<td>3.5<\/td>\n<td>29.0<\/td>\n<td>10.50<\/td>\n<\/tr>\n<tr bgcolor=\"#00FFFF\">\n<td>9.<\/td>\n<td>Kisser, Wladimir<\/td>\n<td>10S0<\/td>\n<td>6W0<\/td>\n<td>15S1<\/td>\n<td>12W\u00bd<\/td>\n<td>14S1<\/td>\n<td>11W1<\/td>\n<td>1S0<\/td>\n<td>3.5<\/td>\n<td>25.5<\/td>\n<td>10.50<\/td>\n<\/tr>\n<tr bgcolor=\"#00FFFF\">\n<td>10.<\/td>\n<td>Wiesen, Marcus<\/td>\n<td>9W1<\/td>\n<td>11W\u00bd<\/td>\n<td>3S0<\/td>\n<td>7S0<\/td>\n<td>15W1<\/td>\n<td>4S0<\/td>\n<td>12W\u00bd<\/td>\n<td>3.0<\/td>\n<td>25.5<\/td>\n<td>9.50<\/td>\n<\/tr>\n<tr bgcolor=\"#00FFFF\">\n<td>11.<\/td>\n<td>Szylmann, Jaroslav<\/td>\n<td>15W1<\/td>\n<td>10S\u00bd<\/td>\n<td>2W0<\/td>\n<td>16S\u00bd<\/td>\n<td>6W0<\/td>\n<td>9S0<\/td>\n<td>18W1<\/td>\n<td>3.0<\/td>\n<td>22.5<\/td>\n<td>6.50<\/td>\n<\/tr>\n<tr bgcolor=\"#00FFFF\">\n<td>12.<\/td>\n<td>Scheer, Lothar<\/td>\n<td>13W0<\/td>\n<td>15S1<\/td>\n<td>16W0<\/td>\n<td>9S\u00bd<\/td>\n<td>17W1<\/td>\n<td>7S0<\/td>\n<td>10S\u00bd<\/td>\n<td>3.0<\/td>\n<td>20.0<\/td>\n<td>7.75<\/td>\n<\/tr>\n<tr bgcolor=\"#00FFFF\">\n<td>13.<\/td>\n<td>Menne, Manfred<\/td>\n<td>12S1<\/td>\n<td>5W0<\/td>\n<td>8S0<\/td>\n<td>14W0<\/td>\n<td>18S1<\/td>\n<td>17S1<\/td>\n<td>6W0<\/td>\n<td>3.0<\/td>\n<td>20.0<\/td>\n<td>5.50<\/td>\n<\/tr>\n<tr bgcolor=\"#00FFFF\">\n<td>14.<\/td>\n<td>Schwabe, Tobias<\/td>\n<td>3S0<\/td>\n<td>8W0<\/td>\n<td>18W1<\/td>\n<td>13S1<\/td>\n<td>9W0<\/td>\n<td>15S0<\/td>\n<td>17W1<\/td>\n<td>3.0<\/td>\n<td>20.0<\/td>\n<td>5.50<\/td>\n<\/tr>\n<tr bgcolor=\"#00FFFF\">\n<td>15.<\/td>\n<td>Gubin, Aleksej<\/td>\n<td>11S0<\/td>\n<td>12W0<\/td>\n<td>9W0<\/td>\n<td>18S1<\/td>\n<td>10S0<\/td>\n<td>14W1<\/td>\n<td>16W1<\/td>\n<td>3.0<\/td>\n<td>18.5<\/td>\n<td>6.00<\/td>\n<\/tr>\n<tr bgcolor=\"#00FFFF\">\n<td>16.<\/td>\n<td>Budewitz, Albert<\/td>\n<td>6S\u00bd<\/td>\n<td>7W0<\/td>\n<td>12S1<\/td>\n<td>11W\u00bd<\/td>\n<td>5S0<\/td>\n<td>18W0<\/td>\n<td>15S0<\/td>\n<td>2.0<\/td>\n<td>22.0<\/td>\n<td>6.50<\/td>\n<\/tr>\n<tr bgcolor=\"#00FFFF\">\n<td>17.<\/td>\n<td>M\u00fcller, Sacha<\/td>\n<td>2W0<\/td>\n<td>18S1<\/td>\n<td>7S\u00bd<\/td>\n<td>8W0<\/td>\n<td>12S0<\/td>\n<td>13W0<\/td>\n<td>14S0<\/td>\n<td>1.5<\/td>\n<td>23.5<\/td>\n<td>3.00<\/td>\n<\/tr>\n<tr bgcolor=\"#00FFFF\">\n<td>18.<\/td>\n<td>Sch\u00e4fer, Holger<\/td>\n<td>5S0<\/td>\n<td>17W0<\/td>\n<td>14S0<\/td>\n<td>15W0<\/td>\n<td>13W0<\/td>\n<td>16S1<\/td>\n<td>11S0<\/td>\n<td>1.0<\/td>\n<td>19.5<\/td>\n<td>2.00<\/td>\n<\/tr>\n<\/tbody>\n<\/table>\n","protected":false},"excerpt":{"rendered":"<p>Gespielt wurde die Kreismeisterschaft im Schnellschach in der Stadthalle in Birkenfeld am 24. August 2008. Bilder vom Turnier sind hier<\/p>\n","protected":false},"author":1,"featured_media":0,"parent":1379,"menu_order":670,"comment_status":"open","ping_status":"open","template":"","meta":{"colormag_page_container_layout":"default_layout","colormag_page_sidebar_layout":"default_layout","ngg_post_thumbnail":0,"footnotes":""},"class_list":["post-1418","page","type-page","status-publish","hentry"],"_links":{"self":[{"href":"http:\/\/www.sf-bir.de\/index.php?rest_route=\/wp\/v2\/pages\/1418","targetHints":{"allow":["GET"]}}],"collection":[{"href":"http:\/\/www.sf-bir.de\/index.php?rest_route=\/wp\/v2\/pages"}],"about":[{"href":"http:\/\/www.sf-bir.de\/index.php?rest_route=\/wp\/v2\/types\/page"}],"author":[{"embeddable":true,"href":"http:\/\/www.sf-bir.de\/index.php?rest_route=\/wp\/v2\/users\/1"}],"replies":[{"embeddable":true,"href":"http:\/\/www.sf-bir.de\/index.php?rest_route=%2Fwp%2Fv2%2Fcomments&post=1418"}],"version-history":[{"count":9,"href":"http:\/\/www.sf-bir.de\/index.php?rest_route=\/wp\/v2\/pages\/1418\/revisions"}],"predecessor-version":[{"id":1420,"href":"http:\/\/www.sf-bir.de\/index.php?rest_route=\/wp\/v2\/pages\/1418\/revisions\/1420"}],"up":[{"embeddable":true,"href":"http:\/\/www.sf-bir.de\/index.php?rest_route=\/wp\/v2\/pages\/1379"}],"wp:attachment":[{"href":"http:\/\/www.sf-bir.de\/index.php?rest_route=%2Fwp%2Fv2%2Fmedia&parent=1418"}],"curies":[{"name":"wp","href":"https:\/\/api.w.org\/{rel}","templated":true}]}}