{"id":1221,"date":"2010-12-18T01:43:23","date_gmt":"2010-12-18T00:43:23","guid":{"rendered":"http:\/\/www.sf-bir.de\/?page_id=1221"},"modified":"2011-01-06T02:21:34","modified_gmt":"2011-01-06T01:21:34","slug":"vm-2002","status":"publish","type":"page","link":"http:\/\/www.sf-bir.de\/?page_id=1221","title":{"rendered":"VM 2002"},"content":{"rendered":"<h2>Mark-Andr\u00e9 Ruppenthal ist neuer Vereinsmeister<\/h2>\n<figure id=\"attachment_1532\" aria-describedby=\"caption-attachment-1532\" style=\"width: 300px\" class=\"wp-caption alignleft\"><a rel=\"attachment wp-att-1532\" href=\"http:\/\/www.sf-bir.de\/?attachment_id=1532\"><img loading=\"lazy\" decoding=\"async\" class=\"size-medium wp-image-1532\" title=\"Vereinsmeister Mark Ruppenthal\" src=\"http:\/\/www.sf-bir.de\/wp-content\/uploads\/VM2002Ruppenthal-300x225.jpg\" alt=\"Vereinsmeister Mark Ruppenthal\" width=\"300\" height=\"225\" srcset=\"http:\/\/www.sf-bir.de\/wp-content\/uploads\/VM2002Ruppenthal-300x225.jpg 300w, http:\/\/www.sf-bir.de\/wp-content\/uploads\/VM2002Ruppenthal.jpeg 425w\" sizes=\"auto, (max-width: 300px) 100vw, 300px\" \/><\/a><figcaption id=\"caption-attachment-1532\" class=\"wp-caption-text\">Vereinsmeister Mark Ruppenthal bei der Siegerehrung.<\/figcaption><\/figure>\n<p style=\"text-align: justify;\">Allerheiligen, traditionell der letzte Spieltag der Vereinsmeisterschaft f\u00fcr die Birkenfelder Schachfreunde. Die Vereinsmeisterschaft ist ein 9-Runden-Turnier, das zwischen Januar und Anfang November ausgetragen wird. Als Favoriten waren neben Titelverteidiger Werner Schlenger auch Peter Lozar und Rodolfo Graf ins Turnier gestartet. Doch was sich im Sommer bereits andeutete wurde allen sp\u00e4testens vor der letzten Runde klar: Mark-Andr\u00e9 Ruppenthal w\u00fcrde bei der Titelvergabe noch ein kr\u00e4ftiges W\u00f6rtchen mitreden wollen. Mit jeweils 6 Punkten aus 8 Partien f\u00fchrten Ruppenthal, Lozar und Graf die Tabelle noch vor Schlenger (mit 5.5 Punkten) an! In der letzten Runde hatte Mark-Andr\u00e9 Ruppenthal dann bereits, durch ein vorverlegtes Spiel gegen Walter Schulthei\u00df, einen Sieg vorgelegt!<\/p>\n<p style=\"text-align: justify;\">(Fortsetzung nach der Tabelle)<\/p>\n<h2>Endstand der Vereinsmeisterschaft<\/h2>\n<table border=\"1\" cellspacing=\"0\" cellpadding=\"1\" bordercolor=\"#000000\">\n<tbody>\n<tr>\n<th colspan=\"11\"> Rangliste:  Stand nach der 9. Runde<\/th>\n<\/tr>\n<tr bgcolor=\"#00FF00\">\n<th>Nr.<\/th>\n<th>Teilnehmer<\/th>\n<th>TWZ<\/th>\n<th width=\"20\">S<\/th>\n<th width=\"20\">R<\/th>\n<th width=\"20\">V<\/th>\n<th>Punkte<\/th>\n<th>Buchh<\/th>\n<th>BuSumm<\/th>\n<\/tr>\n<tr bgcolor=\"#00FFFF\">\n<td align=\"center\">1.<\/td>\n<td>Ruppenthal, Mark<\/td>\n<td>1752<\/td>\n<td align=\"center\">5<\/td>\n<td align=\"center\">4<\/td>\n<td align=\"center\">0<\/td>\n<td align=\"center\">7.0<\/td>\n<td align=\"center\">46.0<\/td>\n<td align=\"center\">401.0<\/td>\n<\/tr>\n<tr bgcolor=\"#00FFFF\">\n<td align=\"center\">2.<\/td>\n<td>Schlenger, Werner<\/td>\n<td>1891<\/td>\n<td align=\"center\">5<\/td>\n<td align=\"center\">3<\/td>\n<td align=\"center\">1<\/td>\n<td align=\"center\">6.5<\/td>\n<td align=\"center\">50.5<\/td>\n<td align=\"center\">398.0<\/td>\n<\/tr>\n<tr bgcolor=\"#00FFFF\">\n<td align=\"center\">3.<\/td>\n<td>Sch\u00e4fer, Christian<\/td>\n<td>1638<\/td>\n<td align=\"center\">5<\/td>\n<td align=\"center\">3<\/td>\n<td align=\"center\">1<\/td>\n<td align=\"center\">6.5<\/td>\n<td align=\"center\">42.0<\/td>\n<td align=\"center\">400.5<\/td>\n<\/tr>\n<tr bgcolor=\"#00FFFF\">\n<td align=\"center\">4.<\/td>\n<td>Lozar, Peter<\/td>\n<td>1677<\/td>\n<td align=\"center\">5<\/td>\n<td align=\"center\">2<\/td>\n<td align=\"center\">2<\/td>\n<td align=\"center\">6.0<\/td>\n<td align=\"center\">47.0<\/td>\n<td align=\"center\">375.5<\/td>\n<\/tr>\n<tr bgcolor=\"#00FFFF\">\n<td align=\"center\">5.<\/td>\n<td>Graf, Rodolfo<\/td>\n<td>1731<\/td>\n<td align=\"center\">5<\/td>\n<td align=\"center\">2<\/td>\n<td align=\"center\">2<\/td>\n<td align=\"center\">6.0<\/td>\n<td align=\"center\">46.0<\/td>\n<td align=\"center\">360.0<\/td>\n<\/tr>\n<tr bgcolor=\"#00FFFF\">\n<td align=\"center\">6.<\/td>\n<td>Schlemmer, Erwin<\/td>\n<td>1543<\/td>\n<td align=\"center\">6<\/td>\n<td align=\"center\">0<\/td>\n<td align=\"center\">3<\/td>\n<td align=\"center\">6.0<\/td>\n<td align=\"center\">44.0<\/td>\n<td align=\"center\">402.0<\/td>\n<\/tr>\n<tr bgcolor=\"#00FFFF\">\n<td align=\"center\">7.<\/td>\n<td>Mettus, Artur<\/td>\n<td>1744<\/td>\n<td align=\"center\">5<\/td>\n<td align=\"center\">2<\/td>\n<td align=\"center\">2<\/td>\n<td align=\"center\">6.0<\/td>\n<td align=\"center\">39.5<\/td>\n<td align=\"center\">384.0<\/td>\n<\/tr>\n<tr bgcolor=\"#00FFFF\">\n<td align=\"center\">8.<\/td>\n<td>Knoll, Helmut<\/td>\n<td>1566<\/td>\n<td align=\"center\">3<\/td>\n<td align=\"center\">4<\/td>\n<td align=\"center\">2<\/td>\n<td align=\"center\">5.0<\/td>\n<td align=\"center\">45.0<\/td>\n<td align=\"center\">392.5<\/td>\n<\/tr>\n<tr bgcolor=\"#00FFFF\">\n<td align=\"center\">9.<\/td>\n<td>Schulthei\u00df, Walter<\/td>\n<td>1671<\/td>\n<td align=\"center\">4<\/td>\n<td align=\"center\">2<\/td>\n<td align=\"center\">3<\/td>\n<td align=\"center\">5.0<\/td>\n<td align=\"center\">44.0<\/td>\n<td align=\"center\">396.0<\/td>\n<\/tr>\n<tr bgcolor=\"#00FFFF\">\n<td align=\"center\">10.<\/td>\n<td>Dockhorn, Alfred<\/td>\n<td>1674<\/td>\n<td align=\"center\">3<\/td>\n<td align=\"center\">4<\/td>\n<td align=\"center\">2<\/td>\n<td align=\"center\">5.0<\/td>\n<td align=\"center\">43.5<\/td>\n<td align=\"center\">372.0<\/td>\n<\/tr>\n<tr bgcolor=\"#00FFFF\">\n<td align=\"center\">11.<\/td>\n<td>H\u00e4nsel, Gerhard<\/td>\n<td>1604<\/td>\n<td align=\"center\">3<\/td>\n<td align=\"center\">4<\/td>\n<td align=\"center\">2<\/td>\n<td align=\"center\">5.0<\/td>\n<td align=\"center\">43.5<\/td>\n<td align=\"center\">367.5<\/td>\n<\/tr>\n<tr bgcolor=\"#00FFFF\">\n<td align=\"center\">12.<\/td>\n<td>Wiesen, Marcus<\/td>\n<td>1334<\/td>\n<td align=\"center\">3<\/td>\n<td align=\"center\">4<\/td>\n<td align=\"center\">2<\/td>\n<td align=\"center\">5.0<\/td>\n<td align=\"center\">40.5<\/td>\n<td align=\"center\">368.5<\/td>\n<\/tr>\n<tr bgcolor=\"#00FFFF\">\n<td align=\"center\">13.<\/td>\n<td>Kostas, Theofanis<\/td>\n<td><\/td>\n<td align=\"center\">3<\/td>\n<td align=\"center\">4<\/td>\n<td align=\"center\">2<\/td>\n<td align=\"center\">5.0<\/td>\n<td align=\"center\">40.0<\/td>\n<td align=\"center\">375.0<\/td>\n<\/tr>\n<tr bgcolor=\"#00FFFF\">\n<td align=\"center\">14.<\/td>\n<td>Porcher, Michael<\/td>\n<td>1131<\/td>\n<td align=\"center\">3<\/td>\n<td align=\"center\">4<\/td>\n<td align=\"center\">2<\/td>\n<td align=\"center\">5.0<\/td>\n<td align=\"center\">38.5<\/td>\n<td align=\"center\">375.5<\/td>\n<\/tr>\n<tr bgcolor=\"#00FFFF\">\n<td align=\"center\">15.<\/td>\n<td>Porcher, Ernst<\/td>\n<td>1295<\/td>\n<td align=\"center\">3<\/td>\n<td align=\"center\">3<\/td>\n<td align=\"center\">3<\/td>\n<td align=\"center\">4.5<\/td>\n<td align=\"center\">38.0<\/td>\n<td align=\"center\">326.5<\/td>\n<\/tr>\n<tr bgcolor=\"#00FFFF\">\n<td align=\"center\">16.<\/td>\n<td>Schwabe, Tobias<\/td>\n<td>1252<\/td>\n<td align=\"center\">3<\/td>\n<td align=\"center\">3<\/td>\n<td align=\"center\">3<\/td>\n<td align=\"center\">4.5<\/td>\n<td align=\"center\">36.0<\/td>\n<td align=\"center\">334.5<\/td>\n<\/tr>\n<tr bgcolor=\"#00FFFF\">\n<td align=\"center\">17.<\/td>\n<td>Budewitz, Albert<\/td>\n<td>1426<\/td>\n<td align=\"center\">4<\/td>\n<td align=\"center\">0<\/td>\n<td align=\"center\">5<\/td>\n<td align=\"center\">4.0<\/td>\n<td align=\"center\">50.5<\/td>\n<td align=\"center\">382.5<\/td>\n<\/tr>\n<tr bgcolor=\"#00FFFF\">\n<td align=\"center\">18.<\/td>\n<td>Schlein, David<\/td>\n<td>1563<\/td>\n<td align=\"center\">4<\/td>\n<td align=\"center\">0<\/td>\n<td align=\"center\">5<\/td>\n<td align=\"center\">4.0<\/td>\n<td align=\"center\">48.5<\/td>\n<td align=\"center\">375.0<\/td>\n<\/tr>\n<tr bgcolor=\"#00FFFF\">\n<td align=\"center\">19.<\/td>\n<td>Scheer, Lothar<\/td>\n<td>1407<\/td>\n<td align=\"center\">3<\/td>\n<td align=\"center\">2<\/td>\n<td align=\"center\">4<\/td>\n<td align=\"center\">4.0<\/td>\n<td align=\"center\">36.5<\/td>\n<td align=\"center\">339.0<\/td>\n<\/tr>\n<tr bgcolor=\"#00FFFF\">\n<td align=\"center\">20.<\/td>\n<td>Glitza, Ralf<\/td>\n<td>1410<\/td>\n<td align=\"center\">3<\/td>\n<td align=\"center\">1<\/td>\n<td align=\"center\">5<\/td>\n<td align=\"center\">3.5<\/td>\n<td align=\"center\">43.0<\/td>\n<td align=\"center\">351.0<\/td>\n<\/tr>\n<tr bgcolor=\"#00FFFF\">\n<td align=\"center\">21.<\/td>\n<td>Gro\u00dfmann, Nicolas<\/td>\n<td>1305<\/td>\n<td align=\"center\">2<\/td>\n<td align=\"center\">3<\/td>\n<td align=\"center\">4<\/td>\n<td align=\"center\">3.5<\/td>\n<td align=\"center\">36.5<\/td>\n<td align=\"center\">324.0<\/td>\n<\/tr>\n<tr bgcolor=\"#00FFFF\">\n<td align=\"center\">22.<\/td>\n<td>Gei\u00df, J\u00fcrgen<\/td>\n<td>1286<\/td>\n<td align=\"center\">3<\/td>\n<td align=\"center\">1<\/td>\n<td align=\"center\">5<\/td>\n<td align=\"center\">3.5<\/td>\n<td align=\"center\">35.0<\/td>\n<td align=\"center\">320.5<\/td>\n<\/tr>\n<tr bgcolor=\"#00FFFF\">\n<td align=\"center\">23.<\/td>\n<td>Stephan, Joachim<\/td>\n<td>1390<\/td>\n<td align=\"center\">3<\/td>\n<td align=\"center\">1<\/td>\n<td align=\"center\">5<\/td>\n<td align=\"center\">3.5<\/td>\n<td align=\"center\">34.5<\/td>\n<td align=\"center\">334.0<\/td>\n<\/tr>\n<tr bgcolor=\"#00FFFF\">\n<td align=\"center\">24.<\/td>\n<td>Brasse, Volker<\/td>\n<td><\/td>\n<td align=\"center\">2<\/td>\n<td align=\"center\">3<\/td>\n<td align=\"center\">4<\/td>\n<td align=\"center\">3.5<\/td>\n<td align=\"center\">33.0<\/td>\n<td align=\"center\">330.0<\/td>\n<\/tr>\n<tr bgcolor=\"#00FFFF\">\n<td align=\"center\">25.<\/td>\n<td>Geibel, Kurt<\/td>\n<td>1194<\/td>\n<td align=\"center\">1<\/td>\n<td align=\"center\">5<\/td>\n<td align=\"center\">3<\/td>\n<td align=\"center\">3.5<\/td>\n<td align=\"center\">33.0<\/td>\n<td align=\"center\">305.5<\/td>\n<\/tr>\n<tr bgcolor=\"#00FFFF\">\n<td align=\"center\">26.<\/td>\n<td>Muster, Martin<\/td>\n<td><\/td>\n<td align=\"center\">1<\/td>\n<td align=\"center\">5<\/td>\n<td align=\"center\">3<\/td>\n<td align=\"center\">3.5<\/td>\n<td align=\"center\">32.0<\/td>\n<td align=\"center\">316.5<\/td>\n<\/tr>\n<tr bgcolor=\"#00FFFF\">\n<td align=\"center\">27.<\/td>\n<td>M\u00fcller, Sacha<\/td>\n<td>1360<\/td>\n<td align=\"center\">3<\/td>\n<td align=\"center\">0<\/td>\n<td align=\"center\">6<\/td>\n<td align=\"center\">3.0<\/td>\n<td align=\"center\">38.0<\/td>\n<td align=\"center\">335.5<\/td>\n<\/tr>\n<tr bgcolor=\"#00FFFF\">\n<td align=\"center\">28.<\/td>\n<td>Muster, Frank<\/td>\n<td>1289<\/td>\n<td align=\"center\">1<\/td>\n<td align=\"center\">2<\/td>\n<td align=\"center\">6<\/td>\n<td align=\"center\">2.0<\/td>\n<td align=\"center\">30.5<\/td>\n<td align=\"center\">303.5<\/td>\n<\/tr>\n<\/tbody>\n<\/table>\n<h2>Fortsetzung Bericht<\/h2>\n<p style=\"text-align: justify;\">Rodolfo Graf gegen Arthur Mettus (Titelverteidiger der Senioren) und Peter Lozar gegen Christian Sch\u00e4fer (Mannschaftsf\u00fchrer der ersten Mannschaft und selbst ein gutes Turnier mit &#8222;Treppchenambitionen&#8220; spielend) waren also bereits zu Beginn ihrer Partie psychologisch in Zugzwang. Sch\u00e4fer konnte sich bereits in der Er\u00f6ffnung einen Vorteil gegen Lozar erspielen und im Spiel Graf-Mettus hielten sich die Kr\u00e4fte lange Zeit im Gleichgewicht. Nach langem Kampf &#8211; au\u00dfer diesen beiden Partien waren alle anderen bereits beendet (!) &#8211; roch es schlie\u00dflich nach mindestens einem Entscheidungsspiel. Rodolfo Graf konnte gegen Artur Mettus einen Bauern gewinnen und sich in eine gute Position man\u00f6vrieren. Am Brett Lozar-Sch\u00e4fer, lieferte Peter Lozar weiterhin einen gro\u00dfen Kampf, doch Christian Sch\u00e4fer baute seinen positionellen und materiellen Vorteil St\u00fcck f\u00fcr St\u00fcck aus. Nervlich am meisten &#8222;gelitten&#8220; hat in dieser Phase des Spiels wohl der zum Zuschauen verurteilte Mark-Andr\u00e9 Ruppenthal. Doch dann &#8222;erl\u00f6ste&#8220; ihn Rodolfo Graf mit einem groben Schnitzer. Er stellte einen Springer ohne Kompensation ein und musste in der Folge auch positionelle Zugest\u00e4ndnisse an einen gut aufgelegten Mettus machen. Graf gab sein Spiel dann in der Folge auf und auch Lozar gab sich Sch\u00e4fer geschlagen. Christian Sch\u00e4fer rutschte durch den Sieg noch mal an Graf und Lozar vorbei auf Platz drei der Gesamtwertung, Silber ging an den Titelverteidiger Schlenger, der sein Spiel souver\u00e4n gewann. Neuer Vereinsmeister der Schachfreunde wurde souver\u00e4n Mark-Andr\u00e9 Ruppenthal!<\/p>\n<p style=\"text-align: justify;\">Die Titelverteidigung der Senioren gelang Mettus &#8211; trotz des Sieges &#8211; nicht. Bester Senior im Jahre 2002 wurde Erwin Schlemmer mit 6 Punkten! Den siegbringenden Punkt schaffte er in einer sch\u00f6nen Partie gegen Helmut Knoll. Nachdem er dieses Jahr auch schon in gut besetzten Turnieren auf Bezirks- und Pfalzebene sein K\u00f6nnen unter Beweis stellen konnte, wurde Ernst-Michael Porcher dann auch Jugendmeister der Schachfreunde. Mit 4,5 Punkten schloss er das Turnier 1 Punkt vor Nicolas Gro\u00dfmann ab, die wie alle Jugendlichen &amp; Senioren im ganz normalen Turnier mitspielen. Im Anschluss an die Siegerehrung spielte man noch eine l\u00e4ngere Zeit &#8222;Blitzschach&#8220; und lie\u00df den Schachtag gem\u00fctlich ausklingen.\u00a0(mmw)<\/p>\n","protected":false},"excerpt":{"rendered":"<p>Mark-Andr\u00e9 Ruppenthal ist neuer Vereinsmeister Allerheiligen, traditionell der letzte Spieltag der Vereinsmeisterschaft f\u00fcr die Birkenfelder Schachfreunde. Die Vereinsmeisterschaft ist ein<\/p>\n","protected":false},"author":1,"featured_media":0,"parent":150,"menu_order":206,"comment_status":"open","ping_status":"open","template":"","meta":{"colormag_page_container_layout":"default_layout","colormag_page_sidebar_layout":"default_layout","ngg_post_thumbnail":0,"footnotes":""},"class_list":["post-1221","page","type-page","status-publish","hentry"],"_links":{"self":[{"href":"http:\/\/www.sf-bir.de\/index.php?rest_route=\/wp\/v2\/pages\/1221","targetHints":{"allow":["GET"]}}],"collection":[{"href":"http:\/\/www.sf-bir.de\/index.php?rest_route=\/wp\/v2\/pages"}],"about":[{"href":"http:\/\/www.sf-bir.de\/index.php?rest_route=\/wp\/v2\/types\/page"}],"author":[{"embeddable":true,"href":"http:\/\/www.sf-bir.de\/index.php?rest_route=\/wp\/v2\/users\/1"}],"replies":[{"embeddable":true,"href":"http:\/\/www.sf-bir.de\/index.php?rest_route=%2Fwp%2Fv2%2Fcomments&post=1221"}],"version-history":[{"count":7,"href":"http:\/\/www.sf-bir.de\/index.php?rest_route=\/wp\/v2\/pages\/1221\/revisions"}],"predecessor-version":[{"id":1536,"href":"http:\/\/www.sf-bir.de\/index.php?rest_route=\/wp\/v2\/pages\/1221\/revisions\/1536"}],"up":[{"embeddable":true,"href":"http:\/\/www.sf-bir.de\/index.php?rest_route=\/wp\/v2\/pages\/150"}],"wp:attachment":[{"href":"http:\/\/www.sf-bir.de\/index.php?rest_route=%2Fwp%2Fv2%2Fmedia&parent=1221"}],"curies":[{"name":"wp","href":"https:\/\/api.w.org\/{rel}","templated":true}]}}