{"id":1219,"date":"2010-12-18T01:42:56","date_gmt":"2010-12-18T00:42:56","guid":{"rendered":"http:\/\/www.sf-bir.de\/?page_id=1219"},"modified":"2011-01-05T23:09:08","modified_gmt":"2011-01-05T22:09:08","slug":"vm-2003","status":"publish","type":"page","link":"http:\/\/www.sf-bir.de\/?page_id=1219","title":{"rendered":"VM 2003"},"content":{"rendered":"<h2>Hans Fries erneut Vereinsmeister!<\/h2>\n<figure id=\"attachment_1525\" aria-describedby=\"caption-attachment-1525\" style=\"width: 300px\" class=\"wp-caption alignleft\"><a rel=\"attachment wp-att-1525\" href=\"http:\/\/www.sf-bir.de\/?attachment_id=1525\"><img loading=\"lazy\" decoding=\"async\" class=\"size-medium wp-image-1525\" title=\"Siegertreppechen der Vereismeisterschaft\" src=\"http:\/\/www.sf-bir.de\/wp-content\/uploads\/VM2003Treppchen-300x280.jpg\" alt=\"Siegertreppechen der Vereismeisterschaft\" width=\"300\" height=\"280\" srcset=\"http:\/\/www.sf-bir.de\/wp-content\/uploads\/VM2003Treppchen-300x280.jpg 300w, http:\/\/www.sf-bir.de\/wp-content\/uploads\/VM2003Treppchen.jpg 618w\" sizes=\"auto, (max-width: 300px) 100vw, 300px\" \/><\/a><figcaption id=\"caption-attachment-1525\" class=\"wp-caption-text\">Artur Mettus, Werner Schlenger, Vereinsmeister Hans Fries, Mark Ruppenthal, Gerhard H\u00e4nsel und Ernst Porcher.<\/figcaption><\/figure>\n<p style=\"text-align: justify;\">Schon traditionell richten die Schachfreunde Birkenfeld am 1. November den letzten Tag ihrer Vereinsmeisterschaft aus. Die Vereinsmeisterschaft erfreut sich seit Jahren gro\u00dfer Beliebtheit, er\u00f6ffnet sie doch die M\u00f6glichkeit, sich in 9 Runden, die \u00fcber das ganze Jahr verteilt sind, mit den Vereinskollegen in ernsthaften Partien zu messen. Begonnen hatte die Vereinsmeisterschaft mit der 1. Runde im Januar und wurde nun mit der 9. und letzten Runde abgeschlossen.<\/p>\n<p style=\"text-align: justify;\">Titelverteidiger war Mark Ruppenthal, der sich im letzten Jahr erstmals mit einer Plakette auf dem von Schachfreund Hermann Welsch vom Schachclub Eckersweiler eigens f\u00fcr die Birkenfelder in Handarbeit hergestelltem Wappenschild verewigen durfte. Ruppenthal wurde von Hans Fries nun als amtierender Vereinsmeister abgel\u00f6st. Fries hatte bereits die Ehre sich auf dem Schild zu verewigen.<\/p>\n<p style=\"text-align: justify;\">(Fortsetzung des Berichts nach der Tabelle)<\/p>\n<h2>Endstand der Vereinsmeisterschaft<\/h2>\n<table border=\"1\" cellspacing=\"0\" cellpadding=\"1\" bgcolor=\"#c0c0c0\" bordercolor=\"#000000\">\n<tbody>\n<tr>\n<th colspan=\"11\"> Rangliste: Stand nach der 9. Runde<\/th>\n<\/tr>\n<tr bgcolor=\"#00FF00\">\n<th>Rang<\/th>\n<th>Teilnehmer<\/th>\n<th>TWZ<\/th>\n<th width=\"20\">S<\/th>\n<th width=\"20\">R<\/th>\n<th width=\"20\">V<\/th>\n<th>Punkte<\/th>\n<th>Buchh<\/th>\n<th>BuSumm<\/th>\n<\/tr>\n<tr bgcolor=\"#00FFFF\">\n<td align=\"CENTER\">1.<\/td>\n<td align=\"LEFT\">Fries, Hans<\/td>\n<td align=\"RIGHT\">1881<\/td>\n<td align=\"center\">8<\/td>\n<td align=\"center\">0<\/td>\n<td align=\"center\">1<\/td>\n<td align=\"center\">8.0<\/td>\n<td align=\"center\">49.5<\/td>\n<td align=\"center\">420.5<\/td>\n<\/tr>\n<tr bgcolor=\"#00FFFF\">\n<td align=\"CENTER\">2.<\/td>\n<td align=\"LEFT\">Ruppenthal, Mark<\/td>\n<td align=\"RIGHT\">1814<\/td>\n<td align=\"center\">8<\/td>\n<td align=\"center\">0<\/td>\n<td align=\"center\">1<\/td>\n<td align=\"center\">8.0<\/td>\n<td align=\"center\">47.5<\/td>\n<td align=\"center\">414.5<\/td>\n<\/tr>\n<tr bgcolor=\"#00FFFF\">\n<td align=\"CENTER\">3.<\/td>\n<td align=\"LEFT\">Mettus, Artur<\/td>\n<td align=\"RIGHT\">1682<\/td>\n<td align=\"center\">7<\/td>\n<td align=\"center\">0<\/td>\n<td align=\"center\">2<\/td>\n<td align=\"center\">7.0<\/td>\n<td align=\"center\">48.0<\/td>\n<td align=\"center\">400.5<\/td>\n<\/tr>\n<tr bgcolor=\"#00FFFF\">\n<td align=\"CENTER\">4.<\/td>\n<td align=\"LEFT\">Kendzior, Uwe<\/td>\n<td align=\"RIGHT\">1739<\/td>\n<td align=\"center\">6<\/td>\n<td align=\"center\">0<\/td>\n<td align=\"center\">3<\/td>\n<td align=\"center\">6.0<\/td>\n<td align=\"center\">49.5<\/td>\n<td align=\"center\">403.5<\/td>\n<\/tr>\n<tr bgcolor=\"#00FFFF\">\n<td align=\"CENTER\">5.<\/td>\n<td align=\"LEFT\">Schlenger, Werner<\/td>\n<td align=\"RIGHT\">1819<\/td>\n<td align=\"center\">5<\/td>\n<td align=\"center\">1<\/td>\n<td align=\"center\">3<\/td>\n<td align=\"center\">5.5<\/td>\n<td align=\"center\">49.0<\/td>\n<td align=\"center\">392.0<\/td>\n<\/tr>\n<tr bgcolor=\"#00FFFF\">\n<td align=\"CENTER\">6.<\/td>\n<td align=\"LEFT\">Schlein, David<\/td>\n<td align=\"RIGHT\">1579<\/td>\n<td align=\"center\">5<\/td>\n<td align=\"center\">0<\/td>\n<td align=\"center\">4<\/td>\n<td align=\"center\">5.0<\/td>\n<td align=\"center\">48.5<\/td>\n<td align=\"center\">376.5<\/td>\n<\/tr>\n<tr bgcolor=\"#00FFFF\">\n<td align=\"CENTER\">7.<\/td>\n<td align=\"LEFT\">Sch\u00e4fer, Christian<\/td>\n<td align=\"RIGHT\">1688<\/td>\n<td align=\"center\">5<\/td>\n<td align=\"center\">0<\/td>\n<td align=\"center\">4<\/td>\n<td align=\"center\">5.0<\/td>\n<td align=\"center\">47.0<\/td>\n<td align=\"center\">363.5<\/td>\n<\/tr>\n<tr bgcolor=\"#00FFFF\">\n<td align=\"CENTER\">8.<\/td>\n<td align=\"LEFT\">Budewitz, Albert<\/td>\n<td align=\"RIGHT\">1453<\/td>\n<td align=\"center\">4<\/td>\n<td align=\"center\">2<\/td>\n<td align=\"center\">3<\/td>\n<td align=\"center\">5.0<\/td>\n<td align=\"center\">45.0<\/td>\n<td align=\"center\">391.0<\/td>\n<\/tr>\n<tr bgcolor=\"#00FFFF\">\n<td align=\"CENTER\">9.<\/td>\n<td align=\"LEFT\">Lozar, Peter<\/td>\n<td align=\"RIGHT\">1656<\/td>\n<td align=\"center\">5<\/td>\n<td align=\"center\">0<\/td>\n<td align=\"center\">4<\/td>\n<td align=\"center\">5.0<\/td>\n<td align=\"center\">43.5<\/td>\n<td align=\"center\">380.0<\/td>\n<\/tr>\n<tr bgcolor=\"#00FFFF\">\n<td align=\"CENTER\">10.<\/td>\n<td align=\"LEFT\">Knoll, Helmut<\/td>\n<td align=\"RIGHT\">1505<\/td>\n<td align=\"center\">4<\/td>\n<td align=\"center\">2<\/td>\n<td align=\"center\">3<\/td>\n<td align=\"center\">5.0<\/td>\n<td align=\"center\">42.5<\/td>\n<td align=\"center\">346.0<\/td>\n<\/tr>\n<tr bgcolor=\"#00FFFF\">\n<td align=\"CENTER\">11.<\/td>\n<td align=\"LEFT\">Dockhorn, Alfred<\/td>\n<td align=\"RIGHT\">1639<\/td>\n<td align=\"center\">5<\/td>\n<td align=\"center\">0<\/td>\n<td align=\"center\">4<\/td>\n<td align=\"center\">5.0<\/td>\n<td align=\"center\">41.5<\/td>\n<td align=\"center\">364.0<\/td>\n<\/tr>\n<tr bgcolor=\"#00FFFF\">\n<td align=\"CENTER\">12.<\/td>\n<td align=\"LEFT\">Stephan, Joachim<\/td>\n<td align=\"RIGHT\">1398<\/td>\n<td align=\"center\">4<\/td>\n<td align=\"center\">1<\/td>\n<td align=\"center\">4<\/td>\n<td align=\"center\">4.5<\/td>\n<td align=\"center\">40.0<\/td>\n<td align=\"center\">378.0<\/td>\n<\/tr>\n<tr bgcolor=\"#00FFFF\">\n<td align=\"CENTER\">13.<\/td>\n<td align=\"LEFT\">Schulthei\u00df, Walter<\/td>\n<td align=\"RIGHT\">1655<\/td>\n<td align=\"center\">4<\/td>\n<td align=\"center\">1<\/td>\n<td align=\"center\">4<\/td>\n<td align=\"center\">4.5<\/td>\n<td align=\"center\">38.0<\/td>\n<td align=\"center\">361.0<\/td>\n<\/tr>\n<tr bgcolor=\"#00FFFF\">\n<td align=\"CENTER\">14.<\/td>\n<td align=\"LEFT\">Porcher, Ernst<\/td>\n<td align=\"RIGHT\">1382<\/td>\n<td align=\"center\">4<\/td>\n<td align=\"center\">1<\/td>\n<td align=\"center\">4<\/td>\n<td align=\"center\">4.5<\/td>\n<td align=\"center\">34.5<\/td>\n<td align=\"center\">342.5<\/td>\n<\/tr>\n<tr bgcolor=\"#00FFFF\">\n<td align=\"CENTER\">15.<\/td>\n<td align=\"LEFT\">Schwabe, Tobias<\/td>\n<td align=\"RIGHT\">1296<\/td>\n<td align=\"center\">3<\/td>\n<td align=\"center\">3<\/td>\n<td align=\"center\">3<\/td>\n<td align=\"center\">4.5<\/td>\n<td align=\"center\">29.5<\/td>\n<td align=\"center\">295.0<\/td>\n<\/tr>\n<tr bgcolor=\"#00FFFF\">\n<td align=\"CENTER\">16.<\/td>\n<td align=\"LEFT\">Porcher, Michael<\/td>\n<td align=\"RIGHT\">1267<\/td>\n<td align=\"center\">4<\/td>\n<td align=\"center\">0<\/td>\n<td align=\"center\">5<\/td>\n<td align=\"center\">4.0<\/td>\n<td align=\"center\">33.5<\/td>\n<td align=\"center\">340.0<\/td>\n<\/tr>\n<tr bgcolor=\"#00FFFF\">\n<td align=\"CENTER\">17.<\/td>\n<td align=\"LEFT\">M\u00f6rsdorf, Reiner<\/td>\n<td align=\"RIGHT\">1369<\/td>\n<td align=\"center\">3<\/td>\n<td align=\"center\">1<\/td>\n<td align=\"center\">5<\/td>\n<td align=\"center\">3.5<\/td>\n<td align=\"center\">40.0<\/td>\n<td align=\"center\">363.5<\/td>\n<\/tr>\n<tr bgcolor=\"#00FFFF\">\n<td align=\"CENTER\">18.<\/td>\n<td align=\"LEFT\">Scheer, Lothar<\/td>\n<td align=\"RIGHT\">1405<\/td>\n<td align=\"center\">2<\/td>\n<td align=\"center\">3<\/td>\n<td align=\"center\">4<\/td>\n<td align=\"center\">3.5<\/td>\n<td align=\"center\">39.0<\/td>\n<td align=\"center\">302.5<\/td>\n<\/tr>\n<tr bgcolor=\"#00FFFF\">\n<td align=\"CENTER\">19.<\/td>\n<td align=\"LEFT\">H\u00e4nsel, Gerhard<\/td>\n<td align=\"RIGHT\">1608<\/td>\n<td align=\"center\">3<\/td>\n<td align=\"center\">1<\/td>\n<td align=\"center\">5<\/td>\n<td align=\"center\">3.5<\/td>\n<td align=\"center\">38.0<\/td>\n<td align=\"center\">327.5<\/td>\n<\/tr>\n<tr bgcolor=\"#00FFFF\">\n<td align=\"CENTER\">20.<\/td>\n<td align=\"LEFT\">Gro\u00dfmann, Nicolas<\/td>\n<td align=\"RIGHT\">1336<\/td>\n<td align=\"center\">3<\/td>\n<td align=\"center\">1<\/td>\n<td align=\"center\">5<\/td>\n<td align=\"center\">3.5<\/td>\n<td align=\"center\">37.0<\/td>\n<td align=\"center\">354.5<\/td>\n<\/tr>\n<tr bgcolor=\"#00FFFF\">\n<td align=\"CENTER\">21.<\/td>\n<td align=\"LEFT\">M\u00fcller, Sascha<\/td>\n<td align=\"RIGHT\">1358<\/td>\n<td align=\"center\">3<\/td>\n<td align=\"center\">1<\/td>\n<td align=\"center\">5<\/td>\n<td align=\"center\">3.5<\/td>\n<td align=\"center\">35.5<\/td>\n<td align=\"center\">335.5<\/td>\n<\/tr>\n<tr bgcolor=\"#00FFFF\">\n<td align=\"CENTER\">22.<\/td>\n<td align=\"LEFT\">Wiesen, Marcus<\/td>\n<td align=\"RIGHT\">1479<\/td>\n<td align=\"center\">3<\/td>\n<td align=\"center\">1<\/td>\n<td align=\"center\">5<\/td>\n<td align=\"center\">3.5<\/td>\n<td align=\"center\">34.0<\/td>\n<td align=\"center\">336.0<\/td>\n<\/tr>\n<tr bgcolor=\"#00FFFF\">\n<td align=\"CENTER\">23.<\/td>\n<td align=\"LEFT\">Muster, Frank<\/td>\n<td align=\"RIGHT\">1262<\/td>\n<td align=\"center\">2<\/td>\n<td align=\"center\">2<\/td>\n<td align=\"center\">5<\/td>\n<td align=\"center\">3.0<\/td>\n<td align=\"center\">35.5<\/td>\n<td align=\"center\">281.0<\/td>\n<\/tr>\n<tr bgcolor=\"#00FFFF\">\n<td align=\"CENTER\">24.<\/td>\n<td align=\"LEFT\">Gei\u00df, J\u00fcrgen<\/td>\n<td align=\"RIGHT\">1247<\/td>\n<td align=\"center\">2<\/td>\n<td align=\"center\">2<\/td>\n<td align=\"center\">5<\/td>\n<td align=\"center\">3.0<\/td>\n<td align=\"center\">29.0<\/td>\n<td align=\"center\">317.0<\/td>\n<\/tr>\n<\/tbody>\n<\/table>\n<h2>Fortsetzung Bericht<\/h2>\n<figure id=\"attachment_1526\" aria-describedby=\"caption-attachment-1526\" style=\"width: 300px\" class=\"wp-caption alignright\"><a rel=\"attachment wp-att-1526\" href=\"http:\/\/www.sf-bir.de\/?attachment_id=1526\"><img loading=\"lazy\" decoding=\"async\" class=\"size-medium wp-image-1526\" title=\"Hans Fries - Mark Ruppenthal\" src=\"http:\/\/www.sf-bir.de\/wp-content\/uploads\/VM2003Fries-Ruppenthal-300x225.jpg\" alt=\"Hans Fries - Mark Ruppenthal\" width=\"300\" height=\"225\" srcset=\"http:\/\/www.sf-bir.de\/wp-content\/uploads\/VM2003Fries-Ruppenthal-300x225.jpg 300w, http:\/\/www.sf-bir.de\/wp-content\/uploads\/VM2003Fries-Ruppenthal.jpg 1024w\" sizes=\"auto, (max-width: 300px) 100vw, 300px\" \/><\/a><figcaption id=\"caption-attachment-1526\" class=\"wp-caption-text\">Hans Fries - Mark Ruppenthal<\/figcaption><\/figure>\n<p style=\"text-align: justify;\">Die Entscheidung zwischen Hans Fries und Mark Ruppenthal, die beide Punktgleich in die 9. Runde gingen und dort auch ihre Gegner bezwangen, musste somit ein Stichkampf bringen. Die Turnierbedingungen sehen f\u00fcr diesen Fall ein Entscheidungsspiel mit verk\u00fcrzter Bedenkzeit von 2 x 30 Minuten vor. Die beiden gingen dieses Spiel an, als handele es sich um eine Blitzpartie von nur 2 x 5 Minuten Bedenkzeit und dabei musste der j\u00fcngere der beiden die \u00dcberlegenheit des \u00c4lteren anerkennen und sich letztlich geschlagen geben. Aber die Zukunft geh\u00f6rt ohne Frage Mark Ruppenthal, der sicher im n\u00e4chsten Jahr wieder einen erneuten Anlauf nehmen wird, sich wieder auf dem Wappenschild als Vereinsmeister zu verewigen.<\/p>\n<p style=\"text-align: justify;\">Die Gratulation diesmal ging an Hans Fries, den Mister SC \u201ePachmann\u201c Thallichtenberg, der zudem Ehrenmitglied bei den Schachfreunden Birkenfeld ist. Hinter Ruppenthal dritter wurde mit Werner Schlenger ebenfalls einer der sich schon zweimal als Vereinsmeister in die Annalen eintragen durfte. Seniorenmeister wurde zum wiederholten Male Artur Mettus und Jugendmeister das Jungtalent Ernst-Michael Porcher.<\/p>\n<p style=\"text-align: justify;\">\n<figure id=\"attachment_1527\" aria-describedby=\"caption-attachment-1527\" style=\"width: 491px\" class=\"wp-caption aligncenter\"><a rel=\"attachment wp-att-1527\" href=\"http:\/\/www.sf-bir.de\/?attachment_id=1527\"><img loading=\"lazy\" decoding=\"async\" class=\"size-full wp-image-1527  \" title=\"VM2003 Siegertreppchen\" src=\"http:\/\/www.sf-bir.de\/wp-content\/uploads\/VM2003Sieger.jpg\" alt=\"Vereinsmeisterschaft 2003 Siegertreppchen\" width=\"491\" height=\"369\" srcset=\"http:\/\/www.sf-bir.de\/wp-content\/uploads\/VM2003Sieger.jpg 1024w, http:\/\/www.sf-bir.de\/wp-content\/uploads\/VM2003Sieger-300x225.jpg 300w\" sizes=\"auto, (max-width: 491px) 100vw, 491px\" \/><\/a><figcaption id=\"caption-attachment-1527\" class=\"wp-caption-text\">Vereinsmeisterschaft 2003 Siegertreppchen<\/figcaption><\/figure>\n","protected":false},"excerpt":{"rendered":"<p>Hans Fries erneut Vereinsmeister! Schon traditionell richten die Schachfreunde Birkenfeld am 1. November den letzten Tag ihrer Vereinsmeisterschaft aus. Die<\/p>\n","protected":false},"author":1,"featured_media":0,"parent":150,"menu_order":207,"comment_status":"open","ping_status":"open","template":"","meta":{"colormag_page_container_layout":"default_layout","colormag_page_sidebar_layout":"default_layout","ngg_post_thumbnail":0,"footnotes":""},"class_list":["post-1219","page","type-page","status-publish","hentry"],"_links":{"self":[{"href":"http:\/\/www.sf-bir.de\/index.php?rest_route=\/wp\/v2\/pages\/1219","targetHints":{"allow":["GET"]}}],"collection":[{"href":"http:\/\/www.sf-bir.de\/index.php?rest_route=\/wp\/v2\/pages"}],"about":[{"href":"http:\/\/www.sf-bir.de\/index.php?rest_route=\/wp\/v2\/types\/page"}],"author":[{"embeddable":true,"href":"http:\/\/www.sf-bir.de\/index.php?rest_route=\/wp\/v2\/users\/1"}],"replies":[{"embeddable":true,"href":"http:\/\/www.sf-bir.de\/index.php?rest_route=%2Fwp%2Fv2%2Fcomments&post=1219"}],"version-history":[{"count":5,"href":"http:\/\/www.sf-bir.de\/index.php?rest_route=\/wp\/v2\/pages\/1219\/revisions"}],"predecessor-version":[{"id":1529,"href":"http:\/\/www.sf-bir.de\/index.php?rest_route=\/wp\/v2\/pages\/1219\/revisions\/1529"}],"up":[{"embeddable":true,"href":"http:\/\/www.sf-bir.de\/index.php?rest_route=\/wp\/v2\/pages\/150"}],"wp:attachment":[{"href":"http:\/\/www.sf-bir.de\/index.php?rest_route=%2Fwp%2Fv2%2Fmedia&parent=1219"}],"curies":[{"name":"wp","href":"https:\/\/api.w.org\/{rel}","templated":true}]}}