{"id":1217,"date":"2010-12-18T01:42:28","date_gmt":"2010-12-18T00:42:28","guid":{"rendered":"http:\/\/www.sf-bir.de\/?page_id=1217"},"modified":"2011-01-05T22:05:53","modified_gmt":"2011-01-05T21:05:53","slug":"vm-2004","status":"publish","type":"page","link":"http:\/\/www.sf-bir.de\/?page_id=1217","title":{"rendered":"VM 2004"},"content":{"rendered":"<figure id=\"attachment_1514\" aria-describedby=\"caption-attachment-1514\" style=\"width: 300px\" class=\"wp-caption alignleft\"><a rel=\"attachment wp-att-1514\" href=\"http:\/\/www.sf-bir.de\/?attachment_id=1514\"><img loading=\"lazy\" decoding=\"async\" class=\"size-medium wp-image-1514\" title=\"Vereinsmeisterschaft 2004\" src=\"http:\/\/www.sf-bir.de\/wp-content\/uploads\/VM04-300x225.jpg\" alt=\"Vereinsmeisterschaft 2004\" width=\"300\" height=\"225\" srcset=\"http:\/\/www.sf-bir.de\/wp-content\/uploads\/VM04-300x225.jpg 300w, http:\/\/www.sf-bir.de\/wp-content\/uploads\/VM04.jpeg 1024w\" sizes=\"auto, (max-width: 300px) 100vw, 300px\" \/><\/a><figcaption id=\"caption-attachment-1514\" class=\"wp-caption-text\">Vereinsmeisterschaft 2004: Jugend- Vize- Vereins- und Seniorenmeister.<\/figcaption><\/figure>\n<p style=\"text-align: justify;\">Die Vereinsmeisterschaft des Jahres 2004 ist mit dem Abschlussturnier am 1.11.2004 beendet worden. Durch ein gewonnenes Entscheidungsspiel gegen Hans Fries wurde Mark-Andr\u00e9 Ruppenthal zum zweiten Mal Vereinsmeister und l\u00f6ste Hans Fries als Vereinsmeister ab.<\/p>\n<p style=\"text-align: justify;\">Am Ende der Seite, nach den Tabellen, finden sie noch einen Bericht zur ersten Runde der Vereinsmeisterschaft, mit Ausblick auf das weitere Turnier.<\/p>\n<p style=\"text-align: justify;\">Foto: v.l.n.r.: Ernst-Michael Porcher (Jugendmeister), Hans Fries (Vizemeister) Mark-Andr\u00e9 Ruppenthal (Vereinsmeister) und Werner Schlenger (Seniorenmeister).<\/p>\n<h2>Endstand Vereinsmeisterschaft 2004<\/h2>\n<table border=\"2\" cellspacing=\"2\" cellpadding=\"2\" bgcolor=\"#C0C0C0\">\n<tbody>\n<tr>\n<td colspan=\"9\">Rangliste:\u00a0\u00a0Stand\u00a0nach\u00a0der\u00a09.\u00a0Runde<\/td>\n<\/tr>\n<tr bgcolor=\"#00FF00\">\n<th>Nr.<\/th>\n<th>Teilnehmer<\/th>\n<th>TWZ<\/th>\n<th>S<\/th>\n<th>R<\/th>\n<th>V<\/th>\n<th>Punkte<\/th>\n<th>Buchh<\/th>\n<th>BuSumm<\/th>\n<\/tr>\n<tr bgcolor=\"#00FFFF\">\n<td>1.<\/td>\n<td>Ruppenthal, Mark<\/td>\n<td>1814<\/td>\n<td>6<\/td>\n<td>3<\/td>\n<td>0<\/td>\n<td>7.5<\/td>\n<td>50.0<\/td>\n<td>415.5<\/td>\n<\/tr>\n<tr bgcolor=\"#00FFFF\">\n<td>2.<\/td>\n<td>Fries, Hans<\/td>\n<td>1894<\/td>\n<td>7<\/td>\n<td>1<\/td>\n<td>1<\/td>\n<td>7.5<\/td>\n<td>47.0<\/td>\n<td>385.0<\/td>\n<\/tr>\n<tr bgcolor=\"#00FFFF\">\n<td>3.<\/td>\n<td>Schlenger, Werner<\/td>\n<td>1819<\/td>\n<td>5<\/td>\n<td>3<\/td>\n<td>1<\/td>\n<td>6.5<\/td>\n<td>43.5<\/td>\n<td>397.5<\/td>\n<\/tr>\n<tr bgcolor=\"#00FFFF\">\n<td>4.<\/td>\n<td>Schlein, David<\/td>\n<td>1579<\/td>\n<td>6<\/td>\n<td>0<\/td>\n<td>3<\/td>\n<td>6.0<\/td>\n<td>45.0<\/td>\n<td>366.0<\/td>\n<\/tr>\n<tr bgcolor=\"#00FFFF\">\n<td>5.<\/td>\n<td>Graf, Rodolfo<\/td>\n<td>1733<\/td>\n<td>4<\/td>\n<td>3<\/td>\n<td>2<\/td>\n<td>5.5<\/td>\n<td>49.5<\/td>\n<td>395.5<\/td>\n<\/tr>\n<tr bgcolor=\"#00FFFF\">\n<td>6.<\/td>\n<td>Kendzior, Uwe<\/td>\n<td>1739<\/td>\n<td>4<\/td>\n<td>3<\/td>\n<td>2<\/td>\n<td>5.5<\/td>\n<td>47.0<\/td>\n<td>386.0<\/td>\n<\/tr>\n<tr bgcolor=\"#00FFFF\">\n<td>7.<\/td>\n<td>Lang, Georg<\/td>\n<td>1849<\/td>\n<td>5<\/td>\n<td>1<\/td>\n<td>3<\/td>\n<td>5.5<\/td>\n<td>44.5<\/td>\n<td>385.0<\/td>\n<\/tr>\n<tr bgcolor=\"#00FFFF\">\n<td>8.<\/td>\n<td>Drumm, Kurt<\/td>\n<td>1670<\/td>\n<td>4<\/td>\n<td>3<\/td>\n<td>2<\/td>\n<td>5.5<\/td>\n<td>44.0<\/td>\n<td>391.5<\/td>\n<\/tr>\n<tr bgcolor=\"#00FFFF\">\n<td>9.<\/td>\n<td>Lozar, Peter<\/td>\n<td>1656<\/td>\n<td>3<\/td>\n<td>4<\/td>\n<td>2<\/td>\n<td>5.0<\/td>\n<td>48.0<\/td>\n<td>387.0<\/td>\n<\/tr>\n<tr bgcolor=\"#00FFFF\">\n<td>10.<\/td>\n<td>Borkenhagen, Bernd<\/td>\n<td>1422<\/td>\n<td>4<\/td>\n<td>2<\/td>\n<td>3<\/td>\n<td>5.0<\/td>\n<td>47.0<\/td>\n<td>396.0<\/td>\n<\/tr>\n<tr bgcolor=\"#00FFFF\">\n<td>11.<\/td>\n<td>Dockhorn, Alfred<\/td>\n<td>1639<\/td>\n<td>3<\/td>\n<td>4<\/td>\n<td>2<\/td>\n<td>5.0<\/td>\n<td>43.5<\/td>\n<td>388.5<\/td>\n<\/tr>\n<tr bgcolor=\"#00FFFF\">\n<td>12.<\/td>\n<td>Wiesen, Marcus<\/td>\n<td>1479<\/td>\n<td>3<\/td>\n<td>4<\/td>\n<td>2<\/td>\n<td>5.0<\/td>\n<td>40.0<\/td>\n<td>388.0<\/td>\n<\/tr>\n<tr bgcolor=\"#00FFFF\">\n<td>13.<\/td>\n<td>Schlemmer, Erwin<\/td>\n<td>1557<\/td>\n<td>4<\/td>\n<td>2<\/td>\n<td>3<\/td>\n<td>5.0<\/td>\n<td>39.0<\/td>\n<td>352.5<\/td>\n<\/tr>\n<tr bgcolor=\"#00FFFF\">\n<td>14.<\/td>\n<td>Rabenstein, Daniel<\/td>\n<td>1719<\/td>\n<td>2<\/td>\n<td>5<\/td>\n<td>2<\/td>\n<td>4.5<\/td>\n<td>43.5<\/td>\n<td>379.0<\/td>\n<\/tr>\n<tr bgcolor=\"#00FFFF\">\n<td>15.<\/td>\n<td>Schwabe, Tobias<\/td>\n<td>1296<\/td>\n<td>4<\/td>\n<td>1<\/td>\n<td>4<\/td>\n<td>4.5<\/td>\n<td>39.5<\/td>\n<td>338.5<\/td>\n<\/tr>\n<tr bgcolor=\"#00FFFF\">\n<td>16.<\/td>\n<td>Porcher, Ernst<\/td>\n<td>1382<\/td>\n<td>3<\/td>\n<td>3<\/td>\n<td>3<\/td>\n<td>4.5<\/td>\n<td>38.0<\/td>\n<td>358.5<\/td>\n<\/tr>\n<tr bgcolor=\"#00FFFF\">\n<td>17.<\/td>\n<td>Scheer, Lothar<\/td>\n<td>1405<\/td>\n<td>3<\/td>\n<td>3<\/td>\n<td>3<\/td>\n<td>4.5<\/td>\n<td>36.5<\/td>\n<td>343.5<\/td>\n<\/tr>\n<tr bgcolor=\"#00FFFF\">\n<td>18.<\/td>\n<td>Grossmann, Nicolas<\/td>\n<td>1336<\/td>\n<td>3<\/td>\n<td>3<\/td>\n<td>3<\/td>\n<td>4.5<\/td>\n<td>35.0<\/td>\n<td>322.0<\/td>\n<\/tr>\n<tr bgcolor=\"#00FFFF\">\n<td>19.<\/td>\n<td>M\u00fcller, Sacha<\/td>\n<td>1358<\/td>\n<td>3<\/td>\n<td>3<\/td>\n<td>3<\/td>\n<td>4.5<\/td>\n<td>33.5<\/td>\n<td>297.5<\/td>\n<\/tr>\n<tr bgcolor=\"#00FFFF\">\n<td>20.<\/td>\n<td>Sch\u00e4fer, Christian<\/td>\n<td>1664<\/td>\n<td>3<\/td>\n<td>2<\/td>\n<td>4<\/td>\n<td>4.0<\/td>\n<td>43.5<\/td>\n<td>377.5<\/td>\n<\/tr>\n<tr bgcolor=\"#00FFFF\">\n<td>21.<\/td>\n<td>Budewitz, Albert<\/td>\n<td>1453<\/td>\n<td>3<\/td>\n<td>2<\/td>\n<td>4<\/td>\n<td>4.0<\/td>\n<td>38.5<\/td>\n<td>335.5<\/td>\n<\/tr>\n<tr bgcolor=\"#00FFFF\">\n<td>22.<\/td>\n<td>Stephan, Joachim<\/td>\n<td>1398<\/td>\n<td>3<\/td>\n<td>2<\/td>\n<td>4<\/td>\n<td>4.0<\/td>\n<td>37.0<\/td>\n<td>353.0<\/td>\n<\/tr>\n<tr bgcolor=\"#00FFFF\">\n<td>23.<\/td>\n<td>Schulthei\u00df, Walter<\/td>\n<td>1655<\/td>\n<td>2<\/td>\n<td>3<\/td>\n<td>4<\/td>\n<td>3.5<\/td>\n<td>42.0<\/td>\n<td>354.0<\/td>\n<\/tr>\n<tr bgcolor=\"#00FFFF\">\n<td>24.<\/td>\n<td>Gei\u00df, J\u00fcrgen<\/td>\n<td>1247<\/td>\n<td>2<\/td>\n<td>3<\/td>\n<td>4<\/td>\n<td>3.5<\/td>\n<td>38.5<\/td>\n<td>355.0<\/td>\n<\/tr>\n<tr bgcolor=\"#00FFFF\">\n<td>25.<\/td>\n<td>Brand, Daniel<\/td>\n<td><\/td>\n<td>2<\/td>\n<td>3<\/td>\n<td>4<\/td>\n<td>3.5<\/td>\n<td>36.0<\/td>\n<td>345.0<\/td>\n<\/tr>\n<tr bgcolor=\"#00FFFF\">\n<td>26.<\/td>\n<td>H\u00e4nsel, Gerhard<\/td>\n<td>1608<\/td>\n<td>2<\/td>\n<td>3<\/td>\n<td>4<\/td>\n<td>3.5<\/td>\n<td>35.5<\/td>\n<td>336.5<\/td>\n<\/tr>\n<tr bgcolor=\"#00FFFF\">\n<td>27.<\/td>\n<td>Schnellb\u00e4cher, Gereon<\/td>\n<td><\/td>\n<td>0<\/td>\n<td>7<\/td>\n<td>2<\/td>\n<td>3.5<\/td>\n<td>34.0<\/td>\n<td>321.0<\/td>\n<\/tr>\n<tr bgcolor=\"#00FFFF\">\n<td>28.<\/td>\n<td>Porcher, Michael<\/td>\n<td>1267<\/td>\n<td>2<\/td>\n<td>2<\/td>\n<td>5<\/td>\n<td>3.0<\/td>\n<td>35.0<\/td>\n<td>316.0<\/td>\n<\/tr>\n<tr bgcolor=\"#00FFFF\">\n<td>29.<\/td>\n<td>Muster, Martin<\/td>\n<td>1075<\/td>\n<td>1<\/td>\n<td>2<\/td>\n<td>6<\/td>\n<td>2.0<\/td>\n<td>34.5<\/td>\n<td>285.5<\/td>\n<\/tr>\n<tr bgcolor=\"#00FFFF\">\n<td>30.<\/td>\n<td>Muster, Frank<\/td>\n<td>1262<\/td>\n<td>0<\/td>\n<td>3<\/td>\n<td>6<\/td>\n<td>1.5<\/td>\n<td>31.0<\/td>\n<td>330.0<\/td>\n<\/tr>\n<\/tbody>\n<\/table>\n<h2>Fortschrittstabelle<\/h2>\n<table border=\"2\" cellspacing=\"2\" cellpadding=\"2\" bgcolor=\"#C0C0C0\">\n<tbody>\n<tr>\n<td colspan=\"14\">Fortschrittstabelle:\u00a0\u00a0Stand\u00a0nach\u00a0der\u00a09.\u00a0Runde\u00a0\u00a0\u00a0(nach\u00a0Rangliste)<\/td>\n<\/tr>\n<tr bgcolor=\"#00FF00\">\n<th>Nr<\/th>\n<th>Name<\/th>\n<th>1<\/th>\n<th>2<\/th>\n<th>3<\/th>\n<th>4<\/th>\n<th>5<\/th>\n<th>6<\/th>\n<th>7<\/th>\n<th>8<\/th>\n<th>9<\/th>\n<th>Pkt<\/th>\n<th>Bu.<\/th>\n<th>BuS<\/th>\n<\/tr>\n<tr bgcolor=\"#00FFFF\">\n<td>1.<\/td>\n<td>Ruppenthal,<\/p>\n<p>Mark<\/td>\n<td>10s\/\u00bd<\/td>\n<td>6w\/1<\/td>\n<td>4s\/1<\/td>\n<td>8w\/1<\/td>\n<td>2s\/1<\/td>\n<td>3w\/\u00bd<\/td>\n<td>5s\/1<\/td>\n<td>7w\/1<\/td>\n<td>9w\/\u00bd<\/td>\n<td>7.5<\/td>\n<td>50.0<\/td>\n<td>415.5<\/td>\n<\/tr>\n<tr bgcolor=\"#00FFFF\">\n<td>2.<\/td>\n<td>Fries,<\/p>\n<p>Hans<\/td>\n<td>1<\/td>\n<td>9s\/\u00bd<\/td>\n<td>23w\/1<\/td>\n<td>5s\/1<\/td>\n<td>1w\/0<\/td>\n<td>11s\/1<\/td>\n<td>3s\/1<\/td>\n<td>10w\/1<\/td>\n<td>6w\/1<\/td>\n<td>7.5<\/td>\n<td>47.0<\/td>\n<td>385.0<\/td>\n<\/tr>\n<tr bgcolor=\"#00FFFF\">\n<td>3.<\/td>\n<td>Schlenger,<\/p>\n<p>Werner<\/td>\n<td>21w\/1<\/td>\n<td>23s\/\u00bd<\/td>\n<td>26w\/1<\/td>\n<td>20s\/1<\/td>\n<td>9w\/1<\/td>\n<td>1s\/\u00bd<\/td>\n<td>2w\/0<\/td>\n<td>14s\/1<\/td>\n<td>5w\/\u00bd<\/td>\n<td>6.5<\/td>\n<td>43.5<\/td>\n<td>397.5<\/td>\n<\/tr>\n<tr bgcolor=\"#00FFFF\">\n<td>4.<\/td>\n<td>Schlein,<\/p>\n<p>David<\/td>\n<td>25w\/1<\/td>\n<td>1<\/td>\n<td>1w\/0<\/td>\n<td>9s\/0<\/td>\n<td>15w\/1<\/td>\n<td>6s\/0<\/td>\n<td>11\/+<\/td>\n<td>16w\/1<\/td>\n<td>10s\/1<\/td>\n<td>6.0<\/td>\n<td>45.0<\/td>\n<td>366.0<\/td>\n<\/tr>\n<tr bgcolor=\"#00FFFF\">\n<td>5.<\/td>\n<td>Graf,<\/p>\n<p>Rodolfo<\/td>\n<td>22s\/1<\/td>\n<td>11w\/\u00bd<\/td>\n<td>10s\/1<\/td>\n<td>2w\/0<\/td>\n<td>12s\/1<\/td>\n<td>8w\/\u00bd<\/td>\n<td>1w\/0<\/td>\n<td>20s\/1<\/td>\n<td>3s\/\u00bd<\/td>\n<td>5.5<\/td>\n<td>49.5<\/td>\n<td>395.5<\/td>\n<\/tr>\n<tr bgcolor=\"#00FFFF\">\n<td>6.<\/td>\n<td>Kendzior,<\/p>\n<p>Uwe<\/td>\n<td>17w\/\u00bd<\/td>\n<td>1s\/0<\/td>\n<td>25\/+<\/td>\n<td>14w\/\u00bd<\/td>\n<td>22s\/1<\/td>\n<td>4w\/1<\/td>\n<td>10s\/\u00bd<\/td>\n<td>8w\/1<\/td>\n<td>2s\/0<\/td>\n<td>5.5<\/td>\n<td>47.0<\/td>\n<td>386.0<\/td>\n<\/tr>\n<tr bgcolor=\"#00FFFF\">\n<td>7.<\/td>\n<td>Lang,<\/p>\n<p>Georg<\/td>\n<td>12s\/0<\/td>\n<td>15w\/1<\/td>\n<td>11s\/\u00bd<\/td>\n<td>16w\/1<\/td>\n<td>8s\/0<\/td>\n<td>24\/+<\/td>\n<td>9w\/1<\/td>\n<td>1s\/0<\/td>\n<td>14w\/1<\/td>\n<td>5.5<\/td>\n<td>44.5<\/td>\n<td>385.0<\/td>\n<\/tr>\n<tr bgcolor=\"#00FFFF\">\n<td>8.<\/td>\n<td>Drumm,<\/p>\n<p>Kurt<\/td>\n<td>18w\/1<\/td>\n<td>13s\/1<\/td>\n<td>20w\/\u00bd<\/td>\n<td>1s\/0<\/td>\n<td>7w\/1<\/td>\n<td>5s\/\u00bd<\/td>\n<td>14w\/\u00bd<\/td>\n<td>6s\/0<\/td>\n<td>15w\/1<\/td>\n<td>5.5<\/td>\n<td>44.0<\/td>\n<td>391.5<\/td>\n<\/tr>\n<tr bgcolor=\"#00FFFF\">\n<td>9.<\/td>\n<td>Lozar,<\/p>\n<p>Peter<\/td>\n<td>28\/+<\/td>\n<td>2w\/\u00bd<\/td>\n<td>14s\/\u00bd<\/td>\n<td>4w\/1<\/td>\n<td>3s\/0<\/td>\n<td>12w\/\u00bd<\/td>\n<td>7s\/0<\/td>\n<td>21w\/1<\/td>\n<td>1s\/\u00bd<\/td>\n<td>5.0<\/td>\n<td>48.0<\/td>\n<td>387.0<\/td>\n<\/tr>\n<tr bgcolor=\"#00FFFF\">\n<td>10.<\/td>\n<td>Borkenhagen,<\/p>\n<p>Bernd<\/td>\n<td>1w\/\u00bd<\/td>\n<td>17s\/1<\/td>\n<td>5w\/0<\/td>\n<td>24s\/1<\/td>\n<td>20w\/1<\/td>\n<td>13s\/1<\/td>\n<td>6w\/\u00bd<\/td>\n<td>2s\/0<\/td>\n<td>4w\/0<\/td>\n<td>5.0<\/td>\n<td>47.0<\/td>\n<td>396.0<\/td>\n<\/tr>\n<tr bgcolor=\"#00FFFF\">\n<td>11.<\/td>\n<td>Dockhorn,<\/p>\n<p>Alfred<\/td>\n<td>24w\/1<\/td>\n<td>5s\/\u00bd<\/td>\n<td>7w\/\u00bd<\/td>\n<td>21s\/1<\/td>\n<td>14w\/\u00bd<\/td>\n<td>2w\/0<\/td>\n<td>4\/-<\/td>\n<td>23s\/1<\/td>\n<td>12s\/\u00bd<\/td>\n<td>5.0<\/td>\n<td>43.5<\/td>\n<td>388.5<\/td>\n<\/tr>\n<tr bgcolor=\"#00FFFF\">\n<td>12.<\/td>\n<td>Wiesen,<\/p>\n<p>Marcus<\/td>\n<td>7w\/1<\/td>\n<td>20s\/0<\/td>\n<td>24w\/\u00bd<\/td>\n<td>23s\/1<\/td>\n<td>5w\/0<\/td>\n<td>9s\/\u00bd<\/td>\n<td>13w\/1<\/td>\n<td>15s\/\u00bd<\/td>\n<td>11w\/\u00bd<\/td>\n<td>5.0<\/td>\n<td>40.0<\/td>\n<td>388.0<\/td>\n<\/tr>\n<tr bgcolor=\"#00FFFF\">\n<td>13.<\/td>\n<td>Schlemmer,<\/p>\n<p>Erwin<\/td>\n<td>27s\/1<\/td>\n<td>8w\/0<\/td>\n<td>16s\/\u00bd<\/td>\n<td>28w\/1<\/td>\n<td>18s\/\u00bd<\/td>\n<td>10w\/0<\/td>\n<td>12s\/0<\/td>\n<td>25\/+<\/td>\n<td>20w\/1<\/td>\n<td>5.0<\/td>\n<td>39.0<\/td>\n<td>352.5<\/td>\n<\/tr>\n<tr bgcolor=\"#00FFFF\">\n<td>14.<\/td>\n<td>Rabenstein,<\/p>\n<p>Daniel<\/td>\n<td>16w\/1<\/td>\n<td>26s\/\u00bd<\/td>\n<td>9w\/\u00bd<\/td>\n<td>6s\/\u00bd<\/td>\n<td>11s\/\u00bd<\/td>\n<td>18w\/1<\/td>\n<td>8s\/\u00bd<\/td>\n<td>3w\/0<\/td>\n<td>7s\/0<\/td>\n<td>4.5<\/td>\n<td>43.5<\/td>\n<td>379.0<\/td>\n<\/tr>\n<tr bgcolor=\"#00FFFF\">\n<td>15.<\/td>\n<td>Schwabe,<\/p>\n<p>Tobias<\/td>\n<td>20w\/0<\/td>\n<td>7s\/0<\/td>\n<td>29w\/1<\/td>\n<td>+<\/td>\n<td>4s\/0<\/td>\n<td>28w\/1<\/td>\n<td>18s\/1<\/td>\n<td>12w\/\u00bd<\/td>\n<td>8s\/0<\/td>\n<td>4.5<\/td>\n<td>39.5<\/td>\n<td>338.5<\/td>\n<\/tr>\n<tr bgcolor=\"#00FFFF\">\n<td>16.<\/td>\n<td>Porcher,<\/p>\n<p>Ernst<\/td>\n<td>14s\/0<\/td>\n<td>29w\/1<\/td>\n<td>13w\/\u00bd<\/td>\n<td>7s\/0<\/td>\n<td>17w\/1<\/td>\n<td>21s\/1<\/td>\n<td>20w\/\u00bd<\/td>\n<td>4s\/0<\/td>\n<td>19w\/\u00bd<\/td>\n<td>4.5<\/td>\n<td>38.0<\/td>\n<td>358.5<\/td>\n<\/tr>\n<tr bgcolor=\"#00FFFF\">\n<td>17.<\/td>\n<td>Scheer,<\/p>\n<p>Lothar<\/td>\n<td>6s\/\u00bd<\/td>\n<td>10w\/0<\/td>\n<td>28s\/0<\/td>\n<td>19w\/1<\/td>\n<td>16s\/0<\/td>\n<td>25\/=<\/td>\n<td>27s\/\u00bd<\/td>\n<td>30\/+<\/td>\n<td>23w\/1<\/td>\n<td>4.5<\/td>\n<td>36.5<\/td>\n<td>343.5<\/td>\n<\/tr>\n<tr bgcolor=\"#00FFFF\">\n<td>18.<\/td>\n<td>Grossmann,<\/p>\n<p>Nicolas<\/td>\n<td>8s\/0<\/td>\n<td>27w\/\u00bd<\/td>\n<td>+<\/td>\n<td>26s\/1<\/td>\n<td>13w\/\u00bd<\/td>\n<td>14s\/0<\/td>\n<td>15w\/0<\/td>\n<td>22s\/\u00bd<\/td>\n<td>28w\/1<\/td>\n<td>4.5<\/td>\n<td>35.0<\/td>\n<td>322.0<\/td>\n<\/tr>\n<tr bgcolor=\"#00FFFF\">\n<td>19.<\/td>\n<td>M\u00fcller,<\/p>\n<p>Sacha<\/td>\n<td>0<\/td>\n<td>25s\/0<\/td>\n<td>30w\/\u00bd<\/td>\n<td>17s\/0<\/td>\n<td>29\/+<\/td>\n<td>27w\/\u00bd<\/td>\n<td>28s\/1<\/td>\n<td>26w\/1<\/td>\n<td>16s\/\u00bd<\/td>\n<td>4.5<\/td>\n<td>33.5<\/td>\n<td>297.5<\/td>\n<\/tr>\n<tr bgcolor=\"#00FFFF\">\n<td>20.<\/td>\n<td>Sch\u00e4fer,<\/p>\n<p>Christian<\/td>\n<td>15s\/1<\/td>\n<td>12w\/1<\/td>\n<td>8s\/\u00bd<\/td>\n<td>3w\/0<\/td>\n<td>10s\/0<\/td>\n<td>22w\/1<\/td>\n<td>16s\/\u00bd<\/td>\n<td>5w\/0<\/td>\n<td>13s\/0<\/td>\n<td>4.0<\/td>\n<td>43.5<\/td>\n<td>377.5<\/td>\n<\/tr>\n<tr bgcolor=\"#00FFFF\">\n<td>21.<\/td>\n<td>Budewitz,<\/p>\n<p>Albert<\/td>\n<td>3s\/0<\/td>\n<td>30w\/1<\/td>\n<td>+<\/td>\n<td>11w\/0<\/td>\n<td>23s\/\u00bd<\/td>\n<td>16w\/0<\/td>\n<td>26s\/1<\/td>\n<td>9s\/0<\/td>\n<td>22w\/\u00bd<\/td>\n<td>4.0<\/td>\n<td>38.5<\/td>\n<td>335.5<\/td>\n<\/tr>\n<tr bgcolor=\"#00FFFF\">\n<td>22.<\/td>\n<td>Stephan,<\/p>\n<p>Joachim<\/td>\n<td>5w\/0<\/td>\n<td>24s\/0<\/td>\n<td>27s\/1<\/td>\n<td>25\/+<\/td>\n<td>6w\/0<\/td>\n<td>20s\/0<\/td>\n<td>30\/+<\/td>\n<td>18w\/\u00bd<\/td>\n<td>21s\/\u00bd<\/td>\n<td>4.0<\/td>\n<td>37.0<\/td>\n<td>353.0<\/td>\n<\/tr>\n<tr bgcolor=\"#00FFFF\">\n<td>23.<\/td>\n<td>Schultheiss,<\/p>\n<p>Walter<\/td>\n<td>30s\/1<\/td>\n<td>3w\/\u00bd<\/td>\n<td>2s\/0<\/td>\n<td>12w\/0<\/td>\n<td>21w\/\u00bd<\/td>\n<td>26s\/\u00bd<\/td>\n<td>24w\/1<\/td>\n<td>11w\/0<\/td>\n<td>17s\/0<\/td>\n<td>3.5<\/td>\n<td>42.0<\/td>\n<td>354.0<\/td>\n<\/tr>\n<tr bgcolor=\"#00FFFF\">\n<td>24.<\/td>\n<td>Geiss,<\/p>\n<p>J\u00fcrgen<\/td>\n<td>11s\/0<\/td>\n<td>22w\/1<\/td>\n<td>12s\/\u00bd<\/td>\n<td>10w\/0<\/td>\n<td>30\/+<\/td>\n<td>7\/-<\/td>\n<td>23s\/0<\/td>\n<td>27\/=<\/td>\n<td>25\/=<\/td>\n<td>3.5<\/td>\n<td>38.5<\/td>\n<td>355.0<\/td>\n<\/tr>\n<tr bgcolor=\"#00FFFF\">\n<td>25.<\/td>\n<td>Brand,<\/p>\n<p>Daniel<\/td>\n<td>4s\/0<\/td>\n<td>19w\/1<\/td>\n<td>6\/-<\/td>\n<td>22\/-<\/td>\n<td>27w\/\u00bd<\/td>\n<td>17\/=<\/td>\n<td>29\/+<\/td>\n<td>13\/-<\/td>\n<td>24\/=<\/td>\n<td>3.5<\/td>\n<td>36.0<\/td>\n<td>345.0<\/td>\n<\/tr>\n<tr bgcolor=\"#00FFFF\">\n<td>26.<\/td>\n<td>H\u00e4nsel,<\/p>\n<p>Gerhard<\/td>\n<td>29s\/1<\/td>\n<td>14w\/\u00bd<\/td>\n<td>3s\/0<\/td>\n<td>18w\/0<\/td>\n<td>28s\/\u00bd<\/td>\n<td>23w\/\u00bd<\/td>\n<td>21w\/0<\/td>\n<td>19s\/0<\/td>\n<td>30\/+<\/td>\n<td>3.5<\/td>\n<td>35.5<\/td>\n<td>336.5<\/td>\n<\/tr>\n<tr bgcolor=\"#00FFFF\">\n<td>27.<\/td>\n<td>Schnellb\u00e4cher,<\/p>\n<p>Gereon<\/td>\n<td>13w\/0<\/td>\n<td>18s\/\u00bd<\/td>\n<td>22w\/0<\/td>\n<td>30\/=<\/td>\n<td>25s\/\u00bd<\/td>\n<td>19s\/\u00bd<\/td>\n<td>17w\/\u00bd<\/td>\n<td>24\/=<\/td>\n<td>29\/=<\/td>\n<td>3.5<\/td>\n<td>34.0<\/td>\n<td>321.0<\/td>\n<\/tr>\n<tr bgcolor=\"#00FFFF\">\n<td>28.<\/td>\n<td>Porcher,<\/p>\n<p>Michael<\/td>\n<td>9\/-<\/td>\n<td>=<\/td>\n<td>17w\/1<\/td>\n<td>13s\/0<\/td>\n<td>26w\/\u00bd<\/td>\n<td>15s\/0<\/td>\n<td>19w\/0<\/td>\n<td>29\/+<\/td>\n<td>18s\/0<\/td>\n<td>3.0<\/td>\n<td>35.0<\/td>\n<td>316.0<\/td>\n<\/tr>\n<tr bgcolor=\"#00FFFF\">\n<td>29.<\/td>\n<td>Muster,<\/p>\n<p>Martin<\/td>\n<td>26w\/0<\/td>\n<td>16s\/0<\/td>\n<td>15s\/0<\/td>\n<td>+<\/td>\n<td>19\/-<\/td>\n<td>30\/=<\/td>\n<td>25\/-<\/td>\n<td>28\/-<\/td>\n<td>27\/=<\/td>\n<td>2.0<\/td>\n<td>34.5<\/td>\n<td>285.5<\/td>\n<\/tr>\n<tr bgcolor=\"#00FFFF\">\n<td>30.<\/td>\n<td>Muster,<\/p>\n<p>Frank<\/td>\n<td>23w\/0<\/td>\n<td>21s\/0<\/td>\n<td>19s\/\u00bd<\/td>\n<td>27\/=<\/td>\n<td>24\/-<\/td>\n<td>29\/=<\/td>\n<td>22\/-<\/td>\n<td>17\/-<\/td>\n<td>26\/-<\/td>\n<td>1.5<\/td>\n<td>31.0<\/td>\n<td>330.0<\/td>\n<\/tr>\n<\/tbody>\n<\/table>\n<h2>Pressebericht zur 1. Runde<\/h2>\n<p style=\"text-align: justify;\">Die erste Runde der Vereinsmeisterschaften bringt &#8211; bedingt durch das Lossystem &#8211; traditionell wenig \u00dcberraschungen mit sich. Hier wird das Teilnehmerfeld in 2 H\u00e4lften geteilt und der Punktbeste Spieler spielt gegen den besten aus der 2. H\u00e4lfte, die jeweils zweitbesten gegeneinander und so fort. Durch das &#8222;breite Mittelfeld&#8220; der Schachfreunde Birkenfeld, kommt es allerdings auch hier immer wieder zu spannenden Partien.<\/p>\n<p style=\"text-align: justify;\">Titelverteidiger Hans Fries gab sich keine Bl\u00f6\u00dfe. Auch wenn Helmut Knoll lange darum k\u00e4mpfte, gelang am Ende dem Ehrenvorsitzenden der Schachfreunde, ein souver\u00e4ner Auftaktsieg ins Unternehmen Titelverteidigung. Gr\u00f6\u00dfte \u00dcberraschung der Auftaktrunde, d\u00fcrfte wohl der Sieg von Marcus Wiesen, in einer scharfen Gambiter\u00f6ffnung, gegen Georg Lang gewesen sein. Dieser \u00fcbersah bei seiner ersten Turnierteilnahme eine Mattkombination und musste somit trotz Materialvorteils seine Partie aufgeben. Die &#8222;Bretter eins und zwei&#8220; der ersten Mannschaft, Mark-Andr\u00e9 Ruppenthal (Vereinsmeister 2002) und Uwe Kendzior, mussten ihren Gegnern Bernd Borkenhagen und Lothar Scheer je einen halben Punkt \u00fcberlassen. In allen anderen Partien siegten die jeweiligen vermeintlichen Favoriten.<\/p>\n<p style=\"text-align: justify;\">Die Auslosung f\u00fcr die 2. Runde brachte einige interessante Paarungen hervor. Am meisten darf man sich wohl von der Partie &#8222;Kendzior gegen Ruppenthal&#8220; versprechen, hatten doch im Vorjahr die beiden und Hans Fries sich jeweils gegenseitig die Punkte im Titelrennen weggeschnappt! (mmw)<\/p>\n","protected":false},"excerpt":{"rendered":"<p>Die Vereinsmeisterschaft des Jahres 2004 ist mit dem Abschlussturnier am 1.11.2004 beendet worden. Durch ein gewonnenes Entscheidungsspiel gegen Hans Fries<\/p>\n","protected":false},"author":1,"featured_media":0,"parent":150,"menu_order":208,"comment_status":"open","ping_status":"open","template":"","meta":{"colormag_page_container_layout":"default_layout","colormag_page_sidebar_layout":"default_layout","ngg_post_thumbnail":0,"footnotes":""},"class_list":["post-1217","page","type-page","status-publish","hentry"],"_links":{"self":[{"href":"http:\/\/www.sf-bir.de\/index.php?rest_route=\/wp\/v2\/pages\/1217","targetHints":{"allow":["GET"]}}],"collection":[{"href":"http:\/\/www.sf-bir.de\/index.php?rest_route=\/wp\/v2\/pages"}],"about":[{"href":"http:\/\/www.sf-bir.de\/index.php?rest_route=\/wp\/v2\/types\/page"}],"author":[{"embeddable":true,"href":"http:\/\/www.sf-bir.de\/index.php?rest_route=\/wp\/v2\/users\/1"}],"replies":[{"embeddable":true,"href":"http:\/\/www.sf-bir.de\/index.php?rest_route=%2Fwp%2Fv2%2Fcomments&post=1217"}],"version-history":[{"count":10,"href":"http:\/\/www.sf-bir.de\/index.php?rest_route=\/wp\/v2\/pages\/1217\/revisions"}],"predecessor-version":[{"id":1522,"href":"http:\/\/www.sf-bir.de\/index.php?rest_route=\/wp\/v2\/pages\/1217\/revisions\/1522"}],"up":[{"embeddable":true,"href":"http:\/\/www.sf-bir.de\/index.php?rest_route=\/wp\/v2\/pages\/150"}],"wp:attachment":[{"href":"http:\/\/www.sf-bir.de\/index.php?rest_route=%2Fwp%2Fv2%2Fmedia&parent=1217"}],"curies":[{"name":"wp","href":"https:\/\/api.w.org\/{rel}","templated":true}]}}