{"id":1215,"date":"2010-12-18T01:42:04","date_gmt":"2010-12-18T00:42:04","guid":{"rendered":"http:\/\/www.sf-bir.de\/?page_id=1215"},"modified":"2011-01-02T03:31:51","modified_gmt":"2011-01-02T02:31:51","slug":"vm-2005","status":"publish","type":"page","link":"http:\/\/www.sf-bir.de\/?page_id=1215","title":{"rendered":"VM 2005"},"content":{"rendered":"<figure id=\"attachment_1487\" aria-describedby=\"caption-attachment-1487\" style=\"width: 300px\" class=\"wp-caption alignleft\"><a rel=\"attachment wp-att-1487\" href=\"http:\/\/www.sf-bir.de\/?attachment_id=1487\"><img decoding=\"async\" class=\"size-medium wp-image-1487 \" title=\"Siegerehrung 2005\" src=\"http:\/\/www.sf-bir.de\/wp-content\/uploads\/vm2005siegerehrung-300x252.jpg\" alt=\"Siegerehrung 2005\" width=\"300\" srcset=\"http:\/\/www.sf-bir.de\/wp-content\/uploads\/vm2005siegerehrung-300x252.jpg 300w, http:\/\/www.sf-bir.de\/wp-content\/uploads\/vm2005siegerehrung.jpg 800w\" sizes=\"(max-width: 300px) 100vw, 300px\" \/><\/a><figcaption id=\"caption-attachment-1487\" class=\"wp-caption-text\">Mark-Andr\u00e9 Ruppenthal bei der Entgegennahme des Pokals.<\/figcaption><\/figure>\n<p style=\"text-align: justify;\">Die Vereinsmeisterschaft des Jahres 2005 ist mit dem Abschlussturnier am 1. November beendet worden. Durch ein gewonnenes Letztrundenspiel gegen Uwe Kendzior verteidigte Mark-Andr\u00e9 Ruppenthal den Titel des Vereinsmeisters der Schachfreunde Birkenfeld.<\/p>\n<p style=\"text-align: justify;\">\n<p style=\"text-align: justify;\">Ein ausf\u00fchrlicher Bericht (und weitere Bilder) zur letzten Runde der Vereinsmeiterschaft folgen unter der Abschlusstabelle am Ende der Seite.<\/p>\n<p style=\"text-align: justify;\">\n<p style=\"text-align: justify;\">\n<p style=\"text-align: justify;\">\n<p style=\"text-align: justify;\">\n<h2>Endstand der Vereinsmeisterschaft 2005<\/h2>\n<table border=\"1\" cellspacing=\"0\" cellpadding=\"1\" width=\"70%\" bordercolor=\"#000000\">\n<tbody>\n<tr>\n<th colspan=\"11\">Rangliste:  Stand nach der 9. Runde<\/th>\n<\/tr>\n<tr bgcolor=\"#00FF00\">\n<th>Rang<\/th>\n<th>Teilnehmer<\/th>\n<th>TWZ<\/th>\n<th width=\"20\">S<\/th>\n<th width=\"20\">R<\/th>\n<th width=\"20\">V<\/th>\n<th>Punkte<\/th>\n<th>Buchh<\/th>\n<th>BuSumm<\/th>\n<\/tr>\n<tr bgcolor=\"#00FFFF\">\n<td align=\"center\">1.<\/td>\n<td>Ruppenthal,Mark<\/td>\n<td>1894<\/td>\n<td align=\"center\">7<\/td>\n<td align=\"center\">1<\/td>\n<td align=\"center\">1<\/td>\n<td align=\"center\">7.5<\/td>\n<td align=\"center\">48.0<\/td>\n<td align=\"center\">393.0<\/td>\n<\/tr>\n<tr bgcolor=\"#00FFFF\">\n<td align=\"center\">2.<\/td>\n<td>Sch\u00e4fer,Christian<\/td>\n<td>1636<\/td>\n<td align=\"center\">6<\/td>\n<td align=\"center\">2<\/td>\n<td align=\"center\">1<\/td>\n<td align=\"center\">7.0<\/td>\n<td align=\"center\">50.0<\/td>\n<td align=\"center\">405.0<\/td>\n<\/tr>\n<tr bgcolor=\"#00FFFF\">\n<td align=\"center\">3.<\/td>\n<td>Graf,Rodolfo<\/td>\n<td>1744<\/td>\n<td align=\"center\">5<\/td>\n<td align=\"center\">4<\/td>\n<td align=\"center\">0<\/td>\n<td align=\"center\">7.0<\/td>\n<td align=\"center\">45.0<\/td>\n<td align=\"center\">399.5<\/td>\n<\/tr>\n<tr bgcolor=\"#00FFFF\">\n<td align=\"center\">4.<\/td>\n<td>Drumm,Kurt<\/td>\n<td>1642<\/td>\n<td align=\"center\">5<\/td>\n<td align=\"center\">2<\/td>\n<td align=\"center\">2<\/td>\n<td align=\"center\">6.0<\/td>\n<td align=\"center\">44.5<\/td>\n<td align=\"center\">393.5<\/td>\n<\/tr>\n<tr bgcolor=\"#00FFFF\">\n<td align=\"center\">5.<\/td>\n<td>Lozar,Peter<\/td>\n<td>1685<\/td>\n<td align=\"center\">5<\/td>\n<td align=\"center\">1<\/td>\n<td align=\"center\">3<\/td>\n<td align=\"center\">5.5<\/td>\n<td align=\"center\">49.5<\/td>\n<td align=\"center\">396.0<\/td>\n<\/tr>\n<tr bgcolor=\"#00FFFF\">\n<td align=\"center\">6.<\/td>\n<td>Schultheiss,Walter<\/td>\n<td>1557<\/td>\n<td align=\"center\">4<\/td>\n<td align=\"center\">3<\/td>\n<td align=\"center\">2<\/td>\n<td align=\"center\">5.5<\/td>\n<td align=\"center\">46.5<\/td>\n<td align=\"center\">391.0<\/td>\n<\/tr>\n<tr bgcolor=\"#00FFFF\">\n<td align=\"center\">7.<\/td>\n<td>Kendzior,Uwe<\/td>\n<td>1735<\/td>\n<td align=\"center\">5<\/td>\n<td align=\"center\">0<\/td>\n<td align=\"center\">4<\/td>\n<td align=\"center\">5.0<\/td>\n<td align=\"center\">44.5<\/td>\n<td align=\"center\">379.5<\/td>\n<\/tr>\n<tr bgcolor=\"#00FFFF\">\n<td align=\"center\">8.<\/td>\n<td>Porcher,Michael<\/td>\n<td>1312<\/td>\n<td align=\"center\">4<\/td>\n<td align=\"center\">2<\/td>\n<td align=\"center\">3<\/td>\n<td align=\"center\">5.0<\/td>\n<td align=\"center\">43.5<\/td>\n<td align=\"center\">365.0<\/td>\n<\/tr>\n<tr bgcolor=\"#00FFFF\">\n<td align=\"center\">9.<\/td>\n<td>H\u00e4nsel,Gerhard<\/td>\n<td>1547<\/td>\n<td align=\"center\">4<\/td>\n<td align=\"center\">2<\/td>\n<td align=\"center\">3<\/td>\n<td align=\"center\">5.0<\/td>\n<td align=\"center\">38.5<\/td>\n<td align=\"center\">354.0<\/td>\n<\/tr>\n<tr bgcolor=\"#00FFFF\">\n<td align=\"center\">10.<\/td>\n<td>M\u00fcller,Sascha<\/td>\n<td>1403<\/td>\n<td align=\"center\">3<\/td>\n<td align=\"center\">4<\/td>\n<td align=\"center\">2<\/td>\n<td align=\"center\">5.0<\/td>\n<td align=\"center\">37.5<\/td>\n<td align=\"center\">342.5<\/td>\n<\/tr>\n<tr bgcolor=\"#00FFFF\">\n<td align=\"center\">11.<\/td>\n<td>Wiesen,Marcus<\/td>\n<td>1495<\/td>\n<td align=\"center\">2<\/td>\n<td align=\"center\">5<\/td>\n<td align=\"center\">2<\/td>\n<td align=\"center\">4.5<\/td>\n<td align=\"center\">44.5<\/td>\n<td align=\"center\">374.0<\/td>\n<\/tr>\n<tr bgcolor=\"#00FFFF\">\n<td align=\"center\">12.<\/td>\n<td>Porcher,Ernst<\/td>\n<td>1461<\/td>\n<td align=\"center\">3<\/td>\n<td align=\"center\">3<\/td>\n<td align=\"center\">3<\/td>\n<td align=\"center\">4.5<\/td>\n<td align=\"center\">40.0<\/td>\n<td align=\"center\">368.5<\/td>\n<\/tr>\n<tr bgcolor=\"#00FFFF\">\n<td align=\"center\">13.<\/td>\n<td>Schwabe,Tobias<\/td>\n<td>1323<\/td>\n<td align=\"center\">4<\/td>\n<td align=\"center\">1<\/td>\n<td align=\"center\">4<\/td>\n<td align=\"center\">4.5<\/td>\n<td align=\"center\">32.5<\/td>\n<td align=\"center\">316.0<\/td>\n<\/tr>\n<tr bgcolor=\"#00FFFF\">\n<td align=\"center\">14.<\/td>\n<td>Schlemmer,Erwin<\/td>\n<td>1545<\/td>\n<td align=\"center\">4<\/td>\n<td align=\"center\">1<\/td>\n<td align=\"center\">4<\/td>\n<td align=\"center\">4.5<\/td>\n<td align=\"center\">31.5<\/td>\n<td align=\"center\">328.0<\/td>\n<\/tr>\n<tr bgcolor=\"#00FFFF\">\n<td align=\"center\">15.<\/td>\n<td>Schlein,David<\/td>\n<td>1629<\/td>\n<td align=\"center\">2<\/td>\n<td align=\"center\">4<\/td>\n<td align=\"center\">3<\/td>\n<td align=\"center\">4.0<\/td>\n<td align=\"center\">44.0<\/td>\n<td align=\"center\">349.0<\/td>\n<\/tr>\n<tr bgcolor=\"#00FFFF\">\n<td align=\"center\">16.<\/td>\n<td>Stephan,Joachim<\/td>\n<td>1482<\/td>\n<td align=\"center\">4<\/td>\n<td align=\"center\">0<\/td>\n<td align=\"center\">5<\/td>\n<td align=\"center\">4.0<\/td>\n<td align=\"center\">39.5<\/td>\n<td align=\"center\">346.5<\/td>\n<\/tr>\n<tr bgcolor=\"#00FFFF\">\n<td align=\"center\">17.<\/td>\n<td>Dockhorn,Alfred<\/td>\n<td>1634<\/td>\n<td align=\"center\">3<\/td>\n<td align=\"center\">2<\/td>\n<td align=\"center\">4<\/td>\n<td align=\"center\">4.0<\/td>\n<td align=\"center\">39.5<\/td>\n<td align=\"center\">343.5<\/td>\n<\/tr>\n<tr bgcolor=\"#00FFFF\">\n<td align=\"center\">18.<\/td>\n<td>Geiss,J\u00fcrgen<\/td>\n<td>1252<\/td>\n<td align=\"center\">3<\/td>\n<td align=\"center\">2<\/td>\n<td align=\"center\">4<\/td>\n<td align=\"center\">4.0<\/td>\n<td align=\"center\">34.5<\/td>\n<td align=\"center\">332.0<\/td>\n<\/tr>\n<tr bgcolor=\"#00FFFF\">\n<td align=\"center\">19.<\/td>\n<td>Budewitz,Albert<\/td>\n<td>1461<\/td>\n<td align=\"center\">3<\/td>\n<td align=\"center\">0<\/td>\n<td align=\"center\">6<\/td>\n<td align=\"center\">3.0<\/td>\n<td align=\"center\">37.0<\/td>\n<td align=\"center\">327.0<\/td>\n<\/tr>\n<tr bgcolor=\"#00FFFF\">\n<td align=\"center\">20.<\/td>\n<td>Grossmann,Nicolas<\/td>\n<td>1417<\/td>\n<td align=\"center\">2<\/td>\n<td align=\"center\">1<\/td>\n<td align=\"center\">6<\/td>\n<td align=\"center\">2.5<\/td>\n<td align=\"center\">32.0<\/td>\n<td align=\"center\">311.0<\/td>\n<\/tr>\n<tr bgcolor=\"#00FFFF\">\n<td align=\"center\">21.<\/td>\n<td>Geibel,Kurt<\/td>\n<td>1296<\/td>\n<td align=\"center\">2<\/td>\n<td align=\"center\">1<\/td>\n<td align=\"center\">6<\/td>\n<td align=\"center\">2.5<\/td>\n<td align=\"center\">31.5<\/td>\n<td align=\"center\">307.5<\/td>\n<\/tr>\n<tr bgcolor=\"#00FFFF\">\n<td align=\"center\">22.<\/td>\n<td>Burghof, Sigfried<\/td>\n<td>1491<\/td>\n<td align=\"center\">1<\/td>\n<td align=\"center\">3<\/td>\n<td align=\"center\">5<\/td>\n<td align=\"center\">2.5<\/td>\n<td align=\"center\">31.0<\/td>\n<td align=\"center\">313.0<\/td>\n<\/tr>\n<\/tbody>\n<\/table>\n<h2>Bericht zur 9. Runde<\/h2>\n<h3>Mark-Andr\u00e9 Ruppenthal wird zum dritten Mal Vereinsmeister!<\/h3>\n<p style=\"text-align: justify;\">\n<figure id=\"attachment_1504\" aria-describedby=\"caption-attachment-1504\" style=\"width: 300px\" class=\"wp-caption alignright\"><a rel=\"attachment wp-att-1504\" href=\"http:\/\/www.sf-bir.de\/?attachment_id=1504\"><img loading=\"lazy\" decoding=\"async\" class=\"size-medium wp-image-1504\" title=\"Uwe Kendzior - Mark Ruppenthal\" src=\"http:\/\/www.sf-bir.de\/wp-content\/uploads\/vm2005endspiel-300x234.jpg\" alt=\"Uwe Kendzior - Mark Ruppenthal\" width=\"300\" height=\"234\" srcset=\"http:\/\/www.sf-bir.de\/wp-content\/uploads\/vm2005endspiel-300x234.jpg 300w, http:\/\/www.sf-bir.de\/wp-content\/uploads\/vm2005endspiel.jpg 800w\" sizes=\"auto, (max-width: 300px) 100vw, 300px\" \/><\/a><figcaption id=\"caption-attachment-1504\" class=\"wp-caption-text\">Uwe Kendzior - Mark Ruppenthal<\/figcaption><\/figure>\n<p style=\"text-align: justify;\">Einen ungew\u00f6hnlich spannenden neunten und letzten Spieltag erlebten die Birkenfelder Schachfreunde bei der diesj\u00e4hrigen Vereinsmeisterschaft. Vohrjahressieger Mark-Andr\u00e9 Ruppenthal ging zwar auch dieses Jahr \u2013 erwartungsgem\u00e4\u00df- als Favorit ins Rennen um die Meisterschaft, jedoch war seine F\u00fchrung mit 6,5 Punkten keineswegs uneinholbar, hatten doch Christian Sch\u00e4fer und Rodolfo Graf mit jeweils 6 Punkten durchaus noch Chancen den Titel zu erringen. Selbst Peter Lozar, als vierter noch mit 5,5 Punkten hatte noch theoretische Siegchancen. Von den insgesamt elf stattfindenden Partien war die der Verfolger Lozar gegen Graf, sowie die von Ruppenthal gegen Uwe Kendzior, letzterer ebenfalls Mitglied der ersten Mannschaft Birkenfelds, sicherlich die spannendsten. W\u00e4hrend auf allen Partien um die Verbesserung der pers\u00f6nlichen Bilanz gek\u00e4mpft wurde erreichte Christian Sch\u00e4fer einen relativ raschen Sieg \u00fcber Marcus Wiesen und wahrte somit seine Chance auf den Gesamtsieg.<\/p>\n<p style=\"text-align: justify;\">\n<figure id=\"attachment_1505\" aria-describedby=\"caption-attachment-1505\" style=\"width: 448px\" class=\"wp-caption aligncenter\"><a rel=\"attachment wp-att-1505\" href=\"http:\/\/www.sf-bir.de\/?attachment_id=1505\"><img loading=\"lazy\" decoding=\"async\" class=\"size-full wp-image-1505  \" title=\"VM 2005 - Sieger\" src=\"http:\/\/www.sf-bir.de\/wp-content\/uploads\/vm2005treppe.jpg\" alt=\"VM 2005 - Sieger\" width=\"448\" height=\"424\" srcset=\"http:\/\/www.sf-bir.de\/wp-content\/uploads\/vm2005treppe.jpg 800w, http:\/\/www.sf-bir.de\/wp-content\/uploads\/vm2005treppe-300x283.jpg 300w\" sizes=\"auto, (max-width: 448px) 100vw, 448px\" \/><\/a><figcaption id=\"caption-attachment-1505\" class=\"wp-caption-text\">Vorsitzender, Vereins-, Jugend und Seniorenmeister vor der Alten Schule.<\/figcaption><\/figure>\n<p style=\"text-align: justify;\">Ebenfalls seiner Favoritenrolle gerecht wurde Rodolfo Graf mit seinem Sieg \u00fcber Peter Lozar. Uwe Kendzior hielt seine Partie gegen Mark-Andr\u00e9 Ruppenthal trotz leichtem Figurennachteil lange ausgeglichen, so dass bereits \u00fcber einen Stichkampf zwischen den besten dreien spekuliert wurde. Nach langem Kampf konnte jedoch Ruppenthal seinen Bauernvorteil entscheiden nutzen und so den entscheidenden Punkt zum Gewinn der Vereinsmeisterschaft erzielen. Vorsitzender Sacha M\u00fcller gratulierte dem alten und neuen Champion und \u00fcberreichten den Wanderpokal der Schachfreunde neben einem Sachpreis. Seniorenmeister wurde Kurt Drumm gefolgt vom Jugendmeister Ernst-Michael Porcher.<\/p>\n","protected":false},"excerpt":{"rendered":"<p>Die Vereinsmeisterschaft des Jahres 2005 ist mit dem Abschlussturnier am 1. November beendet worden. Durch ein gewonnenes Letztrundenspiel gegen Uwe<\/p>\n","protected":false},"author":1,"featured_media":0,"parent":150,"menu_order":209,"comment_status":"open","ping_status":"open","template":"","meta":{"colormag_page_container_layout":"default_layout","colormag_page_sidebar_layout":"default_layout","ngg_post_thumbnail":0,"footnotes":""},"class_list":["post-1215","page","type-page","status-publish","hentry"],"_links":{"self":[{"href":"http:\/\/www.sf-bir.de\/index.php?rest_route=\/wp\/v2\/pages\/1215","targetHints":{"allow":["GET"]}}],"collection":[{"href":"http:\/\/www.sf-bir.de\/index.php?rest_route=\/wp\/v2\/pages"}],"about":[{"href":"http:\/\/www.sf-bir.de\/index.php?rest_route=\/wp\/v2\/types\/page"}],"author":[{"embeddable":true,"href":"http:\/\/www.sf-bir.de\/index.php?rest_route=\/wp\/v2\/users\/1"}],"replies":[{"embeddable":true,"href":"http:\/\/www.sf-bir.de\/index.php?rest_route=%2Fwp%2Fv2%2Fcomments&post=1215"}],"version-history":[{"count":22,"href":"http:\/\/www.sf-bir.de\/index.php?rest_route=\/wp\/v2\/pages\/1215\/revisions"}],"predecessor-version":[{"id":1509,"href":"http:\/\/www.sf-bir.de\/index.php?rest_route=\/wp\/v2\/pages\/1215\/revisions\/1509"}],"up":[{"embeddable":true,"href":"http:\/\/www.sf-bir.de\/index.php?rest_route=\/wp\/v2\/pages\/150"}],"wp:attachment":[{"href":"http:\/\/www.sf-bir.de\/index.php?rest_route=%2Fwp%2Fv2%2Fmedia&parent=1215"}],"curies":[{"name":"wp","href":"https:\/\/api.w.org\/{rel}","templated":true}]}}