{"id":1212,"date":"2010-12-18T01:40:35","date_gmt":"2010-12-18T00:40:35","guid":{"rendered":"http:\/\/www.sf-bir.de\/?page_id=1212"},"modified":"2011-01-01T23:55:46","modified_gmt":"2011-01-01T22:55:46","slug":"vm-2006","status":"publish","type":"page","link":"http:\/\/www.sf-bir.de\/?page_id=1212","title":{"rendered":"VM 2006"},"content":{"rendered":"<figure id=\"attachment_1474\" aria-describedby=\"caption-attachment-1474\" style=\"width: 300px\" class=\"wp-caption alignleft\"><a rel=\"attachment wp-att-1474\" href=\"http:\/\/www.sf-bir.de\/?attachment_id=1474\"><img loading=\"lazy\" decoding=\"async\" class=\"size-medium wp-image-1474\" title=\"Vereinsmeister Mark-Andr\u00e9 Ruppenthal\" src=\"http:\/\/www.sf-bir.de\/wp-content\/uploads\/VM2006-Siegerehrung-300x213.jpg\" alt=\"Vereinsmeister Mark-Andr\u00e9 Ruppenthal\" width=\"300\" height=\"213\" srcset=\"http:\/\/www.sf-bir.de\/wp-content\/uploads\/VM2006-Siegerehrung-300x213.jpg 300w, http:\/\/www.sf-bir.de\/wp-content\/uploads\/VM2006-Siegerehrung.jpg 800w\" sizes=\"auto, (max-width: 300px) 100vw, 300px\" \/><\/a><figcaption id=\"caption-attachment-1474\" class=\"wp-caption-text\">Vereinsmeister Mark-Andr\u00e9 Ruppenthal bei der Pokal\u00fcbergabe durch Sacha M\u00fcller.<\/figcaption><\/figure>\n<p style=\"text-align: justify;\">Nachfolgend die Tabelle, eine &#8222;Fortschrittstabelle&#8220; (mit den Ergebnissen jeder Runde) und ein Bericht zur letzten Runde der Vereinsmeisterschaft 2006.<\/p>\n<p style=\"text-align: justify;\">Im Bericht am Ende dieser Seite finden sich auch Informationen zur Mitgliederversammlung der Schachfreunde, die am gleichen Tag stattfand. Ebenso zum Blitzturnier, dass im Anschluss an die letzte Runde der Vereinsmeisterschaft noch ausgetragen wurde.<\/p>\n<p style=\"text-align: justify;\">\n<p style=\"text-align: justify;\">\n<figure id=\"attachment_1475\" aria-describedby=\"caption-attachment-1475\" style=\"width: 448px\" class=\"wp-caption aligncenter\"><a rel=\"attachment wp-att-1475\" href=\"http:\/\/www.sf-bir.de\/?attachment_id=1475\"><img loading=\"lazy\" decoding=\"async\" class=\"size-full wp-image-1475  \" title=\"VM 2006 Podium\" src=\"http:\/\/www.sf-bir.de\/wp-content\/uploads\/VM2006-Podium.jpg\" alt=\"VM 2006 Podium\" width=\"448\" height=\"366\" srcset=\"http:\/\/www.sf-bir.de\/wp-content\/uploads\/VM2006-Podium.jpg 800w, http:\/\/www.sf-bir.de\/wp-content\/uploads\/VM2006-Podium-300x244.jpg 300w\" sizes=\"auto, (max-width: 448px) 100vw, 448px\" \/><\/a><figcaption id=\"caption-attachment-1475\" class=\"wp-caption-text\">v.l. Uwe Kendzior, Mark-Andr\u00e9 Ruppenthal und Rodolfo Graf.<\/figcaption><\/figure>\n<h2>Endstand der Vereinsmeisterschaft 2006<\/h2>\n<table border=\"1\" cellspacing=\"0\" cellpadding=\"1\" width=\"70%\" bordercolor=\"#000000\">\n<tbody>\n<tr>\n<th colspan=\"11\">Rangliste:  Stand nach der 9. Runde<\/th>\n<\/tr>\n<tr bgcolor=\"#00FF00\">\n<th>Nr.<\/th>\n<th>Teilnehmer<\/th>\n<th>DWZ<\/th>\n<th>G<\/th>\n<th>S<\/th>\n<th>R<\/th>\n<th>V<\/th>\n<th>Punkte<\/th>\n<th>Buchh<\/th>\n<th>BuSumm<\/th>\n<\/tr>\n<tr bgcolor=\"#00FFFF\">\n<td align=\"center\">1.<\/td>\n<td>Ruppenthal,Mark<\/td>\n<td align=\"center\">1913<\/td>\n<td align=\"center\">9<\/td>\n<td align=\"center\">7<\/td>\n<td align=\"center\">2<\/td>\n<td align=\"center\">0<\/td>\n<td align=\"center\">8.0<\/td>\n<td align=\"center\">47.5<\/td>\n<td align=\"center\">406.5<\/td>\n<\/tr>\n<tr bgcolor=\"#00FFFF\">\n<td align=\"center\">2.<\/td>\n<td>Kendzior,Uwe<\/td>\n<td align=\"center\">1662<\/td>\n<td align=\"center\">9<\/td>\n<td align=\"center\">5<\/td>\n<td align=\"center\">3<\/td>\n<td align=\"center\">1<\/td>\n<td align=\"center\">6.5<\/td>\n<td align=\"center\">48.0<\/td>\n<td align=\"center\">398.0<\/td>\n<\/tr>\n<tr bgcolor=\"#00FFFF\">\n<td align=\"center\">3.<\/td>\n<td>Graf,Rodolfo<\/td>\n<td align=\"center\">1737<\/td>\n<td align=\"center\">9<\/td>\n<td align=\"center\">5<\/td>\n<td align=\"center\">2<\/td>\n<td align=\"center\">2<\/td>\n<td align=\"center\">6.0<\/td>\n<td align=\"center\">49.5<\/td>\n<td align=\"center\">398.5<\/td>\n<\/tr>\n<tr bgcolor=\"#00FFFF\">\n<td align=\"center\">4.<\/td>\n<td>Wiesen,Marcus<\/td>\n<td align=\"center\">1545<\/td>\n<td align=\"center\">9<\/td>\n<td align=\"center\">3<\/td>\n<td align=\"center\">5<\/td>\n<td align=\"center\">1<\/td>\n<td align=\"center\">5.5<\/td>\n<td align=\"center\">48.5<\/td>\n<td align=\"center\">383.0<\/td>\n<\/tr>\n<tr bgcolor=\"#00FFFF\">\n<td align=\"center\">5.<\/td>\n<td>Gubin,Alxei<\/td>\n<td align=\"center\">1448<\/td>\n<td align=\"center\">9<\/td>\n<td align=\"center\">5<\/td>\n<td align=\"center\">1<\/td>\n<td align=\"center\">3<\/td>\n<td align=\"center\">5.5<\/td>\n<td align=\"center\">48.0<\/td>\n<td align=\"center\">398.0<\/td>\n<\/tr>\n<tr bgcolor=\"#00FFFF\">\n<td align=\"center\">6.<\/td>\n<td>Lozar,Peter<\/td>\n<td align=\"center\">1750<\/td>\n<td align=\"center\">9<\/td>\n<td align=\"center\">5<\/td>\n<td align=\"center\">1<\/td>\n<td align=\"center\">3<\/td>\n<td align=\"center\">5.5<\/td>\n<td align=\"center\">46.5<\/td>\n<td align=\"center\">365.0<\/td>\n<\/tr>\n<tr bgcolor=\"#00FFFF\">\n<td align=\"center\">7.<\/td>\n<td>Sch\u00e4fer,Christian<\/td>\n<td align=\"center\">1709<\/td>\n<td align=\"center\">9<\/td>\n<td align=\"center\">4<\/td>\n<td align=\"center\">3<\/td>\n<td align=\"center\">2<\/td>\n<td align=\"center\">5.5<\/td>\n<td align=\"center\">46.0<\/td>\n<td align=\"center\">371.5<\/td>\n<\/tr>\n<tr bgcolor=\"#00FFFF\">\n<td align=\"center\">8.<\/td>\n<td>Schultheiss,Walter<\/td>\n<td align=\"center\">1577<\/td>\n<td align=\"center\">9<\/td>\n<td align=\"center\">4<\/td>\n<td align=\"center\">3<\/td>\n<td align=\"center\">2<\/td>\n<td align=\"center\">5.5<\/td>\n<td align=\"center\">39.5<\/td>\n<td align=\"center\">347.0<\/td>\n<\/tr>\n<tr bgcolor=\"#00FFFF\">\n<td align=\"center\">9.<\/td>\n<td>Schwabe,Tobias<\/td>\n<td align=\"center\">1422<\/td>\n<td align=\"center\">9<\/td>\n<td align=\"center\">3<\/td>\n<td align=\"center\">4<\/td>\n<td align=\"center\">2<\/td>\n<td align=\"center\">5.0<\/td>\n<td align=\"center\">39.5<\/td>\n<td align=\"center\">334.0<\/td>\n<\/tr>\n<tr bgcolor=\"#00FFFF\">\n<td align=\"center\">10.<\/td>\n<td>Dockhorn,Alfred<\/td>\n<td align=\"center\">1576<\/td>\n<td align=\"center\">9<\/td>\n<td align=\"center\">4<\/td>\n<td align=\"center\">2<\/td>\n<td align=\"center\">3<\/td>\n<td align=\"center\">5.0<\/td>\n<td align=\"center\">38.5<\/td>\n<td align=\"center\">336.5<\/td>\n<\/tr>\n<tr bgcolor=\"#00FFFF\">\n<td align=\"center\">11.<\/td>\n<td>H\u00e4nsel,Gerhard<\/td>\n<td align=\"center\">1587<\/td>\n<td align=\"center\">9<\/td>\n<td align=\"center\">4<\/td>\n<td align=\"center\">1<\/td>\n<td align=\"center\">4<\/td>\n<td align=\"center\">4.5<\/td>\n<td align=\"center\">43.0<\/td>\n<td align=\"center\">356.0<\/td>\n<\/tr>\n<tr bgcolor=\"#00FFFF\">\n<td align=\"center\">12.<\/td>\n<td>Porcher,Ernst<\/td>\n<td align=\"center\">1625<\/td>\n<td align=\"center\">9<\/td>\n<td align=\"center\">4<\/td>\n<td align=\"center\">1<\/td>\n<td align=\"center\">4<\/td>\n<td align=\"center\">4.5<\/td>\n<td align=\"center\">41.5<\/td>\n<td align=\"center\">343.0<\/td>\n<\/tr>\n<tr bgcolor=\"#00FFFF\">\n<td align=\"center\">13.<\/td>\n<td>Grossmann,Nicolas<\/td>\n<td align=\"center\">1318<\/td>\n<td align=\"center\">9<\/td>\n<td align=\"center\">3<\/td>\n<td align=\"center\">3<\/td>\n<td align=\"center\">3<\/td>\n<td align=\"center\">4.5<\/td>\n<td align=\"center\">30.5<\/td>\n<td align=\"center\">276.5<\/td>\n<\/tr>\n<tr bgcolor=\"#00FFFF\">\n<td align=\"center\">14.<\/td>\n<td>Porcher,Michael<\/td>\n<td align=\"center\">1320<\/td>\n<td align=\"center\">9<\/td>\n<td align=\"center\">2<\/td>\n<td align=\"center\">4<\/td>\n<td align=\"center\">3<\/td>\n<td align=\"center\">4.0<\/td>\n<td align=\"center\">30.0<\/td>\n<td align=\"center\">296.5<\/td>\n<\/tr>\n<tr bgcolor=\"#00FFFF\">\n<td align=\"center\">15.<\/td>\n<td>M\u00fcller,Sacha<\/td>\n<td align=\"center\">1458<\/td>\n<td align=\"center\">9<\/td>\n<td align=\"center\">3<\/td>\n<td align=\"center\">1<\/td>\n<td align=\"center\">5<\/td>\n<td align=\"center\">3.5<\/td>\n<td align=\"center\">39.0<\/td>\n<td align=\"center\">321.5<\/td>\n<\/tr>\n<tr bgcolor=\"#00FFFF\">\n<td align=\"center\">16.<\/td>\n<td>Burghof,Sigfried<\/td>\n<td align=\"center\">1468<\/td>\n<td align=\"center\">9<\/td>\n<td align=\"center\">2<\/td>\n<td align=\"center\">3<\/td>\n<td align=\"center\">4<\/td>\n<td align=\"center\">3.5<\/td>\n<td align=\"center\">39.0<\/td>\n<td align=\"center\">308.5<\/td>\n<\/tr>\n<tr bgcolor=\"#00FFFF\">\n<td align=\"center\">17.<\/td>\n<td>Stephan,Joachim<\/td>\n<td align=\"center\">1363<\/td>\n<td align=\"center\">9<\/td>\n<td align=\"center\">2<\/td>\n<td align=\"center\">2<\/td>\n<td align=\"center\">5<\/td>\n<td align=\"center\">3.0<\/td>\n<td align=\"center\">36.0<\/td>\n<td align=\"center\">311.0<\/td>\n<\/tr>\n<tr bgcolor=\"#00FFFF\">\n<td align=\"center\">18.<\/td>\n<td>M\u00fcller,Dirk<\/td>\n<td align=\"center\"><\/td>\n<td align=\"center\">9<\/td>\n<td align=\"center\">1<\/td>\n<td align=\"center\">4<\/td>\n<td align=\"center\">4<\/td>\n<td align=\"center\">3.0<\/td>\n<td align=\"center\">32.5<\/td>\n<td align=\"center\">276.5<\/td>\n<\/tr>\n<\/tbody>\n<\/table>\n<h2>Fortschrittstabelle<\/h2>\n<table border=\"1\" cellspacing=\"0\" cellpadding=\"1\" width=\"70%\" bordercolor=\"#000000\">\n<tbody>\n<tr>\n<th colspan=\"21\"> Fortschrittstabelle nach der neunten Runde<\/th>\n<\/tr>\n<tr bgcolor=\"#00FF00\">\n<th>Nr.<\/th>\n<th>Teilnehmer<\/th>\n<th>Pkt.<\/th>\n<th>1<\/th>\n<th>2<\/th>\n<th>3<\/th>\n<th>4<\/th>\n<th>5<\/th>\n<th>6<\/th>\n<th>7<\/th>\n<th>8<\/th>\n<th>9<\/th>\n<\/tr>\n<tr align=\"center\" bgcolor=\"#00FFFF\">\n<td align=\"right\">1.<\/td>\n<td align=\"left\">Ruppenthal,Mark<\/td>\n<td>8.0<\/td>\n<td>11W1<\/td>\n<td>7S1<\/td>\n<td>4W1<\/td>\n<td>3S1<\/td>\n<td>2S\u00bd<\/td>\n<td>5W1<\/td>\n<td>10S\u00bd<\/td>\n<td>19W1<\/td>\n<td>16S1<\/td>\n<\/tr>\n<tr align=\"center\" bgcolor=\"#00FFFF\">\n<td align=\"right\">2.<\/td>\n<td align=\"left\">Graf,Rodolfo<\/td>\n<td>6.0<\/td>\n<td>12S1<\/td>\n<td>9w=<\/td>\n<td>19W1<\/td>\n<td>6S1<\/td>\n<td>1W\u00bd<\/td>\n<td>4S0<\/td>\n<td>8W1<\/td>\n<td>3W0<\/td>\n<td>10S1<\/td>\n<\/tr>\n<tr align=\"center\" bgcolor=\"#00FFFF\">\n<td align=\"right\">3.<\/td>\n<td align=\"left\">Kendzior,Uwe<\/td>\n<td>6.5<\/td>\n<td>13W1<\/td>\n<td>10S\u00bd<\/td>\n<td>9W1<\/td>\n<td>1W0<\/td>\n<td>7S1<\/td>\n<td>8S1<\/td>\n<td>4W\u00bd<\/td>\n<td>2S1<\/td>\n<td>5W\u00bd<\/td>\n<\/tr>\n<tr align=\"center\" bgcolor=\"#00FFFF\">\n<td align=\"right\">4.<\/td>\n<td align=\"left\">Lozar,Peter<\/td>\n<td>5.5<\/td>\n<td>14S1<\/td>\n<td>23W1<\/td>\n<td>1S0<\/td>\n<td>12S1<\/td>\n<td>6W1<\/td>\n<td>2W1<\/td>\n<td>3S\u00bd<\/td>\n<td>10W0<\/td>\n<td>19S0<\/td>\n<\/tr>\n<tr align=\"center\" bgcolor=\"#00FFFF\">\n<td align=\"right\">5.<\/td>\n<td align=\"left\">Sch\u00e4fer,Christian<\/td>\n<td>5.5<\/td>\n<td>15W1<\/td>\n<td>19S0<\/td>\n<td>10W\u00bd<\/td>\n<td>22s+<\/td>\n<td>11S1<\/td>\n<td>1S0<\/td>\n<td>16W\u00bd<\/td>\n<td>6W1<\/td>\n<td>3S\u00bd<\/td>\n<\/tr>\n<tr align=\"center\" bgcolor=\"#00FFFF\">\n<td align=\"right\">6.<\/td>\n<td align=\"left\">Dockhorn,Alfred<\/td>\n<td>5.0<\/td>\n<td>16S\u00bd<\/td>\n<td>w+<\/td>\n<td>22W1<\/td>\n<td>2W0<\/td>\n<td>4S0<\/td>\n<td>11W\u00bd<\/td>\n<td>14s+<\/td>\n<td>5S0<\/td>\n<td>12W1<\/td>\n<\/tr>\n<tr align=\"center\" bgcolor=\"#00FFFF\">\n<td align=\"right\">7.<\/td>\n<td align=\"left\">Porcher,Ernst<\/td>\n<td>4.5<\/td>\n<td>18S1<\/td>\n<td>1W0<\/td>\n<td>16S\u00bd<\/td>\n<td>15W1<\/td>\n<td>3W0<\/td>\n<td>19s-<\/td>\n<td>11s+<\/td>\n<td>8S0<\/td>\n<td>13S1<\/td>\n<\/tr>\n<tr align=\"center\" bgcolor=\"#00FFFF\">\n<td align=\"right\">8.<\/td>\n<td align=\"left\">H\u00e4nsel,Gerhard<\/td>\n<td>4.5<\/td>\n<td>19W0<\/td>\n<td>17S1<\/td>\n<td>14W1<\/td>\n<td>13S1<\/td>\n<td>10S\u00bd<\/td>\n<td>3W0<\/td>\n<td>2S0<\/td>\n<td>7W1<\/td>\n<td>9S0<\/td>\n<\/tr>\n<tr align=\"center\" bgcolor=\"#00FFFF\">\n<td align=\"right\">9.<\/td>\n<td align=\"left\">Schultheiss,Walter<\/td>\n<td>5.5<\/td>\n<td>21W1<\/td>\n<td>2s=<\/td>\n<td>3S0<\/td>\n<td>20W1<\/td>\n<td>12S1<\/td>\n<td>10W\u00bd<\/td>\n<td>19S\u00bd<\/td>\n<td>16S0<\/td>\n<td>8W1<\/td>\n<\/tr>\n<tr align=\"center\" bgcolor=\"#00FFFF\">\n<td align=\"right\">10.<\/td>\n<td align=\"left\">Wiesen,Marcus<\/td>\n<td>5.5<\/td>\n<td>w+<\/td>\n<td>3W\u00bd<\/td>\n<td>5S\u00bd<\/td>\n<td>19S1<\/td>\n<td>8W\u00bd<\/td>\n<td>9S\u00bd<\/td>\n<td>1W\u00bd<\/td>\n<td>4S1<\/td>\n<td>2W0<\/td>\n<\/tr>\n<tr align=\"center\" bgcolor=\"#00FFFF\">\n<td align=\"right\">11.<\/td>\n<td align=\"left\">Burghof,Sigfried<\/td>\n<td>3.5<\/td>\n<td>1S0<\/td>\n<td>18w+<\/td>\n<td>20w=<\/td>\n<td>16W1<\/td>\n<td>5W0<\/td>\n<td>6S\u00bd<\/td>\n<td>7w-<\/td>\n<td>12S\u00bd<\/td>\n<td>15w-<\/td>\n<\/tr>\n<tr align=\"center\" bgcolor=\"#00FFFF\">\n<td align=\"right\">12.<\/td>\n<td align=\"left\">M\u00fcller,Sascha<\/td>\n<td>3.5<\/td>\n<td>2W0<\/td>\n<td>15S1<\/td>\n<td>23S1<\/td>\n<td>4W0<\/td>\n<td>9W0<\/td>\n<td>14S0<\/td>\n<td>22S1<\/td>\n<td>11W\u00bd<\/td>\n<td>6S0<\/td>\n<\/tr>\n<tr align=\"center\" bgcolor=\"#00FFFF\">\n<td align=\"right\">13.<\/td>\n<td align=\"left\">Stephan,Joachim<\/td>\n<td>3.0<\/td>\n<td>3S0<\/td>\n<td>w+<\/td>\n<td>w+<\/td>\n<td>8W0<\/td>\n<td>19W0<\/td>\n<td>16s-<\/td>\n<td>15S\u00bd<\/td>\n<td>22w=<\/td>\n<td>7W0<\/td>\n<\/tr>\n<tr align=\"center\" bgcolor=\"#00FFFF\">\n<td align=\"right\">14.<\/td>\n<td align=\"left\">Grossmann,Nicolas<\/td>\n<td>4.5<\/td>\n<td>4W0<\/td>\n<td>21s+<\/td>\n<td>8S0<\/td>\n<td>17w=<\/td>\n<td>23w=<\/td>\n<td>12W1<\/td>\n<td>6w-<\/td>\n<td>15S\u00bd<\/td>\n<td>22W1<\/td>\n<\/tr>\n<tr align=\"center\" bgcolor=\"#00FFFF\">\n<td align=\"right\">15.<\/td>\n<td align=\"left\">Porcher,Michael<\/td>\n<td>4.0<\/td>\n<td>5S0<\/td>\n<td>12W0<\/td>\n<td>21s+<\/td>\n<td>7S0<\/td>\n<td>w=<\/td>\n<td>22w=<\/td>\n<td>13W\u00bd<\/td>\n<td>14W\u00bd<\/td>\n<td>11s+<\/td>\n<\/tr>\n<tr align=\"center\" bgcolor=\"#00FFFF\">\n<td align=\"right\">16.<\/td>\n<td align=\"left\">Schwabe,Tobias<\/td>\n<td>5.0<\/td>\n<td>6W\u00bd<\/td>\n<td>22S\u00bd<\/td>\n<td>7W\u00bd<\/td>\n<td>11S0<\/td>\n<td>s+<\/td>\n<td>13w+<\/td>\n<td>5S\u00bd<\/td>\n<td>9W1<\/td>\n<td>1W0<\/td>\n<\/tr>\n<tr align=\"center\" bgcolor=\"#00FFFF\">\n<td align=\"right\">17.<\/td>\n<td align=\"left\">Geiss,J\u00fcrgen<\/td>\n<td>2.0<\/td>\n<td>s=<\/td>\n<td>8W0<\/td>\n<td>s=<\/td>\n<td>14s=<\/td>\n<td>20s=<\/td>\n<td><\/td>\n<td><\/td>\n<td><\/td>\n<td><\/td>\n<\/tr>\n<tr align=\"center\" bgcolor=\"#00FFFF\">\n<td align=\"right\">18.<\/td>\n<td align=\"left\">Muster,Frank<\/td>\n<td>1.5<\/td>\n<td>7W0<\/td>\n<td>11s-<\/td>\n<td>s=<\/td>\n<td>s=<\/td>\n<td>21s=<\/td>\n<td><\/td>\n<td><\/td>\n<td><\/td>\n<td><\/td>\n<\/tr>\n<tr align=\"center\" bgcolor=\"#00FFFF\">\n<td align=\"right\">19.<\/td>\n<td align=\"left\">Gubin,Aleksej<\/td>\n<td>5.5<\/td>\n<td>8S1<\/td>\n<td>5W1<\/td>\n<td>2S0<\/td>\n<td>10W0<\/td>\n<td>13S1<\/td>\n<td>7w+<\/td>\n<td>9W\u00bd<\/td>\n<td>1S0<\/td>\n<td>4W1<\/td>\n<\/tr>\n<tr align=\"center\" bgcolor=\"#00FFFF\">\n<td align=\"right\">20.<\/td>\n<td align=\"left\">Lindow,Mark-A.<\/td>\n<td>2.0<\/td>\n<td>w=<\/td>\n<td>s=<\/td>\n<td>11s=<\/td>\n<td>9S0<\/td>\n<td>17w=<\/td>\n<td><\/td>\n<td><\/td>\n<td><\/td>\n<td><\/td>\n<\/tr>\n<tr align=\"center\" bgcolor=\"#00FFFF\">\n<td align=\"right\">21.<\/td>\n<td align=\"left\">Maul,Christopher<\/td>\n<td>1.0<\/td>\n<td>9S0<\/td>\n<td>14w-<\/td>\n<td>15w-<\/td>\n<td>w=<\/td>\n<td>18w=<\/td>\n<td><\/td>\n<td><\/td>\n<td><\/td>\n<td><\/td>\n<\/tr>\n<tr align=\"center\" bgcolor=\"#00FFFF\">\n<td align=\"right\">22.<\/td>\n<td align=\"left\">M\u00fcller,Dirk<\/td>\n<td>3.0<\/td>\n<td>w+<\/td>\n<td>16W\u00bd<\/td>\n<td>6S0<\/td>\n<td>5w-<\/td>\n<td>s=<\/td>\n<td>15s=<\/td>\n<td>12W0<\/td>\n<td>13s=<\/td>\n<td>14S0<\/td>\n<\/tr>\n<tr align=\"center\" bgcolor=\"#00FFFF\">\n<td align=\"right\">23.<\/td>\n<td align=\"left\">Schramm,Daniel<\/td>\n<td>2.0<\/td>\n<td>w+<\/td>\n<td>4S0<\/td>\n<td>12W0<\/td>\n<td>s=<\/td>\n<td>14s=<\/td>\n<td><\/td>\n<td><\/td>\n<td><\/td>\n<td><\/td>\n<\/tr>\n<\/tbody>\n<\/table>\n<h2>Bericht zur letzten Runde der Vereinsmeisterschaft<\/h2>\n<h3>Mark-Andre Ruppenthal zum 4.Mal Vereinsmeister<\/h3>\n<p style=\"text-align: justify;\">Am 01.11.2006 trafen sich die Schachfreunde Birkenfeld zu ihrer Mitgliederversammlung.<\/p>\n<p style=\"text-align: justify;\">Anschlie\u00dfend wurde die letzte Runde der Vereinsmeisterschaft ausgespielt. Veranstaltungsort waren in diesem Jahr zum ersten Mal die R\u00e4umlichkeiten der Arbeiterwohlfahrt.<\/p>\n<p style=\"text-align: justify;\">Die Mitgliederversammlung beinhaltete die Berichte der Vorstandsmitglieder sowie die Neuwahl des Vorstandes. Der Vorsitzende des Vereins Sacha M\u00fcller berichtete \u00fcber die T\u00e4tigkeiten des Vorstandes im letzten Jahr und die allgemeine Situation des Vereins. Kritisch merkte er an, dass die Mitgliederentwicklung f\u00fcr den Verein besorgniserregend ist und der Verein aus verschiedenen Gr\u00fcnden immer mehr Mitglieder verliert. Die Mitgliederentwicklung ist auch der Grund daf\u00fcr, dass im Vergleich zum letzten Jahr eine Mannschaft vom Spielbetrieb zur\u00fcckgezogen wurde. Aktuell nehmen noch 3 Mannschaften des Vereins am Spielbetrieb des pf\u00e4lzischen Schachbundes teil. Danach erfolgte der Kassenbericht des Schatzmeisters Christian Sch\u00e4fer, der einen zufrieden stellenden Kassenstand bekannt gab. Die Kassenpr\u00fcfer Marcus Wiesen und Kurt Geibel bescheinigten dem Schatzmeister eine einwandfreie Kassenf\u00fchrung. Mark-Andre Ruppenthal, der Jugendwart, erw\u00e4hnte in seinem Bericht die besorgniserregende Lage der Jugend im Verein. Der Verein hat erhebliche Nachwuchsprobleme, die beseitigt werden sollen. Nach den Berichten der Vorstandsmitglieder wurde der Vorstand, auf Vorschlag der Versammlung, einstimmig entlastet. Bei den Vorstandswahlen wurde der aktuelle Vorstand jeweils einstimmig im Amt best\u00e4tigt. Der Vorstand hat jetzt f\u00fcr die kommende 2 j\u00e4hrige Amtszeit folgende Zusammensetzung:<\/p>\n<ul>\n<li>1.Vorsitzender: Sacha M\u00fcller<\/li>\n<li>2.Vorsitzender: Tobias Schwabe<\/li>\n<li>1.Kassierer: Christian Sch\u00e4fer<\/li>\n<li>2.Kassierer: Helmut Knoll<\/li>\n<li>Jugendwart: Mark-Andre Ruppenthal<\/li>\n<li>Materialwart: Michael Porcher<\/li>\n<\/ul>\n<p style=\"text-align: justify;\">Zus\u00e4tzlich wurde Marcus Wiesen damit beauftragt die Homepage des Vereins zu pflegen. Die Presse- und \u00d6ffentlichkeitsarbeit des Vereins wurde auf mehrere Schultern verteilt.<\/p>\n<p style=\"text-align: justify;\">Nach dem Ende der Mitgliederversammlung \u201eschritten\u201c die Schachfreunde zur Ermittlung ihres Vereinsmeisters. Die Ausgangslage war vor Beginn der letzten Runde schon mehr als deutlich. Marc-Andre Ruppenthal hatte bereits einen Punkt Vorsprung auf seinen \u00e4rgsten Verfolger Uwe Kendzior. Dies bedeutete, dass Kendzior gegen Christian Sch\u00e4fer gewinnen und auf eine gleichzeitige Niederlage von Ruppenthal gegen Tobias Schwabe hoffen m\u00fcsste, um \u00fcberhaupt einen Stichkampf erreichen zu k\u00f6nnen, der im direkten Duell dann \u00fcber den Titel entscheiden w\u00fcrde. Die anderen Partien hatte keine entscheidende Bedeutung f\u00fcr den Ausgang im Titelduell. Der letzte Podestplatz war jedoch noch vakant und noch eine gro\u00dfe Anzahl von Spielern hatte noch theoretische Chancen diesen zu erreichen. Auch um die im Klassement hinteren R\u00e4nge wurde noch mal verbissen gek\u00e4mpft. Mit dem Ausgang der ersten Partie war dem Wettkampf aber schon die gr\u00f6\u00dfte Spannung genommen. Mark-Andre Ruppenthal besiegte Tobias Schwabe, was ihm den vierten Vereinsmeistertitel seiner Karriere bescherte. Damit ist Ruppenthal auch der erste Akteur der seinen Titel verteidigen konnte. Auch das Ergebnis der n\u00e4chsten Partie schaffte Klarheit f\u00fcr die Verteilung der vorderen Pl\u00e4tze im Klassement. Rodolfo Graf konnte Marcus Wiesen bezwingen, wodurch er das Podium erreichte. Die Platzierung von Graf war jedoch noch vom Ergebnis der Partie Kendzior gegen Sch\u00e4fer abh\u00e4ngig. Nachdem nun selbst die letzte theoretische Chance auf die Meister nicht mehr existierte einigten sich Sch\u00e4fer und Kendzior auf ein Remis. Dieses Resultat bedeutete f\u00fcr Kendzior den zweiten Rang in der Gesamtwertung vor Graf. Einen \u00fcberraschenden Sieg landete Aleksej Gubin gegen den favorisierten Peter Lozar, wodurch Gubin ebenso \u00fcberraschend Platz 5 in der Gesamtwertung erreichte. Die anderen Partien endeten ohne \u00dcberraschungen. Nicolas Gro\u00dfmann gewann seine Partie gegen Dirk M\u00fcller. Alfred Dockhorn bezwang den Vereinsvorsitzenden Sacha M\u00fcller und Ernst-Michael Porcher war gegen Joachim Stephan erfolgreich. Au\u00dferdem hatte in einer vorgespielten Partie Walter Schulthei\u00df gegen Gerhard H\u00e4nsel gewonnen. Michael Porcher errang in der letzten Runde des Turniers durch die Abwesenheit seines Gegners einen kampflosen Punkt.<\/p>\n<p style=\"text-align: justify;\">Im abschlie\u00dfenden Turnier um den Titel des Vereinsmeisters im Blitzschach setzte sich mit Mark-Andre Ruppenthal der favorisierte Spieler durch. Die R\u00e4nge 2 und 3 belegten Christian Sch\u00e4fer und Rodolfo Graf.<\/p>\n","protected":false},"excerpt":{"rendered":"<p>Nachfolgend die Tabelle, eine &#8222;Fortschrittstabelle&#8220; (mit den Ergebnissen jeder Runde) und ein Bericht zur letzten Runde der Vereinsmeisterschaft 2006. Im<\/p>\n","protected":false},"author":1,"featured_media":0,"parent":150,"menu_order":210,"comment_status":"open","ping_status":"open","template":"","meta":{"colormag_page_container_layout":"default_layout","colormag_page_sidebar_layout":"default_layout","ngg_post_thumbnail":0,"footnotes":""},"class_list":["post-1212","page","type-page","status-publish","hentry"],"_links":{"self":[{"href":"http:\/\/www.sf-bir.de\/index.php?rest_route=\/wp\/v2\/pages\/1212","targetHints":{"allow":["GET"]}}],"collection":[{"href":"http:\/\/www.sf-bir.de\/index.php?rest_route=\/wp\/v2\/pages"}],"about":[{"href":"http:\/\/www.sf-bir.de\/index.php?rest_route=\/wp\/v2\/types\/page"}],"author":[{"embeddable":true,"href":"http:\/\/www.sf-bir.de\/index.php?rest_route=\/wp\/v2\/users\/1"}],"replies":[{"embeddable":true,"href":"http:\/\/www.sf-bir.de\/index.php?rest_route=%2Fwp%2Fv2%2Fcomments&post=1212"}],"version-history":[{"count":14,"href":"http:\/\/www.sf-bir.de\/index.php?rest_route=\/wp\/v2\/pages\/1212\/revisions"}],"predecessor-version":[{"id":1472,"href":"http:\/\/www.sf-bir.de\/index.php?rest_route=\/wp\/v2\/pages\/1212\/revisions\/1472"}],"up":[{"embeddable":true,"href":"http:\/\/www.sf-bir.de\/index.php?rest_route=\/wp\/v2\/pages\/150"}],"wp:attachment":[{"href":"http:\/\/www.sf-bir.de\/index.php?rest_route=%2Fwp%2Fv2%2Fmedia&parent=1212"}],"curies":[{"name":"wp","href":"https:\/\/api.w.org\/{rel}","templated":true}]}}